{"id":8787,"date":"2025-01-14T10:57:52","date_gmt":"2025-01-14T10:57:52","guid":{"rendered":"\/fr\/dakar-2026\/?page_id=8787"},"modified":"2026-02-07T14:05:42","modified_gmt":"2026-02-07T14:05:42","slug":"mascotte-officielle","status":"publish","type":"page","link":"\/fr\/dakar-2026\/mascotte-officielle\/","title":{"rendered":"Mascotte officielle"},"content":{"rendered":"\t\t<div data-elementor-type=\"wp-page\" data-elementor-id=\"8787\" class=\"elementor elementor-8787\" data-elementor-post-type=\"page\">\n\t\t\t\t\t\t<section class=\"elementor-section elementor-top-section elementor-element elementor-element-ebfea13 elementor-section-boxed elementor-section-height-default elementor-section-height-default\" data-id=\"ebfea13\" data-element_type=\"section\" data-e-type=\"section\">\n\t\t\t\t\t\t<div class=\"elementor-container elementor-column-gap-default\">\n\t\t\t\t\t<div class=\"elementor-column elementor-col-100 elementor-top-column elementor-element elementor-element-18d2a6f\" data-id=\"18d2a6f\" data-element_type=\"column\" data-e-type=\"column\">\n\t\t\t<div class=\"elementor-widget-wrap elementor-element-populated\">\n\t\t\t\t\t\t<div class=\"elementor-element elementor-element-bab2469 elementor-widget elementor-widget-heading\" data-id=\"bab2469\" data-element_type=\"widget\" data-e-type=\"widget\" data-widget_type=\"heading.default\">\n\t\t\t\t<div class=\"elementor-widget-container\">\n\t\t\t\t\t<h2 class=\"elementor-heading-title elementor-size-default\">MASCOTTE OFFICIELLE DAKAR 2026<\/h2>\t\t\t\t<\/div>\n\t\t\t\t<\/div>\n\t\t\t\t\t<\/div>\n\t\t<\/div>\n\t\t\t\t\t<\/div>\n\t\t<\/section>\n\t\t\t\t<section class=\"elementor-section elementor-top-section elementor-element elementor-element-9f5479f elementor-section-boxed elementor-section-height-default elementor-section-height-default\" data-id=\"9f5479f\" data-element_type=\"section\" data-e-type=\"section\">\n\t\t\t\t\t\t<div class=\"elementor-container elementor-column-gap-default\">\n\t\t\t\t\t<div class=\"elementor-column elementor-col-100 elementor-top-column elementor-element elementor-element-8d3cedb\" data-id=\"8d3cedb\" data-element_type=\"column\" data-e-type=\"column\">\n\t\t\t<div class=\"elementor-widget-wrap elementor-element-populated\">\n\t\t\t\t\t\t<div class=\"elementor-element elementor-element-5691068 elementor-widget elementor-widget-heading\" data-id=\"5691068\" data-element_type=\"widget\" data-e-type=\"widget\" data-widget_type=\"heading.default\">\n\t\t\t\t<div class=\"elementor-widget-container\">\n\t\t\t\t\t<h2 class=\"elementor-heading-title elementor-size-default\">Ayo, le lion qui rugit de joie\n<\/h2>\t\t\t\t<\/div>\n\t\t\t\t<\/div>\n\t\t\t\t<div class=\"elementor-element elementor-element-552e9d1 elementor-widget elementor-widget-text-editor\" data-id=\"552e9d1\" data-element_type=\"widget\" data-e-type=\"widget\" data-widget_type=\"text-editor.default\">\n\t\t\t\t<div class=\"elementor-widget-container\">\n\t\t\t\t\t\t\t\t\t<p><span style=\"font-weight: 400;\">Il \u00e9tait une fois, au coeur de l\u2019Afrique de l\u2019Ouest, dans les vastes plaines dor\u00e9es du S\u00e9n\u00e9gal, un jeune lion pas comme les autres. Il ne rugissait pas pour impressionner, ni pour chasser. Il rugissait de joie. On l\u2019appelait AYO un nom qui r\u00e9sonne dans plusieurs langues africaines comme une invitation au bonheur, une explosion d\u2019\u00e9nergie positive, une c\u00e9l\u00e9bration de la vie. AYO n\u2019est pas un simple lion. Il est l\u2019\u00e2me joyeuse et courageuse de la jeunesse africaine. Il incarne l\u2019\u00e9lan, la fiert\u00e9, l\u2019accueil, et surtout l\u2019unit\u00e9 dans la diversit\u00e9.<\/span><\/p>\t\t\t\t\t\t\t\t<\/div>\n\t\t\t\t<\/div>\n\t\t\t\t<div class=\"elementor-element elementor-element-3cfb596 elementor-widget elementor-widget-image\" data-id=\"3cfb596\" data-element_type=\"widget\" data-e-type=\"widget\" data-widget_type=\"image.default\">\n\t\t\t\t<div class=\"elementor-widget-container\">\n\t\t\t\t\t\t\t\t\t\t\t\t\t\t\t<img fetchpriority=\"high\" decoding=\"async\" width=\"2560\" height=\"1440\" src=\"\/fr\/dakar-2026\/wp-content\/uploads\/2025\/11\/WELCOME-1-scaled.jpg\" class=\"attachment-full size-full wp-image-61623\" alt=\"\" srcset=\"\/fr\/dakar-2026\/wp-content\/uploads\/2025\/11\/WELCOME-1-scaled.jpg 2560w, \/fr\/dakar-2026\/wp-content\/uploads\/2025\/11\/WELCOME-1-300x169.jpg 300w, \/fr\/dakar-2026\/wp-content\/uploads\/2025\/11\/WELCOME-1-1024x576.jpg 1024w, \/fr\/dakar-2026\/wp-content\/uploads\/2025\/11\/WELCOME-1-768x432.jpg 768w, \/fr\/dakar-2026\/wp-content\/uploads\/2025\/11\/WELCOME-1-1536x864.jpg 1536w, \/fr\/dakar-2026\/wp-content\/uploads\/2025\/11\/WELCOME-1-2048x1152.jpg 2048w, \/fr\/dakar-2026\/wp-content\/uploads\/2025\/11\/WELCOME-1-18x10.jpg 18w\" sizes=\"(max-width: 2560px) 100vw, 2560px\" \/>\t\t\t\t\t\t\t\t\t\t\t\t\t\t\t<\/div>\n\t\t\t\t<\/div>\n\t\t\t\t<div class=\"elementor-element elementor-element-80eaf81 elementor-widget elementor-widget-heading\" data-id=\"80eaf81\" data-element_type=\"widget\" data-e-type=\"widget\" data-widget_type=\"heading.default\">\n\t\t\t\t<div class=\"elementor-widget-container\">\n\t\t\t\t\t<h2 class=\"elementor-heading-title elementor-size-default\">N\u00e9 de la terre de la \"Teranga\"<\/h2>\t\t\t\t<\/div>\n\t\t\t\t<\/div>\n\t\t\t\t<div class=\"elementor-element elementor-element-350038e elementor-widget elementor-widget-text-editor\" data-id=\"350038e\" data-element_type=\"widget\" data-e-type=\"widget\" data-widget_type=\"text-editor.default\">\n\t\t\t\t<div class=\"elementor-widget-container\">\n\t\t\t\t\t\t\t\t\t<p><span style=\"font-weight: 400;\">AYO est n\u00e9 dans la Terre de la Teranga, ce S\u00e9n\u00e9gal qui accueille les \u00e9trangers comme des fr\u00e8res, o\u00f9 la joie est partag\u00e9e m\u00eame dans les \u00e9preuves. Il a grandi au rythme des Djemb\u00e9, berc\u00e9 par les contes des anciens et inspir\u00e9 par les jeunes qui jouent au ballon sur le sable, r\u00eavant de devenir champions. Un jour, en entendant parler des Jeux Olympiques de la Jeunesse Dakar 2026, AYO a compris que c\u2019\u00e9tait le moment de rugir pour une cause plus grande : celle de la jeunesse, du sport, de la paix, de l\u2019Afrique qui se l\u00e8ve.<\/span><\/p>\t\t\t\t\t\t\t\t<\/div>\n\t\t\t\t<\/div>\n\t\t\t\t<div class=\"elementor-element elementor-element-c536d32 elementor-widget elementor-widget-heading\" data-id=\"c536d32\" data-element_type=\"widget\" data-e-type=\"widget\" data-widget_type=\"heading.default\">\n\t\t\t\t<div class=\"elementor-widget-container\">\n\t\t\t\t\t<h2 class=\"elementor-heading-title elementor-size-default\">Un lion d\u2019Afrique, pour le monde entier<\/h2>\t\t\t\t<\/div>\n\t\t\t\t<\/div>\n\t\t\t\t<div class=\"elementor-element elementor-element-d527702 elementor-widget elementor-widget-text-editor\" data-id=\"d527702\" data-element_type=\"widget\" data-e-type=\"widget\" data-widget_type=\"text-editor.default\">\n\t\t\t\t<div class=\"elementor-widget-container\">\n\t\t\t\t\t\t\t\t\t<p><span style=\"font-weight: 400;\">AYO porte la crini\u00e8re de l\u2019Afrique : vive, multicolore, pleine de cultures, de traditions et de promesses. Son sourire est celui d\u2019un continent jeune, dynamique, et pr\u00eat \u00e0 accueillir le monde. Son regard est tourn\u00e9 vers l\u2019avenir, mais ancr\u00e9 dans l\u2019h\u00e9ritage de ses anc\u00eatres. Il n\u2019est pas un lion solitaire. Il court avec les enfants, il danse avec les champions, il tend la patte \u00e0 ceux qui doutent. Il est l\u00e0 pour encourager, pour rassembler, pour transmettre une \u00e9nergie unique : la joie d\u2019\u00eatre ensemble et de se surpasser.<\/span><\/p>\t\t\t\t\t\t\t\t<\/div>\n\t\t\t\t<\/div>\n\t\t\t\t<div class=\"elementor-element elementor-element-1957609 elementor-widget elementor-widget-heading\" data-id=\"1957609\" data-element_type=\"widget\" data-e-type=\"widget\" data-widget_type=\"heading.default\">\n\t\t\t\t<div class=\"elementor-widget-container\">\n\t\t\t\t\t<h2 class=\"elementor-heading-title elementor-size-default\">AYO, un symbole vivant<\/h2>\t\t\t\t<\/div>\n\t\t\t\t<\/div>\n\t\t\t\t<div class=\"elementor-element elementor-element-e50ec1c elementor-widget elementor-widget-text-editor\" data-id=\"e50ec1c\" data-element_type=\"widget\" data-e-type=\"widget\" data-widget_type=\"text-editor.default\">\n\t\t\t\t<div class=\"elementor-widget-container\">\n\t\t\t\t\t\t\t\t\t<p><span style=\"font-weight: 400;\">\u00c0 travers AYO, c\u2019est l\u2019Afrique enti\u00e8re qui c\u00e9l\u00e8bre son premier \u00e9v\u00e9nement olympique, et c\u2019est le S\u00e9n\u00e9gal qui ouvre ses bras avec fiert\u00e9. Il est le gardien des valeurs des Jeux : l\u2019excellence, l\u2019amiti\u00e9, le respect\u2026 mais avec cette touche en plus : la chaleur du coeur africain. AYO n\u2019est pas seulement une mascotte. Il est un cri du coeur. Une lumi\u00e8re. Une promesse. Quand tu verras AYO, souviens-toi que la vraie force ne vient pas des griffes, mais du sourire, du partage, et de cette joie contagieuse qui peut changer le monde.<\/span><\/p>\t\t\t\t\t\t\t\t<\/div>\n\t\t\t\t<\/div>\n\t\t\t\t<div class=\"elementor-element elementor-element-5b5fe88 elementor-widget elementor-widget-heading\" data-id=\"5b5fe88\" data-element_type=\"widget\" data-e-type=\"widget\" data-widget_type=\"heading.default\">\n\t\t\t\t<div class=\"elementor-widget-container\">\n\t\t\t\t\t<h2 class=\"elementor-heading-title elementor-size-default\">Hommage \u00e0 l\u2019Afrique \u2026<\/h2>\t\t\t\t<\/div>\n\t\t\t\t<\/div>\n\t\t\t\t<div class=\"elementor-element elementor-element-d6aaf7d elementor-widget elementor-widget-text-editor\" data-id=\"d6aaf7d\" data-element_type=\"widget\" data-e-type=\"widget\" data-widget_type=\"text-editor.default\">\n\t\t\t\t<div class=\"elementor-widget-container\">\n\t\t\t\t\t\t\t\t\t<p><span style=\"font-weight: 400;\">Le pr\u00e9nom AYO est d&rsquo;origine Yoruba. Il signifie \u00ab Joie \u00bb dans cette langue originaire du Nig\u00e9ria. Il est cependant couramment utilis\u00e9 en Afrique de l&rsquo;Ouest notamment, et est consid\u00e9r\u00e9 comme un pr\u00e9nom unisexe. En Yoruba, la langue dans laquelle il prend racine, \u00ab\u00a0AYO\u00a0\u00bb est un terme qui \u00e9voque la gaiet\u00e9, le bonheur et la f\u00e9licit\u00e9.<\/span><\/p><p><span style=\"font-weight: 400;\">Il est tr\u00e8s r\u00e9pandu en Afrique de l\u2019Ouest notamment et constitue un bel hommage \u00e0 l\u2019Afrique toute enti\u00e8re.<\/span><\/p>\t\t\t\t\t\t\t\t<\/div>\n\t\t\t\t<\/div>\n\t\t\t\t<div class=\"elementor-element elementor-element-8c914a6 elementor-widget elementor-widget-video\" data-id=\"8c914a6\" data-element_type=\"widget\" data-e-type=\"widget\" data-settings=\"{&quot;youtube_url&quot;:&quot;https:\\\/\\\/www.youtube.com\\\/watch?v=PQQgUNGge_w&quot;,&quot;autoplay&quot;:&quot;yes&quot;,&quot;loop&quot;:&quot;yes&quot;,&quot;video_type&quot;:&quot;youtube&quot;,&quot;controls&quot;:&quot;yes&quot;}\" data-widget_type=\"video.default\">\n\t\t\t\t<div class=\"elementor-widget-container\">\n\t\t\t\t\t\t\t<div class=\"elementor-wrapper elementor-open-inline\">\n\t\t\t<div class=\"elementor-video\"><\/div>\t\t<\/div>\n\t\t\t\t\t\t<\/div>\n\t\t\t\t<\/div>\n\t\t\t\t<div class=\"elementor-element elementor-element-23201e0 elementor-widget elementor-widget-heading\" data-id=\"23201e0\" data-element_type=\"widget\" data-e-type=\"widget\" data-widget_type=\"heading.default\">\n\t\t\t\t<div class=\"elementor-widget-container\">\n\t\t\t\t\t<h2 class=\"elementor-heading-title elementor-size-default\">DEUX T\u00caTES PENSANTES\n<\/h2>\t\t\t\t<\/div>\n\t\t\t\t<\/div>\n\t\t\t\t<div class=\"elementor-element elementor-element-5a5d412 elementor-widget elementor-widget-text-editor\" data-id=\"5a5d412\" data-element_type=\"widget\" data-e-type=\"widget\" data-widget_type=\"text-editor.default\">\n\t\t\t\t<div class=\"elementor-widget-container\">\n\t\t\t\t\t\t\t\t\t<p><i><span style=\"font-weight: 400;\">La mascotte a \u00e9t\u00e9 s\u00e9lectionn\u00e9e \u00e0 l\u2019issue d\u2019un concours national lanc\u00e9 par le comit\u00e9 d\u2019organisation de Dakar 2026, en collaboration avec le minist\u00e8re de l\u2019\u00c9ducation nationale. Ouvert aux \u00e9l\u00e8ves des coll\u00e8ges et lyc\u00e9es du S\u00e9n\u00e9gal, le concours a re\u00e7u plus de 500 candidatures provenant des 16 inspections acad\u00e9miques du pays. Cette initiative visait \u00e0 promouvoir la cr\u00e9ativit\u00e9 chez les jeunes et \u00e0 renforcer leur lien avec les Jeux \u00e0 l\u2019approche du premier \u00e9v\u00e9nement olympique organis\u00e9 sur le continent africain.<\/span><\/i><\/p><p><i><span style=\"font-weight: 400;\">\u00ab\u00a0Ayo\u00a0\u00bb signifie joie en yoruba. Ce mot a \u00e9t\u00e9 choisi par Ndeye Khady Kristall Coumbassa, 18 ans, \u00e9l\u00e8ve de terminale, pour baptiser la mascotte. Le design du lion a, lui, \u00e9t\u00e9 imagin\u00e9 par Ndeye Mariama Diop. \u00c2g\u00e9e de 16 ans, la jeune fille scolaris\u00e9e en seconde s&rsquo;est inspir\u00e9e des tenues traditionnelles africaines telles qu&rsquo;un chapeau traditionnel Fulani Tingand\u00e9, pour donner vie \u00e0 ce lion d&rsquo;ores et d\u00e9j\u00e0 embl\u00e9matique.<\/span><\/i><\/p>\t\t\t\t\t\t\t\t<\/div>\n\t\t\t\t<\/div>\n\t\t\t\t<div class=\"elementor-element elementor-element-84817ba elementor-widget elementor-widget-html\" data-id=\"84817ba\" data-element_type=\"widget\" data-e-type=\"widget\" data-widget_type=\"html.default\">\n\t\t\t\t<div class=\"elementor-widget-container\">\n\t\t\t\t\t<!-- SECTION LIQUIDE GLACE - HTML\/CSS\/JS POUR ELEMENTOR -->\n<section class=\"ice-section\" id=\"ice-section\">\n  <div class=\"ice-bg\" aria-hidden=\"true\">\n    <div class=\"ice-orb ice-orb--a\"><\/div>\n    <div class=\"ice-orb ice-orb--b\"><\/div>\n    <div class=\"ice-gridlines\"><\/div>\n  <\/div>\n\n  <div class=\"ice-wrap\">\n    <div class=\"ice-single\">\n      <figure class=\"ice-frame\" style=\"--ice-radius: 18px;\">\n        <img decoding=\"async\" src=\"\/fr\/dakar-2026-new\/wp-content\/uploads\/2025\/11\/DSC03380-2-scaled.jpg\" alt=\"\" loading=\"lazy\">\n      <\/figure>\n    <\/div>\n  <\/div>\n<\/section>\n\n<style>\n  @import url(\"https:\/\/fonts.googleapis.com\/css2?family=Space+Grotesk:wght@500;600;700&display=swap\");\n\n  :root {\n    --ice-ink: #0a0f1d;\n    --ice-glass: rgba(255, 255, 255, 0.55);\n    --ice-stroke: rgba(255, 255, 255, 0.85);\n    --ice-shadow: 0 24px 50px rgba(15, 15, 15, 0.12);\n  }\n\n  .ice-section {\n    position: relative;\n    background: radial-gradient(circle at top left, #ffffff 0%, #f7f7f7 45%, #ffffff 75%);\n    font-family: \"Space Grotesk\", system-ui, -apple-system, Segoe UI, sans-serif;\n    color: var(--ice-ink);\n    overflow: hidden;\n  }\n\n  .ice-bg {\n    position: absolute;\n    inset: 0;\n    pointer-events: none;\n  }\n\n  .ice-orb {\n    position: absolute;\n    width: 520px;\n    height: 520px;\n    border-radius: 50%;\n    opacity: 0.65;\n    background: radial-gradient(circle, rgba(255, 255, 255, 0.95), rgba(255, 255, 255, 0));\n    animation: ice-float 14s ease-in-out infinite;\n  }\n\n  .ice-orb--a { top: -200px; left: -140px; }\n  .ice-orb--b { top: 20%; right: -220px; animation-delay: -5s; }\n\n  .ice-gridlines {\n    position: absolute;\n    inset: 0;\n    background-image:\n      linear-gradient(transparent 94%, rgba(0, 0, 0, 0.04) 100%),\n      linear-gradient(90deg, transparent 94%, rgba(0, 0, 0, 0.04) 100%);\n    background-size: 64px 64px;\n    opacity: 0.25;\n  }\n\n  .ice-wrap {\n    position: relative;\n    z-index: 1;\n    max-width: none;\n    margin: 0 auto;\n    padding: 24px 0 36px;\n  }\n\n  .ice-single {\n    display: flex;\n    justify-content: stretch;\n  }\n\n  .ice-single .ice-frame {\n    width: 100%;\n  }\n\n  .ice-frame {\n    position: relative;\n    border-radius: var(--ice-radius, 18px);\n    overflow: hidden;\n    background: var(--ice-glass);\n    border: 1px solid var(--ice-stroke);\n    box-shadow: var(--ice-shadow);\n    backdrop-filter: blur(16px);\n    display: block;\n  }\n\n  .ice-frame img {\n    width: 100%;\n    height: 100%;\n    object-fit: cover;\n    display: block;\n  }\n\n  .ice-frame::before {\n    content: \"\";\n    position: absolute;\n    inset: 0;\n    background: linear-gradient(135deg, rgba(255, 255, 255, 0.45), transparent 55%);\n    opacity: 0.75;\n    pointer-events: none;\n  }\n\n\n  .ice-frame:hover {\n    transform: translateY(-6px);\n    box-shadow: 0 30px 60px rgba(12, 20, 36, 0.2);\n    transition: transform 0.3s ease, box-shadow 0.3s ease;\n  }\n\n  @keyframes ice-float {\n    0%, 100% { transform: translateY(0); }\n    50% { transform: translateY(18px); }\n  }\n\n  @keyframes ice-shimmer {\n    0%, 100% { transform: translateX(-6%); opacity: 0.55; }\n    50% { transform: translateX(6%); opacity: 0.85; }\n  }\n\n  @media (max-width: 640px) {\n    .ice-subtitle {\n      font-size: 0.95rem;\n    }\n  }\n<\/style>\n\t\t\t\t<\/div>\n\t\t\t\t<\/div>\n\t\t\t\t\t<\/div>\n\t\t<\/div>\n\t\t\t\t\t<\/div>\n\t\t<\/section>\n\t\t\t\t<\/div>\n\t\t","protected":false},"excerpt":{"rendered":"<p>MASCOTTE OFFICIELLE DAKAR 2026 Ayo, le lion qui rugit de joie Il \u00e9tait une fois, au coeur de l\u2019Afrique de l\u2019Ouest, dans les vastes plaines dor\u00e9es du S\u00e9n\u00e9gal, un jeune lion pas comme les autres. Il ne rugissait pas pour impressionner, ni pour chasser. Il rugissait de joie. On l\u2019appelait AYO un nom qui r\u00e9sonne [&hellip;]<\/p>\n","protected":false},"author":1,"featured_media":0,"parent":0,"menu_order":0,"comment_status":"closed","ping_status":"closed","template":"elementor_header_footer","meta":{"_acf_changed":false,"footnotes":""},"class_list":["post-8787","page","type-page","status-publish","hentry"],"acf":[],"_links":{"self":[{"href":"\/fr\/dakar-2026\/wp-json\/wp\/v2\/pages\/8787","targetHints":{"allow":["GET"]}}],"collection":[{"href":"\/fr\/dakar-2026\/wp-json\/wp\/v2\/pages"}],"about":[{"href":"\/fr\/dakar-2026\/wp-json\/wp\/v2\/types\/page"}],"author":[{"embeddable":true,"href":"\/fr\/dakar-2026\/wp-json\/wp\/v2\/users\/1"}],"replies":[{"embeddable":true,"href":"\/fr\/dakar-2026\/wp-json\/wp\/v2\/comments?post=8787"}],"version-history":[{"count":52,"href":"\/fr\/dakar-2026\/wp-json\/wp\/v2\/pages\/8787\/revisions"}],"predecessor-version":[{"id":76167,"href":"\/fr\/dakar-2026\/wp-json\/wp\/v2\/pages\/8787\/revisions\/76167"}],"wp:attachment":[{"href":"\/fr\/dakar-2026\/wp-json\/wp\/v2\/media?parent=8787"}],"curies":[{"name":"wp","href":"https:\/\/api.w.org\/{rel}","templated":true}]}}