{"id":735,"date":"2023-02-14T15:18:55","date_gmt":"2023-02-14T15:18:55","guid":{"rendered":"\/fr\/dakar-2026\/?page_id=735"},"modified":"2026-02-23T16:51:25","modified_gmt":"2026-02-23T16:51:25","slug":"impact-52-fitness","status":"publish","type":"page","link":"\/fr\/dakar-2026\/impact-52-fitness\/","title":{"rendered":"IMPACT 52 FITNESS"},"content":{"rendered":"\t\t<div data-elementor-type=\"wp-page\" data-elementor-id=\"735\" class=\"elementor elementor-735\" data-elementor-post-type=\"page\">\n\t\t\t\t\t\t<section class=\"elementor-section elementor-top-section elementor-element elementor-element-575ede92 elementor-section-boxed elementor-section-height-default elementor-section-height-default\" data-id=\"575ede92\" data-element_type=\"section\" data-e-type=\"section\">\n\t\t\t\t\t\t<div class=\"elementor-container elementor-column-gap-default\">\n\t\t\t\t\t<div class=\"elementor-column elementor-col-100 elementor-top-column elementor-element elementor-element-58ed061f\" data-id=\"58ed061f\" data-element_type=\"column\" data-e-type=\"column\">\n\t\t\t<div class=\"elementor-widget-wrap elementor-element-populated\">\n\t\t\t\t\t\t<div class=\"elementor-element elementor-element-2339395 elementor-widget elementor-widget-spacer\" data-id=\"2339395\" data-element_type=\"widget\" data-e-type=\"widget\" data-widget_type=\"spacer.default\">\n\t\t\t\t<div class=\"elementor-widget-container\">\n\t\t\t\t\t\t\t<div class=\"elementor-spacer\">\n\t\t\t<div class=\"elementor-spacer-inner\"><\/div>\n\t\t<\/div>\n\t\t\t\t\t\t<\/div>\n\t\t\t\t<\/div>\n\t\t\t\t<div class=\"elementor-element elementor-element-6216d63e elementor-widget elementor-widget-heading\" data-id=\"6216d63e\" data-element_type=\"widget\" data-e-type=\"widget\" data-widget_type=\"heading.default\">\n\t\t\t\t<div class=\"elementor-widget-container\">\n\t\t\t\t\t<h2 class=\"elementor-heading-title elementor-size-default\">IMPACT 52 FITNESS<\/h2>\t\t\t\t<\/div>\n\t\t\t\t<\/div>\n\t\t\t\t\t<\/div>\n\t\t<\/div>\n\t\t\t\t\t<\/div>\n\t\t<\/section>\n\t\t\t\t<section class=\"elementor-section elementor-top-section elementor-element elementor-element-0656854 elementor-section-boxed elementor-section-height-default elementor-section-height-default\" data-id=\"0656854\" data-element_type=\"section\" data-e-type=\"section\">\n\t\t\t\t\t\t<div class=\"elementor-container elementor-column-gap-default\">\n\t\t\t\t\t<div class=\"elementor-column elementor-col-100 elementor-top-column elementor-element elementor-element-d6de5a9\" data-id=\"d6de5a9\" data-element_type=\"column\" data-e-type=\"column\">\n\t\t\t<div class=\"elementor-widget-wrap elementor-element-populated\">\n\t\t\t\t\t\t<section class=\"elementor-section elementor-inner-section elementor-element elementor-element-29cd164 elementor-section-boxed elementor-section-height-default elementor-section-height-default\" data-id=\"29cd164\" data-element_type=\"section\" data-e-type=\"section\">\n\t\t\t\t\t\t<div class=\"elementor-container elementor-column-gap-default\">\n\t\t\t\t\t<div class=\"elementor-column elementor-col-50 elementor-inner-column elementor-element elementor-element-6fc869b\" data-id=\"6fc869b\" data-element_type=\"column\" data-e-type=\"column\">\n\t\t\t<div class=\"elementor-widget-wrap elementor-element-populated\">\n\t\t\t\t\t\t<div class=\"elementor-element elementor-element-882ed79 elementor-widget elementor-widget-heading\" data-id=\"882ed79\" data-element_type=\"widget\" data-e-type=\"widget\" data-widget_type=\"heading.default\">\n\t\t\t\t<div class=\"elementor-widget-container\">\n\t\t\t\t\t<h2 class=\"elementor-heading-title elementor-size-default\">DESCRIPTIF<\/h2>\t\t\t\t<\/div>\n\t\t\t\t<\/div>\n\t\t\t\t<div class=\"elementor-element elementor-element-add7309 elementor-widget elementor-widget-text-editor\" data-id=\"add7309\" data-element_type=\"widget\" data-e-type=\"widget\" data-widget_type=\"text-editor.default\">\n\t\t\t\t<div class=\"elementor-widget-container\">\n\t\t\t\t\t\t\t\t\t<p>Projet con\u00e7u pour engager la population s\u00e9n\u00e9galaise et promouvoir la sant\u00e9 physique et mentale par le sport. Il couvre l\u2019ensemble du territoire s\u00e9n\u00e9galais et tout au long de l\u2019ann\u00e9e. Il vise \u00e9galement l&rsquo;inclusion par la g\u00e9n\u00e9ralisation de la pratique du fitness, avec le concept \u00ab\u00a0Du fitness pour une communaut\u00e9 saine et inclusive\u00a0\u00bb. Ce programme s\u2019inscrit dans le contexte des Jeux Olympiques de la Jeunesse (JOJ) Dakar 2026 et constitue une opportunit\u00e9 pour la promotion des JOJ Dakar 2026.<\/p>\t\t\t\t\t\t\t\t<\/div>\n\t\t\t\t<\/div>\n\t\t\t\t<div class=\"elementor-element elementor-element-384bd23 elementor-widget elementor-widget-heading\" data-id=\"384bd23\" data-element_type=\"widget\" data-e-type=\"widget\" data-widget_type=\"heading.default\">\n\t\t\t\t<div class=\"elementor-widget-container\">\n\t\t\t\t\t<h2 class=\"elementor-heading-title elementor-size-default\">OBJECTIF<\/h2>\t\t\t\t<\/div>\n\t\t\t\t<\/div>\n\t\t\t\t<div class=\"elementor-element elementor-element-2d89937 elementor-widget elementor-widget-text-editor\" data-id=\"2d89937\" data-element_type=\"widget\" data-e-type=\"widget\" data-widget_type=\"text-editor.default\">\n\t\t\t\t<div class=\"elementor-widget-container\">\n\t\t\t\t\t\t\t\t\t<p>Il a deux principaux objectifs :<br \/>\u2022 Pr\u00e9vention des maladies non transmissibles, transmissibles et end\u00e9miques<br \/>\u2022 Sensibilisation aux probl\u00e8mes de sant\u00e9 publique (drogue et tabac) et \u00e0 la d\u00e9linquance juv\u00e9nile<\/p>\t\t\t\t\t\t\t\t<\/div>\n\t\t\t\t<\/div>\n\t\t\t\t<div class=\"elementor-element elementor-element-aeafcd7 elementor-widget elementor-widget-heading\" data-id=\"aeafcd7\" data-element_type=\"widget\" data-e-type=\"widget\" data-widget_type=\"heading.default\">\n\t\t\t\t<div class=\"elementor-widget-container\">\n\t\t\t\t\t<h2 class=\"elementor-heading-title elementor-size-default\">CIBLES<\/h2>\t\t\t\t<\/div>\n\t\t\t\t<\/div>\n\t\t\t\t<div class=\"elementor-element elementor-element-a597344 elementor-widget elementor-widget-text-editor\" data-id=\"a597344\" data-element_type=\"widget\" data-e-type=\"widget\" data-widget_type=\"text-editor.default\">\n\t\t\t\t<div class=\"elementor-widget-container\">\n\t\t\t\t\t\t\t\t\t<p>\u2022 Hommes, femmes, enfants, \u00e9tudiants et \u00e9l\u00e8ves<br \/>\u2022 Associations sportives et culturelles, coachs et centres sportifs<\/p>\t\t\t\t\t\t\t\t<\/div>\n\t\t\t\t<\/div>\n\t\t\t\t<div class=\"elementor-element elementor-element-4e97548 elementor-widget elementor-widget-heading\" data-id=\"4e97548\" data-element_type=\"widget\" data-e-type=\"widget\" data-widget_type=\"heading.default\">\n\t\t\t\t<div class=\"elementor-widget-container\">\n\t\t\t\t\t<h2 class=\"elementor-heading-title elementor-size-default\">IMPL\u00c9MENTATION<\/h2>\t\t\t\t<\/div>\n\t\t\t\t<\/div>\n\t\t\t\t<div class=\"elementor-element elementor-element-4056a95 elementor-widget elementor-widget-text-editor\" data-id=\"4056a95\" data-element_type=\"widget\" data-e-type=\"widget\" data-widget_type=\"text-editor.default\">\n\t\t\t\t<div class=\"elementor-widget-container\">\n\t\t\t\t\t\t\t\t\t<p>IMPACT 52 FITNESS est un projet itin\u00e9rant, qui couvrira \u00e0 terme l\u2019ensemble des 14 r\u00e9gions du S\u00e9n\u00e9gal<\/p>\t\t\t\t\t\t\t\t<\/div>\n\t\t\t\t<\/div>\n\t\t\t\t<div class=\"elementor-element elementor-element-6d1d90c elementor-widget elementor-widget-heading\" data-id=\"6d1d90c\" data-element_type=\"widget\" data-e-type=\"widget\" data-widget_type=\"heading.default\">\n\t\t\t\t<div class=\"elementor-widget-container\">\n\t\t\t\t\t<h2 class=\"elementor-heading-title elementor-size-default\">IMPACT<\/h2>\t\t\t\t<\/div>\n\t\t\t\t<\/div>\n\t\t\t\t<div class=\"elementor-element elementor-element-7ab740a elementor-widget elementor-widget-text-editor\" data-id=\"7ab740a\" data-element_type=\"widget\" data-e-type=\"widget\" data-widget_type=\"text-editor.default\">\n\t\t\t\t<div class=\"elementor-widget-container\">\n\t\t\t\t\t\t\t\t\t<p>Une pratique accrue du sport par les cibles<br \/>Une am\u00e9lioration sensible de la sant\u00e9 et du bien-\u00eatre des jeunes et des femmes.<\/p>\t\t\t\t\t\t\t\t<\/div>\n\t\t\t\t<\/div>\n\t\t\t\t\t<\/div>\n\t\t<\/div>\n\t\t\t\t<div class=\"elementor-column elementor-col-50 elementor-inner-column elementor-element elementor-element-49dbdeb\" data-id=\"49dbdeb\" data-element_type=\"column\" data-e-type=\"column\">\n\t\t\t<div class=\"elementor-widget-wrap elementor-element-populated\">\n\t\t\t\t\t\t<div class=\"elementor-element elementor-element-76f6d6b angled-image e-transform elementor-invisible elementor-widget elementor-widget-image\" data-id=\"76f6d6b\" data-element_type=\"widget\" data-e-type=\"widget\" data-settings=\"{&quot;_animation&quot;:&quot;fadeInRight&quot;,&quot;_transform_scale_effect_hover&quot;:{&quot;unit&quot;:&quot;px&quot;,&quot;size&quot;:1.1,&quot;sizes&quot;:[]},&quot;_transform_scale_effect_hover_tablet&quot;:{&quot;unit&quot;:&quot;px&quot;,&quot;size&quot;:&quot;&quot;,&quot;sizes&quot;:[]},&quot;_transform_scale_effect_hover_mobile&quot;:{&quot;unit&quot;:&quot;px&quot;,&quot;size&quot;:&quot;&quot;,&quot;sizes&quot;:[]}}\" data-widget_type=\"image.default\">\n\t\t\t\t<div class=\"elementor-widget-container\">\n\t\t\t\t\t\t\t\t\t\t\t\t\t\t\t<img fetchpriority=\"high\" decoding=\"async\" width=\"800\" height=\"572\" src=\"\/fr\/dakar-2026\/wp-content\/uploads\/2026\/02\/IMPACT-PHOTO-1024x732.jpg\" class=\"attachment-large size-large wp-image-76497\" alt=\"\" srcset=\"\/fr\/dakar-2026\/wp-content\/uploads\/2026\/02\/IMPACT-PHOTO-1024x732.jpg 1024w, \/fr\/dakar-2026\/wp-content\/uploads\/2026\/02\/IMPACT-PHOTO-300x214.jpg 300w, \/fr\/dakar-2026\/wp-content\/uploads\/2026\/02\/IMPACT-PHOTO-768x549.jpg 768w, \/fr\/dakar-2026\/wp-content\/uploads\/2026\/02\/IMPACT-PHOTO-1536x1097.jpg 1536w, \/fr\/dakar-2026\/wp-content\/uploads\/2026\/02\/IMPACT-PHOTO-2048x1463.jpg 2048w, \/fr\/dakar-2026\/wp-content\/uploads\/2026\/02\/IMPACT-PHOTO-18x12.jpg 18w\" sizes=\"(max-width: 800px) 100vw, 800px\" \/>\t\t\t\t\t\t\t\t\t\t\t\t\t\t\t<\/div>\n\t\t\t\t<\/div>\n\t\t\t\t\t<\/div>\n\t\t<\/div>\n\t\t\t\t\t<\/div>\n\t\t<\/section>\n\t\t\t\t\t<\/div>\n\t\t<\/div>\n\t\t\t\t\t<\/div>\n\t\t<\/section>\n\t\t\t\t<section class=\"elementor-section elementor-top-section elementor-element elementor-element-7d2af638 elementor-section-boxed elementor-section-height-default elementor-section-height-default\" data-id=\"7d2af638\" data-element_type=\"section\" data-e-type=\"section\">\n\t\t\t\t\t\t<div class=\"elementor-container elementor-column-gap-default\">\n\t\t\t\t\t<div class=\"elementor-column elementor-col-100 elementor-top-column elementor-element elementor-element-52451e6d\" data-id=\"52451e6d\" data-element_type=\"column\" data-e-type=\"column\">\n\t\t\t<div class=\"elementor-widget-wrap elementor-element-populated\">\n\t\t\t\t\t\t<section class=\"elementor-section elementor-inner-section elementor-element elementor-element-4dfa6ebc elementor-section-boxed elementor-section-height-default elementor-section-height-default\" data-id=\"4dfa6ebc\" data-element_type=\"section\" data-e-type=\"section\">\n\t\t\t\t\t\t<div class=\"elementor-container elementor-column-gap-default\">\n\t\t\t\t\t<div class=\"elementor-column elementor-col-100 elementor-inner-column elementor-element elementor-element-15544990\" data-id=\"15544990\" data-element_type=\"column\" data-e-type=\"column\">\n\t\t\t<div class=\"elementor-widget-wrap elementor-element-populated\">\n\t\t\t\t\t\t<div class=\"elementor-element elementor-element-aec9aa5 elementor-widget elementor-widget-spacer\" data-id=\"aec9aa5\" data-element_type=\"widget\" data-e-type=\"widget\" data-widget_type=\"spacer.default\">\n\t\t\t\t<div class=\"elementor-widget-container\">\n\t\t\t\t\t\t\t<div class=\"elementor-spacer\">\n\t\t\t<div class=\"elementor-spacer-inner\"><\/div>\n\t\t<\/div>\n\t\t\t\t\t\t<\/div>\n\t\t\t\t<\/div>\n\t\t\t\t<div class=\"elementor-element elementor-element-3537f471 elementor-widget elementor-widget-heading\" data-id=\"3537f471\" data-element_type=\"widget\" data-e-type=\"widget\" data-widget_type=\"heading.default\">\n\t\t\t\t<div class=\"elementor-widget-container\">\n\t\t\t\t\t<h2 class=\"elementor-heading-title elementor-size-default\">PARTENAIRES OLYMPIQUES MONDIAUX\n<\/h2>\t\t\t\t<\/div>\n\t\t\t\t<\/div>\n\t\t\t\t\t<\/div>\n\t\t<\/div>\n\t\t\t\t\t<\/div>\n\t\t<\/section>\n\t\t\t\t\t<\/div>\n\t\t<\/div>\n\t\t\t\t\t<\/div>\n\t\t<\/section>\n\t\t\t\t<section class=\"elementor-section elementor-top-section elementor-element elementor-element-0248d8d elementor-section-boxed elementor-section-height-default elementor-section-height-default\" data-id=\"0248d8d\" data-element_type=\"section\" data-e-type=\"section\">\n\t\t\t\t\t\t<div class=\"elementor-container elementor-column-gap-default\">\n\t\t\t\t\t<div class=\"elementor-column elementor-col-100 elementor-top-column elementor-element elementor-element-14c7731\" data-id=\"14c7731\" data-element_type=\"column\" data-e-type=\"column\">\n\t\t\t<div class=\"elementor-widget-wrap elementor-element-populated\">\n\t\t\t\t\t\t<div class=\"elementor-element elementor-element-f6c6a7c elementor-widget elementor-widget-shortcode\" data-id=\"f6c6a7c\" data-element_type=\"widget\" data-e-type=\"widget\" data-widget_type=\"shortcode.default\">\n\t\t\t\t<div class=\"elementor-widget-container\">\n\t\t\t\t\t\t\t<div class=\"elementor-shortcode\">\t\t<div data-elementor-type=\"section\" data-elementor-id=\"2946\" class=\"elementor elementor-2946\" data-elementor-post-type=\"elementor_library\">\n\t\t\t\t\t<section class=\"elementor-section elementor-top-section elementor-element elementor-element-0bdf660 elementor-section-boxed elementor-section-height-default elementor-section-height-default\" data-id=\"0bdf660\" data-element_type=\"section\" data-e-type=\"section\">\n\t\t\t\t\t\t<div class=\"elementor-container elementor-column-gap-default\">\n\t\t\t\t\t<div class=\"elementor-column elementor-col-100 elementor-top-column elementor-element elementor-element-0d2d4b4\" data-id=\"0d2d4b4\" data-element_type=\"column\" data-e-type=\"column\">\n\t\t\t<div class=\"elementor-widget-wrap elementor-element-populated\">\n\t\t\t\t\t\t<div class=\"elementor-element elementor-element-bb7ea1b elementor-widget elementor-widget-html\" data-id=\"bb7ea1b\" data-element_type=\"widget\" data-e-type=\"widget\" data-widget_type=\"html.default\">\n\t\t\t\t<div class=\"elementor-widget-container\">\n\t\t\t\t\t<!-- SECTION PARTENAIRES - LISTE DES PARTENAIRES UNIQUEMENT -->\n<section class=\"partners-section\">\n  <div class=\"partners-container\">\n\n    <div class=\"partners-groups\">\n      <!-- PARTENAIRES OLYMPIQUES MONDIAUX -->\n      <div class=\"partners-group\">\n        <div class=\"partners-group-header\">\n          <h3 class=\"partners-title\">\n            Partenaires Olympiques Mondiaux\n          <\/h3>\n          <div class=\"partners-group-line\"><\/div>\n        <\/div>\n\n        <div class=\"partners-grid partners-grid--olympic\">\n          <div class=\"partner-card partner-card--olympic\">\n            <img decoding=\"async\" src=\"\/fr\/dakar-2026\/wp-content\/uploads\/2023\/02\/Rang1-PartMond-1-Airbnb-RVB.png\" alt=\"Airbnb\" \/>\n          <\/div>\n          <div class=\"partner-card partner-card--olympic\">\n            <img decoding=\"async\" src=\"\/fr\/dakar-2026\/wp-content\/uploads\/2023\/02\/Rang1-PartMond-2-Alibaba-RVB.png\" alt=\"Alibaba\" \/>\n          <\/div>\n          <div class=\"partner-card partner-card--olympic\">\n            <img decoding=\"async\" src=\"\/fr\/dakar-2026\/wp-content\/uploads\/2023\/02\/Rang1-PartMond-3-Allianz-RVB-1.png\" alt=\"Allianz\" \/>\n          <\/div>\n          <div class=\"partner-card partner-card--olympic\">\n            <img decoding=\"async\" src=\"\/fr\/dakar-2026\/wp-content\/uploads\/2023\/02\/Rang1-PartMond-6-CocaCola_Mengniu-RVB.png\" alt=\"Coca-Cola\" \/>\n          <\/div>\n          <div class=\"partner-card partner-card--olympic\">\n            <img decoding=\"async\" src=\"\/fr\/dakar-2026\/wp-content\/uploads\/2023\/02\/Rang1-PartMond-7-Deloitte-RVB.png\" alt=\"Deloitte\" \/>\n          <\/div>\n          <div class=\"partner-card partner-card--olympic\">\n            <img decoding=\"async\" src=\"\/fr\/dakar-2026\/wp-content\/uploads\/2023\/02\/Rang1-PartMond-8-Omega-RVB.png\" alt=\"OMEGA\" \/>\n          <\/div>\n          <div class=\"partner-card partner-card--olympic\">\n            <img decoding=\"async\" style=\"width:75px\" src=\"\/fr\/dakar-2026\/wp-content\/uploads\/2024\/07\/PG_Logo_Blue_Legal-RGB-for-digital-scaled.png\" alt=\"P&amp;G\" \/>\n          <\/div>\n          <div class=\"partner-card partner-card--olympic\">\n            <img decoding=\"async\" src=\"\/fr\/dakar-2026\/wp-content\/uploads\/2023\/02\/Rang1-PartMond-11-Samsung-RVB.png\" alt=\"Samsung\" \/>\n          <\/div>\n          <div class=\"partner-card partner-card--olympic\">\n            <img decoding=\"async\" src=\"\/fr\/dakar-2026\/wp-content\/uploads\/2024\/07\/tcl-logo.svg\" alt=\"TCL\" \/>\n          <\/div>\n          <div class=\"partner-card partner-card--olympic\">\n            <img decoding=\"async\" src=\"\/fr\/dakar-2026\/wp-content\/uploads\/2023\/02\/Rang1-PartMond-13-Visa-RVB-1.png\" alt=\"Visa\" \/>\n          <\/div>\n        <\/div>\n      <\/div>\n\n      <!-- PARTENAIRES PREMIUM -->\n      <div class=\"partners-group\">\n        <div class=\"partners-group-header\">\n          <h3 class=\"partners-title\">Partenaires Premium<\/h3>\n          <div class=\"partners-group-line\"><\/div>\n        <\/div>\n\n        <div class=\"partners-row-center\">\n          <div class=\"partner-card partner-card--premium\">\n            <img decoding=\"async\" src=\"\/fr\/dakar-2026\/wp-content\/uploads\/2024\/07\/image002.png\" alt=\"Sonatel\" \/>\n          <\/div>\n        <\/div>\n      <\/div>\n\n      <!-- PARTENAIRES OFFICIELS -->\n      <div class=\"partners-group\">\n        <div class=\"partners-group-header\">\n          <h3 class=\"partners-title\">Partenaires Officiels<\/h3>\n          <div class=\"partners-group-line\"><\/div>\n        <\/div>\n\n        <div class=\"partners-row-center\">\n          <div class=\"partner-card partner-card--official\">\n            <img decoding=\"async\" src=\"\/fr\/dakar-2026\/wp-content\/uploads\/2024\/07\/Capture-de%CC%81cran-2025-10-24-a%CC%80-17.18.42.png\" alt=\"Air S\u00e9n\u00e9gal\" \/>\n          <\/div>\n          <div class=\"partner-card partner-card--official\">\n            <img decoding=\"async\" src=\"\/fr\/dakar-2026\/wp-content\/uploads\/2024\/07\/Logo-SOCOCIM-HD_Vecteur.png\" alt=\"SOCOCIM\" \/>\n          <\/div>\n          <div class=\"partner-card partner-card--official\">\n            <img decoding=\"async\" src=\"\/fr\/dakar-2026\/wp-content\/uploads\/2026\/03\/Logo-PAD-delinaison_Plan-de-travail-1-1-scaled.png\" alt=\"PAD\" \/>\n          <\/div>\n             <div class=\"partner-card partner-card--official\">\n            <img decoding=\"async\" src=\"\/fr\/dakar-2026\/wp-content\/uploads\/2026\/04\/logo-fbn-scaled.jpg\" alt=\"PAD\" \/>\n          <\/div>\n        <\/div>\n      <\/div>\n\n      <!-- SUPPORTERS -->\n      <div class=\"partners-group\">\n        <div class=\"partners-group-header\">\n          <h3 class=\"partners-title\">SUPPORTERS<\/h3>\n          <div class=\"partners-group-line\"><\/div>\n        <\/div>\n\n        <div class=\"partners-row-center\">\n          <div class=\"partner-card partner-card--supporter\">\n            <img decoding=\"async\" src=\"\/fr\/dakar-2026\/wp-content\/uploads\/2026\/03\/GMD.png\" alt=\"Supporter\" \/>\n          <\/div>\n        <\/div>\n      <\/div>\n    <\/div>\n  <\/div>\n<\/section>\n\n<style>\n  .partners-section {\n    padding: 5rem 1.5rem;\n    background: linear-gradient(to bottom, #ffffff, #f9fafb);\n    font-family: newfont;\n  }\n\n  @media (min-width: 1024px) {\n    .partners-section {\n      padding: 8rem 3rem;\n    }\n  }\n\n  .partners-container {\n    max-width: 1400px;\n    margin: 0 auto;\n  }\n\n  .partners-header {\n    text-align: center;\n    margin-bottom: 4rem;\n  }\n\n  .partners-title {\n    margin: 0 0 0.75rem;\n    font-size: clamp(3.4rem, 3vw, 2.6rem);\n    font-family: olympic police;\n    color: #000;\n  }\n\n  .partners-subtitle {\n    margin: 0 auto;\n    max-width: 32rem;\n    font-size: 1.1rem;\n    color: #4b5563;\n  }\n\n  .partners-groups {\n    display: flex;\n    flex-direction: column;\n    gap: 4rem;\n  }\n\n  .partners-group-header {\n    text-align: center;\n    margin-bottom: 2.5rem;\n  }\n\n  .partners-group-label {\n    margin: 0 0 0.75rem;\n    font-size: 0.75rem;\n    text-transform: uppercase;\n    letter-spacing: 0.2em;\n    color: #111827;\n  }\n\n  .partners-group-line {\n    width: 6rem;\n    height: 1px;\n    margin: 0 auto;\n    background: #d1d5db;\n  }\n\n  .partner-card {\n    display: flex;\n    align-items: center;\n    justify-content: center;\n    padding: 1.75rem;\n    background: #ffffff;\n    border-radius: 0.9rem;\n    border: 1px solid #e5e7eb;\n    box-shadow: 0 4px 18px rgba(15, 23, 42, 0.04);\n    transition:\n      transform 0.2s ease,\n      box-shadow 0.2s ease,\n      border-color 0.2s ease;\n  }\n\n  .partner-card:hover {\n    transform: translateY(-4px);\n    box-shadow: 0 18px 40px rgba(15, 23, 42, 0.16);\n    border-color: #e5e7eb;\n  }\n\n  .partner-card img {\n    display: block;\n    width: auto;\n  }\n\n  .partner-card--olympic img {\n    max-height: 100px;\n  }\n\n  .partner-card--premium img {\n    max-height: 20px;\n  }\n\n  .partner-card--official img {\n    max-height: 24px;\n  }\n\n  .partner-card--supporter img {\n    max-height: 28px;\n  }\n\n  .partners-grid {\n    display: grid;\n    gap: 1.5rem;\n  }\n\n  .partners-grid--olympic {\n    grid-template-columns: repeat(2, minmax(0, 1fr));\n  }\n\n  @media (min-width: 768px) {\n    .partners-grid--olympic {\n      grid-template-columns: repeat(3, minmax(0, 1fr));\n    }\n  }\n\n  @media (min-width: 1024px) {\n    .partners-grid--olympic {\n      grid-template-columns: repeat(5, minmax(0, 1fr));\n    }\n  }\n\n  .partners-row-center {\n    display: flex;\n    flex-wrap: wrap;\n    justify-content: center;\n    gap: 1.5rem;\n  }\n\n  .partners-row-center .partner-card {\n    width: 100%;\n    max-width: 220px;\n  }\n\n  @media (max-width: 767px) {\n    .partners-section {\n      padding-inline: 1rem;\n    }\n\n    .partner-card {\n      padding: 1.4rem;\n    }\n  }\n<\/style>\t\t\t\t<\/div>\n\t\t\t\t<\/div>\n\t\t\t\t\t<\/div>\n\t\t<\/div>\n\t\t\t\t\t<\/div>\n\t\t<\/section>\n\t\t\t\t<\/div>\n\t\t<\/div>\n\t\t\t\t\t\t<\/div>\n\t\t\t\t<\/div>\n\t\t\t\t\t<\/div>\n\t\t<\/div>\n\t\t\t\t\t<\/div>\n\t\t<\/section>\n\t\t\t\t<\/div>\n\t\t","protected":false},"excerpt":{"rendered":"<p>IMPACT 52 FITNESS DESCRIPTIF Projet con\u00e7u pour engager la population s\u00e9n\u00e9galaise et promouvoir la sant\u00e9 physique et mentale par le sport. Il couvre l\u2019ensemble du territoire s\u00e9n\u00e9galais et tout au long de l\u2019ann\u00e9e. Il vise \u00e9galement l&rsquo;inclusion par la g\u00e9n\u00e9ralisation de la pratique du fitness, avec le concept \u00ab\u00a0Du fitness pour une communaut\u00e9 saine et [&hellip;]<\/p>\n","protected":false},"author":1,"featured_media":0,"parent":0,"menu_order":0,"comment_status":"closed","ping_status":"closed","template":"elementor_header_footer","meta":{"_acf_changed":false,"footnotes":""},"class_list":["post-735","page","type-page","status-publish","hentry"],"acf":[],"_links":{"self":[{"href":"\/fr\/dakar-2026\/wp-json\/wp\/v2\/pages\/735","targetHints":{"allow":["GET"]}}],"collection":[{"href":"\/fr\/dakar-2026\/wp-json\/wp\/v2\/pages"}],"about":[{"href":"\/fr\/dakar-2026\/wp-json\/wp\/v2\/types\/page"}],"author":[{"embeddable":true,"href":"\/fr\/dakar-2026\/wp-json\/wp\/v2\/users\/1"}],"replies":[{"embeddable":true,"href":"\/fr\/dakar-2026\/wp-json\/wp\/v2\/comments?post=735"}],"version-history":[{"count":31,"href":"\/fr\/dakar-2026\/wp-json\/wp\/v2\/pages\/735\/revisions"}],"predecessor-version":[{"id":76503,"href":"\/fr\/dakar-2026\/wp-json\/wp\/v2\/pages\/735\/revisions\/76503"}],"wp:attachment":[{"href":"\/fr\/dakar-2026\/wp-json\/wp\/v2\/media?parent=735"}],"curies":[{"name":"wp","href":"https:\/\/api.w.org\/{rel}","templated":true}]}}