{"id":635,"date":"2023-02-14T13:55:41","date_gmt":"2023-02-14T13:55:41","guid":{"rendered":"\/fr\/dakar-2026\/?page_id=635"},"modified":"2026-02-07T12:17:17","modified_gmt":"2026-02-07T12:17:17","slug":"les-joj","status":"publish","type":"page","link":"\/fr\/dakar-2026\/les-joj\/","title":{"rendered":"LES JOJ"},"content":{"rendered":"\t\t<div data-elementor-type=\"wp-page\" data-elementor-id=\"635\" class=\"elementor elementor-635\" data-elementor-post-type=\"page\">\n\t\t\t\t\t\t<section class=\"elementor-section elementor-top-section elementor-element elementor-element-3bd9baa4 elementor-section-boxed elementor-section-height-default elementor-section-height-default\" data-id=\"3bd9baa4\" data-element_type=\"section\" data-e-type=\"section\">\n\t\t\t\t\t\t<div class=\"elementor-container elementor-column-gap-default\">\n\t\t\t\t\t<div class=\"elementor-column elementor-col-100 elementor-top-column elementor-element elementor-element-176355d1\" data-id=\"176355d1\" data-element_type=\"column\" data-e-type=\"column\">\n\t\t\t<div class=\"elementor-widget-wrap elementor-element-populated\">\n\t\t\t\t\t\t<div class=\"elementor-element elementor-element-223475e elementor-widget elementor-widget-spacer\" data-id=\"223475e\" data-element_type=\"widget\" data-e-type=\"widget\" data-widget_type=\"spacer.default\">\n\t\t\t\t<div class=\"elementor-widget-container\">\n\t\t\t\t\t\t\t<div class=\"elementor-spacer\">\n\t\t\t<div class=\"elementor-spacer-inner\"><\/div>\n\t\t<\/div>\n\t\t\t\t\t\t<\/div>\n\t\t\t\t<\/div>\n\t\t\t\t<div class=\"elementor-element elementor-element-63cc8577 elementor-widget elementor-widget-heading\" data-id=\"63cc8577\" data-element_type=\"widget\" data-e-type=\"widget\" data-widget_type=\"heading.default\">\n\t\t\t\t<div class=\"elementor-widget-container\">\n\t\t\t\t\t<h2 class=\"elementor-heading-title elementor-size-default\">LES JOJ <\/h2>\t\t\t\t<\/div>\n\t\t\t\t<\/div>\n\t\t\t\t<section class=\"elementor-section elementor-inner-section elementor-element elementor-element-4d854ebf elementor-section-boxed elementor-section-height-default elementor-section-height-default\" data-id=\"4d854ebf\" data-element_type=\"section\" data-e-type=\"section\">\n\t\t\t\t\t\t<div class=\"elementor-container elementor-column-gap-default\">\n\t\t\t\t\t<div class=\"elementor-column elementor-col-50 elementor-inner-column elementor-element elementor-element-1b8457b4\" data-id=\"1b8457b4\" data-element_type=\"column\" data-e-type=\"column\">\n\t\t\t<div class=\"elementor-widget-wrap elementor-element-populated\">\n\t\t\t\t\t\t<div class=\"elementor-element elementor-element-4d062d87 elementor-widget elementor-widget-heading\" data-id=\"4d062d87\" data-element_type=\"widget\" data-e-type=\"widget\" data-widget_type=\"heading.default\">\n\t\t\t\t<div class=\"elementor-widget-container\">\n\t\t\t\t\t<h2 class=\"elementor-heading-title elementor-size-default\">LES JEUX OLYMPIQUES DE LA JEUNESSE <\/h2>\t\t\t\t<\/div>\n\t\t\t\t<\/div>\n\t\t\t\t<div class=\"elementor-element elementor-element-24652e60 elementor-widget elementor-widget-text-editor\" data-id=\"24652e60\" data-element_type=\"widget\" data-e-type=\"widget\" data-widget_type=\"text-editor.default\">\n\t\t\t\t<div class=\"elementor-widget-container\">\n\t\t\t\t\t\t\t\t\t<p>Les Jeux Olympiques de la Jeunesse sont une comp\u00e9tition multisports r\u00e9serv\u00e9e aux jeunes athl\u00e8tes \u00e2g\u00e9s de 15 \u00e0 17 ans qui a pour mission non seulement d\u2019inspirer et d\u2019encourager la jeunesse, mais aussi de promouvoir l\u2019id\u00e9al et les valeurs olympiques. Dakar 2026 est l\u2019occasion de faire conna\u00eetre le S\u00e9n\u00e9gal en c\u00e9l\u00e9brant la diversit\u00e9, l\u2019amiti\u00e9 et l\u2019espoir, et de permettre aux jeunes, \u00e0 travers leurs aspirations, leur imagination et leur \u00e9nergie, de contribuer \u00e0 la r\u00e9ussite de leurs Jeux. Les jeunes repr\u00e9sentent \u00e0 la fois le pr\u00e9sent et le r\u00eave d\u2019un avenir meilleur. Ces Jeux doivent les inspirer \u00e0 prendre part activement \u00e0 la construction d&rsquo;un monde plus uni et pacifique, o\u00f9 le sport est un vecteur de paix et de solidarit\u00e9.<\/p>\t\t\t\t\t\t\t\t<\/div>\n\t\t\t\t<\/div>\n\t\t\t\t\t<\/div>\n\t\t<\/div>\n\t\t\t\t<div class=\"elementor-column elementor-col-50 elementor-inner-column elementor-element elementor-element-18017b25\" data-id=\"18017b25\" data-element_type=\"column\" data-e-type=\"column\">\n\t\t\t<div class=\"elementor-widget-wrap elementor-element-populated\">\n\t\t\t\t\t\t<div class=\"elementor-element elementor-element-ea20277 elementor-widget elementor-widget-image\" data-id=\"ea20277\" data-element_type=\"widget\" data-e-type=\"widget\" data-widget_type=\"image.default\">\n\t\t\t\t<div class=\"elementor-widget-container\">\n\t\t\t\t\t\t\t\t\t\t\t\t\t\t\t<img fetchpriority=\"high\" decoding=\"async\" width=\"800\" height=\"527\" src=\"\/fr\/dakar-2026\/wp-content\/uploads\/2025\/12\/PHO10504252_Original-compressed-1024x675.jpg\" class=\"attachment-large size-large wp-image-70688\" alt=\"\" srcset=\"\/fr\/dakar-2026\/wp-content\/uploads\/2025\/12\/PHO10504252_Original-compressed-1024x675.jpg 1024w, \/fr\/dakar-2026\/wp-content\/uploads\/2025\/12\/PHO10504252_Original-compressed-300x198.jpg 300w, \/fr\/dakar-2026\/wp-content\/uploads\/2025\/12\/PHO10504252_Original-compressed-768x506.jpg 768w, \/fr\/dakar-2026\/wp-content\/uploads\/2025\/12\/PHO10504252_Original-compressed-18x12.jpg 18w, \/fr\/dakar-2026\/wp-content\/uploads\/2025\/12\/PHO10504252_Original-compressed.jpg 1479w\" sizes=\"(max-width: 800px) 100vw, 800px\" \/>\t\t\t\t\t\t\t\t\t\t\t\t\t\t\t<\/div>\n\t\t\t\t<\/div>\n\t\t\t\t\t<\/div>\n\t\t<\/div>\n\t\t\t\t\t<\/div>\n\t\t<\/section>\n\t\t\t\t<section class=\"elementor-section elementor-inner-section elementor-element elementor-element-9e530ad elementor-section-boxed elementor-section-height-default elementor-section-height-default\" data-id=\"9e530ad\" data-element_type=\"section\" data-e-type=\"section\">\n\t\t\t\t\t\t<div class=\"elementor-container elementor-column-gap-default\">\n\t\t\t\t\t<div class=\"elementor-column elementor-col-100 elementor-inner-column elementor-element elementor-element-366aa3b\" data-id=\"366aa3b\" data-element_type=\"column\" data-e-type=\"column\">\n\t\t\t<div class=\"elementor-widget-wrap elementor-element-populated\">\n\t\t\t\t\t\t<div class=\"elementor-element elementor-element-bd162c2 elementor-widget elementor-widget-heading\" data-id=\"bd162c2\" data-element_type=\"widget\" data-e-type=\"widget\" data-widget_type=\"heading.default\">\n\t\t\t\t<div class=\"elementor-widget-container\">\n\t\t\t\t\t<h2 class=\"elementor-heading-title elementor-size-default\">D\u00c9VELOPPEMENT DURABLE\n<\/h2>\t\t\t\t<\/div>\n\t\t\t\t<\/div>\n\t\t\t\t<div class=\"elementor-element elementor-element-24284d5 elementor-widget elementor-widget-text-editor\" data-id=\"24284d5\" data-element_type=\"widget\" data-e-type=\"widget\" data-widget_type=\"text-editor.default\">\n\t\t\t\t<div class=\"elementor-widget-container\">\n\t\t\t\t\t\t\t\t\t<p>Dakar 2026 a mis la durabilit\u00e9 au c\u0153ur de son projet avec notamment l\u2019utilisation du plus grand nombre possible d\u2019installations existantes. Dakar 2026 misera sur un syst\u00e8me de transports publics modernes tels que le train express r\u00e9gional, le bus rapid transit, etc. pour le d\u00e9placement des participants.<\/p>\t\t\t\t\t\t\t\t<\/div>\n\t\t\t\t<\/div>\n\t\t\t\t\t<\/div>\n\t\t<\/div>\n\t\t\t\t\t<\/div>\n\t\t<\/section>\n\t\t\t\t<section class=\"elementor-section elementor-inner-section elementor-element elementor-element-7d595cd elementor-section-boxed elementor-section-height-default elementor-section-height-default\" data-id=\"7d595cd\" data-element_type=\"section\" data-e-type=\"section\">\n\t\t\t\t\t\t<div class=\"elementor-container elementor-column-gap-default\">\n\t\t\t\t\t<div class=\"elementor-column elementor-col-100 elementor-inner-column elementor-element elementor-element-52dc8ae\" data-id=\"52dc8ae\" data-element_type=\"column\" data-e-type=\"column\">\n\t\t\t<div class=\"elementor-widget-wrap elementor-element-populated\">\n\t\t\t\t\t\t<div class=\"elementor-element elementor-element-e987d98 elementor-widget elementor-widget-heading\" data-id=\"e987d98\" data-element_type=\"widget\" data-e-type=\"widget\" data-widget_type=\"heading.default\">\n\t\t\t\t<div class=\"elementor-widget-container\">\n\t\t\t\t\t<h2 class=\"elementor-heading-title elementor-size-default\">LA PR\u00c9PARATION\n<\/h2>\t\t\t\t<\/div>\n\t\t\t\t<\/div>\n\t\t\t\t<div class=\"elementor-element elementor-element-47d401f elementor-widget elementor-widget-text-editor\" data-id=\"47d401f\" data-element_type=\"widget\" data-e-type=\"widget\" data-widget_type=\"text-editor.default\">\n\t\t\t\t<div class=\"elementor-widget-container\">\n\t\t\t\t\t\t\t\t\t<p>Approche de co-construction des JOJ de 2026 entre le CNOSS, le COJOJ et le CIO, pour \u00e9tablir une feuille de route porteuse d\u2019espoirs d\u2019un h\u00e9ritage ambitieux, afin que les Jeux profitent au pays, et ce longtemps apr\u00e8s.<\/p>\t\t\t\t\t\t\t\t<\/div>\n\t\t\t\t<\/div>\n\t\t\t\t\t<\/div>\n\t\t<\/div>\n\t\t\t\t\t<\/div>\n\t\t<\/section>\n\t\t\t\t\t<\/div>\n\t\t<\/div>\n\t\t\t\t\t<\/div>\n\t\t<\/section>\n\t\t\t\t<section class=\"elementor-section elementor-top-section elementor-element elementor-element-c3d1670 elementor-section-boxed elementor-section-height-default elementor-section-height-default\" data-id=\"c3d1670\" data-element_type=\"section\" data-e-type=\"section\" data-settings=\"{&quot;background_background&quot;:&quot;classic&quot;}\">\n\t\t\t\t\t\t<div class=\"elementor-container elementor-column-gap-default\">\n\t\t\t\t\t<div class=\"elementor-column elementor-col-100 elementor-top-column elementor-element elementor-element-35d6bfe\" data-id=\"35d6bfe\" data-element_type=\"column\" data-e-type=\"column\">\n\t\t\t<div class=\"elementor-widget-wrap elementor-element-populated\">\n\t\t\t\t\t\t<section class=\"elementor-section elementor-inner-section elementor-element elementor-element-21b99f5 elementor-section-boxed elementor-section-height-default elementor-section-height-default\" data-id=\"21b99f5\" data-element_type=\"section\" data-e-type=\"section\">\n\t\t\t\t\t\t<div class=\"elementor-container elementor-column-gap-default\">\n\t\t\t\t\t<div class=\"elementor-column elementor-col-100 elementor-inner-column elementor-element elementor-element-57c7e79\" data-id=\"57c7e79\" data-element_type=\"column\" data-e-type=\"column\">\n\t\t\t<div class=\"elementor-widget-wrap elementor-element-populated\">\n\t\t\t\t\t\t<div class=\"elementor-element elementor-element-1401d6c elementor-widget elementor-widget-heading\" data-id=\"1401d6c\" data-element_type=\"widget\" data-e-type=\"widget\" data-widget_type=\"heading.default\">\n\t\t\t\t<div class=\"elementor-widget-container\">\n\t\t\t\t\t<h2 class=\"elementor-heading-title elementor-size-default\">Coop\u00e9ration<\/h2>\t\t\t\t<\/div>\n\t\t\t\t<\/div>\n\t\t\t\t<div class=\"elementor-element elementor-element-62b2964 elementor-widget elementor-widget-text-editor\" data-id=\"62b2964\" data-element_type=\"widget\" data-e-type=\"widget\" data-widget_type=\"text-editor.default\">\n\t\t\t\t<div class=\"elementor-widget-container\">\n\t\t\t\t\t\t\t\t\t<p>Paris 2024<br \/>Signature d\u2019accords de coop\u00e9ration pour le partage de connaissances et d\u2019exp\u00e9riences.<\/p>\t\t\t\t\t\t\t\t<\/div>\n\t\t\t\t<\/div>\n\t\t\t\t<div class=\"elementor-element elementor-element-35b460e elementor-widget elementor-widget-image\" data-id=\"35b460e\" data-element_type=\"widget\" data-e-type=\"widget\" data-widget_type=\"image.default\">\n\t\t\t\t<div class=\"elementor-widget-container\">\n\t\t\t\t\t\t\t\t\t\t\t\t\t\t\t<img decoding=\"async\" width=\"800\" height=\"800\" src=\"\/fr\/dakar-2026\/wp-content\/uploads\/2023\/02\/1356519-tony-estanguet-est-le-president-du-comite-d-organisation-de-paris-2024-1024x1024.jpeg\" class=\"attachment-large size-large wp-image-619\" alt=\"\" srcset=\"\/fr\/dakar-2026\/wp-content\/uploads\/2023\/02\/1356519-tony-estanguet-est-le-president-du-comite-d-organisation-de-paris-2024-1024x1024.jpeg 1024w, \/fr\/dakar-2026\/wp-content\/uploads\/2023\/02\/1356519-tony-estanguet-est-le-president-du-comite-d-organisation-de-paris-2024-300x300.jpeg 300w, \/fr\/dakar-2026\/wp-content\/uploads\/2023\/02\/1356519-tony-estanguet-est-le-president-du-comite-d-organisation-de-paris-2024-150x150.jpeg 150w, \/fr\/dakar-2026\/wp-content\/uploads\/2023\/02\/1356519-tony-estanguet-est-le-president-du-comite-d-organisation-de-paris-2024-768x768.jpeg 768w, \/fr\/dakar-2026\/wp-content\/uploads\/2023\/02\/1356519-tony-estanguet-est-le-president-du-comite-d-organisation-de-paris-2024-1536x1536.jpeg 1536w, \/fr\/dakar-2026\/wp-content\/uploads\/2023\/02\/1356519-tony-estanguet-est-le-president-du-comite-d-organisation-de-paris-2024.jpeg 2000w\" sizes=\"(max-width: 800px) 100vw, 800px\" \/>\t\t\t\t\t\t\t\t\t\t\t\t\t\t\t<\/div>\n\t\t\t\t<\/div>\n\t\t\t\t<div class=\"elementor-element elementor-element-20d76e1 elementor-widget elementor-widget-text-editor\" data-id=\"20d76e1\" data-element_type=\"widget\" data-e-type=\"widget\" data-widget_type=\"text-editor.default\">\n\t\t\t\t<div class=\"elementor-widget-container\">\n\t\t\t\t\t\t\t\t\t<p>\u00ab\u00a0Le partenariat Dakar 2026 \u2013 Paris 2024 marque le d\u00e9but d\u2019une coop\u00e9ration ambitieuse entre la France et le S\u00e9n\u00e9gal, dans la double perspective des JOJ 2026 et de Paris 2024\u2026 Nous avions envie de signer une convention diff\u00e9rente et unique\u2026 C\u2019est parce qu\u2019il y a une vraie envie collective, en France, d\u2019accompagner au mieux le projet de Dakar 2026.\u00a0\u00bb<\/p>\t\t\t\t\t\t\t\t<\/div>\n\t\t\t\t<\/div>\n\t\t\t\t<div class=\"elementor-element elementor-element-32064a5 elementor-widget elementor-widget-text-editor\" data-id=\"32064a5\" data-element_type=\"widget\" data-e-type=\"widget\" data-widget_type=\"text-editor.default\">\n\t\t\t\t<div class=\"elementor-widget-container\">\n\t\t\t\t\t\t\t\t\tTONY ESTANGUET, PR\u00c9SIDENT DU COMIT\u00c9 D\u2019ORGANISATION DES JEUX OLYMPIQUES ET PARALYMPIQUES DE PARIS 2024.\t\t\t\t\t\t\t\t<\/div>\n\t\t\t\t<\/div>\n\t\t\t\t\t<\/div>\n\t\t<\/div>\n\t\t\t\t\t<\/div>\n\t\t<\/section>\n\t\t\t\t\t<\/div>\n\t\t<\/div>\n\t\t\t\t\t<\/div>\n\t\t<\/section>\n\t\t\t\t<section class=\"elementor-section elementor-top-section elementor-element elementor-element-7d6f348 elementor-section-boxed elementor-section-height-default elementor-section-height-default\" data-id=\"7d6f348\" data-element_type=\"section\" data-e-type=\"section\">\n\t\t\t\t\t\t<div class=\"elementor-container elementor-column-gap-default\">\n\t\t\t\t\t<div class=\"elementor-column elementor-col-100 elementor-top-column elementor-element elementor-element-56b447e\" data-id=\"56b447e\" data-element_type=\"column\" data-e-type=\"column\">\n\t\t\t<div class=\"elementor-widget-wrap elementor-element-populated\">\n\t\t\t\t\t\t<div class=\"elementor-element elementor-element-2d2b940 elementor-widget elementor-widget-shortcode\" data-id=\"2d2b940\" data-element_type=\"widget\" data-e-type=\"widget\" data-widget_type=\"shortcode.default\">\n\t\t\t\t<div class=\"elementor-widget-container\">\n\t\t\t\t\t\t\t<div class=\"elementor-shortcode\">\t\t<div data-elementor-type=\"section\" data-elementor-id=\"2946\" class=\"elementor elementor-2946\" data-elementor-post-type=\"elementor_library\">\n\t\t\t\t\t<section class=\"elementor-section elementor-top-section elementor-element elementor-element-0bdf660 elementor-section-boxed elementor-section-height-default elementor-section-height-default\" data-id=\"0bdf660\" data-element_type=\"section\" data-e-type=\"section\">\n\t\t\t\t\t\t<div class=\"elementor-container elementor-column-gap-default\">\n\t\t\t\t\t<div class=\"elementor-column elementor-col-100 elementor-top-column elementor-element elementor-element-0d2d4b4\" data-id=\"0d2d4b4\" data-element_type=\"column\" data-e-type=\"column\">\n\t\t\t<div class=\"elementor-widget-wrap elementor-element-populated\">\n\t\t\t\t\t\t<div class=\"elementor-element elementor-element-bb7ea1b elementor-widget elementor-widget-html\" data-id=\"bb7ea1b\" data-element_type=\"widget\" data-e-type=\"widget\" data-widget_type=\"html.default\">\n\t\t\t\t<div class=\"elementor-widget-container\">\n\t\t\t\t\t<!-- SECTION PARTENAIRES - LISTE DES PARTENAIRES UNIQUEMENT -->\n<section class=\"partners-section\">\n  <div class=\"partners-container\">\n\n    <div class=\"partners-groups\">\n      <!-- PARTENAIRES OLYMPIQUES MONDIAUX -->\n      <div class=\"partners-group\">\n        <div class=\"partners-group-header\">\n          <h3 class=\"partners-title\">\n            Partenaires Olympiques Mondiaux\n          <\/h3>\n          <div class=\"partners-group-line\"><\/div>\n        <\/div>\n\n        <div class=\"partners-grid partners-grid--olympic\">\n          <div class=\"partner-card partner-card--olympic\">\n            <img decoding=\"async\" src=\"\/fr\/dakar-2026\/wp-content\/uploads\/2023\/02\/Rang1-PartMond-1-Airbnb-RVB.png\" alt=\"Airbnb\" \/>\n          <\/div>\n          <div class=\"partner-card partner-card--olympic\">\n            <img decoding=\"async\" src=\"\/fr\/dakar-2026\/wp-content\/uploads\/2023\/02\/Rang1-PartMond-2-Alibaba-RVB.png\" alt=\"Alibaba\" \/>\n          <\/div>\n          <div class=\"partner-card partner-card--olympic\">\n            <img decoding=\"async\" src=\"\/fr\/dakar-2026\/wp-content\/uploads\/2023\/02\/Rang1-PartMond-3-Allianz-RVB-1.png\" alt=\"Allianz\" \/>\n          <\/div>\n          <div class=\"partner-card partner-card--olympic\">\n            <img decoding=\"async\" src=\"\/fr\/dakar-2026\/wp-content\/uploads\/2023\/02\/Rang1-PartMond-6-CocaCola_Mengniu-RVB.png\" alt=\"Coca-Cola\" \/>\n          <\/div>\n          <div class=\"partner-card partner-card--olympic\">\n            <img decoding=\"async\" src=\"\/fr\/dakar-2026\/wp-content\/uploads\/2023\/02\/Rang1-PartMond-7-Deloitte-RVB.png\" alt=\"Deloitte\" \/>\n          <\/div>\n          <div class=\"partner-card partner-card--olympic\">\n            <img decoding=\"async\" src=\"\/fr\/dakar-2026\/wp-content\/uploads\/2023\/02\/Rang1-PartMond-8-Omega-RVB.png\" alt=\"OMEGA\" \/>\n          <\/div>\n          <div class=\"partner-card partner-card--olympic\">\n            <img decoding=\"async\" style=\"width:75px\" src=\"\/fr\/dakar-2026\/wp-content\/uploads\/2024\/07\/PG_Logo_Blue_Legal-RGB-for-digital-scaled.png\" alt=\"P&amp;G\" \/>\n          <\/div>\n          <div class=\"partner-card partner-card--olympic\">\n            <img decoding=\"async\" src=\"\/fr\/dakar-2026\/wp-content\/uploads\/2023\/02\/Rang1-PartMond-11-Samsung-RVB.png\" alt=\"Samsung\" \/>\n          <\/div>\n          <div class=\"partner-card partner-card--olympic\">\n            <img decoding=\"async\" src=\"\/fr\/dakar-2026\/wp-content\/uploads\/2024\/07\/tcl-logo.svg\" alt=\"TCL\" \/>\n          <\/div>\n          <div class=\"partner-card partner-card--olympic\">\n            <img decoding=\"async\" src=\"\/fr\/dakar-2026\/wp-content\/uploads\/2023\/02\/Rang1-PartMond-13-Visa-RVB-1.png\" alt=\"Visa\" \/>\n          <\/div>\n        <\/div>\n      <\/div>\n\n      <!-- PARTENAIRES PREMIUM -->\n      <div class=\"partners-group\">\n        <div class=\"partners-group-header\">\n          <h3 class=\"partners-title\">Partenaires Premium<\/h3>\n          <div class=\"partners-group-line\"><\/div>\n        <\/div>\n\n        <div class=\"partners-row-center\">\n          <div class=\"partner-card partner-card--premium\">\n            <img decoding=\"async\" src=\"\/fr\/dakar-2026\/wp-content\/uploads\/2024\/07\/image002.png\" alt=\"Sonatel\" \/>\n          <\/div>\n        <\/div>\n      <\/div>\n\n      <!-- PARTENAIRES OFFICIELS -->\n      <div class=\"partners-group\">\n        <div class=\"partners-group-header\">\n          <h3 class=\"partners-title\">Partenaires Officiels<\/h3>\n          <div class=\"partners-group-line\"><\/div>\n        <\/div>\n\n        <div class=\"partners-row-center\">\n          <div class=\"partner-card partner-card--official\">\n            <img decoding=\"async\" src=\"\/fr\/dakar-2026\/wp-content\/uploads\/2024\/07\/Capture-de%CC%81cran-2025-10-24-a%CC%80-17.18.42.png\" alt=\"Air S\u00e9n\u00e9gal\" \/>\n          <\/div>\n          <div class=\"partner-card partner-card--official\">\n            <img decoding=\"async\" src=\"\/fr\/dakar-2026\/wp-content\/uploads\/2024\/07\/Logo-SOCOCIM-HD_Vecteur.png\" alt=\"SOCOCIM\" \/>\n          <\/div>\n          <div class=\"partner-card partner-card--official\">\n            <img decoding=\"async\" src=\"\/fr\/dakar-2026\/wp-content\/uploads\/2026\/03\/Logo-PAD-delinaison_Plan-de-travail-1-1-scaled.png\" alt=\"PAD\" \/>\n          <\/div>\n             <div class=\"partner-card partner-card--official\">\n            <img decoding=\"async\" src=\"\/fr\/dakar-2026\/wp-content\/uploads\/2026\/04\/logo-fbn-scaled.jpg\" alt=\"PAD\" \/>\n          <\/div>\n        <\/div>\n      <\/div>\n\n      <!-- SUPPORTERS -->\n      <div class=\"partners-group\">\n        <div class=\"partners-group-header\">\n          <h3 class=\"partners-title\">SUPPORTERS<\/h3>\n          <div class=\"partners-group-line\"><\/div>\n        <\/div>\n\n        <div class=\"partners-row-center\">\n          <div class=\"partner-card partner-card--supporter\">\n            <img decoding=\"async\" src=\"\/fr\/dakar-2026\/wp-content\/uploads\/2026\/03\/GMD.png\" alt=\"Supporter\" \/>\n          <\/div>\n        <\/div>\n      <\/div>\n    <\/div>\n  <\/div>\n<\/section>\n\n<style>\n  .partners-section {\n    padding: 5rem 1.5rem;\n    background: linear-gradient(to bottom, #ffffff, #f9fafb);\n    font-family: newfont;\n  }\n\n  @media (min-width: 1024px) {\n    .partners-section {\n      padding: 8rem 3rem;\n    }\n  }\n\n  .partners-container {\n    max-width: 1400px;\n    margin: 0 auto;\n  }\n\n  .partners-header {\n    text-align: center;\n    margin-bottom: 4rem;\n  }\n\n  .partners-title {\n    margin: 0 0 0.75rem;\n    font-size: clamp(3.4rem, 3vw, 2.6rem);\n    font-family: olympic police;\n    color: #000;\n  }\n\n  .partners-subtitle {\n    margin: 0 auto;\n    max-width: 32rem;\n    font-size: 1.1rem;\n    color: #4b5563;\n  }\n\n  .partners-groups {\n    display: flex;\n    flex-direction: column;\n    gap: 4rem;\n  }\n\n  .partners-group-header {\n    text-align: center;\n    margin-bottom: 2.5rem;\n  }\n\n  .partners-group-label {\n    margin: 0 0 0.75rem;\n    font-size: 0.75rem;\n    text-transform: uppercase;\n    letter-spacing: 0.2em;\n    color: #111827;\n  }\n\n  .partners-group-line {\n    width: 6rem;\n    height: 1px;\n    margin: 0 auto;\n    background: #d1d5db;\n  }\n\n  .partner-card {\n    display: flex;\n    align-items: center;\n    justify-content: center;\n    padding: 1.75rem;\n    background: #ffffff;\n    border-radius: 0.9rem;\n    border: 1px solid #e5e7eb;\n    box-shadow: 0 4px 18px rgba(15, 23, 42, 0.04);\n    transition:\n      transform 0.2s ease,\n      box-shadow 0.2s ease,\n      border-color 0.2s ease;\n  }\n\n  .partner-card:hover {\n    transform: translateY(-4px);\n    box-shadow: 0 18px 40px rgba(15, 23, 42, 0.16);\n    border-color: #e5e7eb;\n  }\n\n  .partner-card img {\n    display: block;\n    width: auto;\n  }\n\n  .partner-card--olympic img {\n    max-height: 100px;\n  }\n\n  .partner-card--premium img {\n    max-height: 20px;\n  }\n\n  .partner-card--official img {\n    max-height: 24px;\n  }\n\n  .partner-card--supporter img {\n    max-height: 28px;\n  }\n\n  .partners-grid {\n    display: grid;\n    gap: 1.5rem;\n  }\n\n  .partners-grid--olympic {\n    grid-template-columns: repeat(2, minmax(0, 1fr));\n  }\n\n  @media (min-width: 768px) {\n    .partners-grid--olympic {\n      grid-template-columns: repeat(3, minmax(0, 1fr));\n    }\n  }\n\n  @media (min-width: 1024px) {\n    .partners-grid--olympic {\n      grid-template-columns: repeat(5, minmax(0, 1fr));\n    }\n  }\n\n  .partners-row-center {\n    display: flex;\n    flex-wrap: wrap;\n    justify-content: center;\n    gap: 1.5rem;\n  }\n\n  .partners-row-center .partner-card {\n    width: 100%;\n    max-width: 220px;\n  }\n\n  @media (max-width: 767px) {\n    .partners-section {\n      padding-inline: 1rem;\n    }\n\n    .partner-card {\n      padding: 1.4rem;\n    }\n  }\n<\/style>\t\t\t\t<\/div>\n\t\t\t\t<\/div>\n\t\t\t\t\t<\/div>\n\t\t<\/div>\n\t\t\t\t\t<\/div>\n\t\t<\/section>\n\t\t\t\t<\/div>\n\t\t<\/div>\n\t\t\t\t\t\t<\/div>\n\t\t\t\t<\/div>\n\t\t\t\t\t<\/div>\n\t\t<\/div>\n\t\t\t\t\t<\/div>\n\t\t<\/section>\n\t\t\t\t<\/div>\n\t\t","protected":false},"excerpt":{"rendered":"<p>LES JOJ LES JEUX OLYMPIQUES DE LA JEUNESSE Les Jeux Olympiques de la Jeunesse sont une comp\u00e9tition multisports r\u00e9serv\u00e9e aux jeunes athl\u00e8tes \u00e2g\u00e9s de 15 \u00e0 17 ans qui a pour mission non seulement d\u2019inspirer et d\u2019encourager la jeunesse, mais aussi de promouvoir l\u2019id\u00e9al et les valeurs olympiques. Dakar 2026 est l\u2019occasion de faire conna\u00eetre [&hellip;]<\/p>\n","protected":false},"author":1,"featured_media":0,"parent":0,"menu_order":0,"comment_status":"closed","ping_status":"closed","template":"elementor_header_footer","meta":{"_acf_changed":false,"footnotes":""},"class_list":["post-635","page","type-page","status-publish","hentry"],"acf":[],"_links":{"self":[{"href":"\/fr\/dakar-2026\/wp-json\/wp\/v2\/pages\/635","targetHints":{"allow":["GET"]}}],"collection":[{"href":"\/fr\/dakar-2026\/wp-json\/wp\/v2\/pages"}],"about":[{"href":"\/fr\/dakar-2026\/wp-json\/wp\/v2\/types\/page"}],"author":[{"embeddable":true,"href":"\/fr\/dakar-2026\/wp-json\/wp\/v2\/users\/1"}],"replies":[{"embeddable":true,"href":"\/fr\/dakar-2026\/wp-json\/wp\/v2\/comments?post=635"}],"version-history":[{"count":28,"href":"\/fr\/dakar-2026\/wp-json\/wp\/v2\/pages\/635\/revisions"}],"predecessor-version":[{"id":76106,"href":"\/fr\/dakar-2026\/wp-json\/wp\/v2\/pages\/635\/revisions\/76106"}],"wp:attachment":[{"href":"\/fr\/dakar-2026\/wp-json\/wp\/v2\/media?parent=635"}],"curies":[{"name":"wp","href":"https:\/\/api.w.org\/{rel}","templated":true}]}}