{"id":51156,"date":"2025-09-10T11:07:40","date_gmt":"2025-09-10T11:07:40","guid":{"rendered":"\/fr\/dakar-2026\/?page_id=51156"},"modified":"2026-02-07T14:09:58","modified_gmt":"2026-02-07T14:09:58","slug":"musique-officielle","status":"publish","type":"page","link":"\/fr\/dakar-2026\/musique-officielle\/","title":{"rendered":"Musique Officielle"},"content":{"rendered":"\t\t<div data-elementor-type=\"wp-page\" data-elementor-id=\"51156\" class=\"elementor elementor-51156\" data-elementor-post-type=\"page\">\n\t\t\t\t\t\t<section class=\"elementor-section elementor-top-section elementor-element elementor-element-7d88c72 elementor-section-boxed elementor-section-height-default elementor-section-height-default\" data-id=\"7d88c72\" data-element_type=\"section\" data-e-type=\"section\">\n\t\t\t\t\t\t<div class=\"elementor-container elementor-column-gap-default\">\n\t\t\t\t\t<div class=\"elementor-column elementor-col-100 elementor-top-column elementor-element elementor-element-10d6492\" data-id=\"10d6492\" data-element_type=\"column\" data-e-type=\"column\">\n\t\t\t<div class=\"elementor-widget-wrap elementor-element-populated\">\n\t\t\t\t\t\t<div class=\"elementor-element elementor-element-5dd5686 elementor-widget elementor-widget-spacer\" data-id=\"5dd5686\" data-element_type=\"widget\" data-e-type=\"widget\" data-widget_type=\"spacer.default\">\n\t\t\t\t<div class=\"elementor-widget-container\">\n\t\t\t\t\t\t\t<div class=\"elementor-spacer\">\n\t\t\t<div class=\"elementor-spacer-inner\"><\/div>\n\t\t<\/div>\n\t\t\t\t\t\t<\/div>\n\t\t\t\t<\/div>\n\t\t\t\t<div class=\"elementor-element elementor-element-4e5a6c0 elementor-widget elementor-widget-heading\" data-id=\"4e5a6c0\" data-element_type=\"widget\" data-e-type=\"widget\" data-widget_type=\"heading.default\">\n\t\t\t\t<div class=\"elementor-widget-container\">\n\t\t\t\t\t<h2 class=\"elementor-heading-title elementor-size-default\">Concours sur la cr\u00e9ation de la Musique Officielle des Jeux Olympiques de la Jeunesse Dakar 2026 <\/h2>\t\t\t\t<\/div>\n\t\t\t\t<\/div>\n\t\t\t\t\t<\/div>\n\t\t<\/div>\n\t\t\t\t\t<\/div>\n\t\t<\/section>\n\t\t\t\t<section class=\"elementor-section elementor-top-section elementor-element elementor-element-e449600 elementor-section-boxed elementor-section-height-default elementor-section-height-default\" data-id=\"e449600\" data-element_type=\"section\" data-e-type=\"section\">\n\t\t\t\t\t\t<div class=\"elementor-container elementor-column-gap-default\">\n\t\t\t\t\t<div class=\"elementor-column elementor-col-100 elementor-top-column elementor-element elementor-element-8193ae1\" data-id=\"8193ae1\" data-element_type=\"column\" data-e-type=\"column\">\n\t\t\t<div class=\"elementor-widget-wrap elementor-element-populated\">\n\t\t\t\t\t\t<section class=\"elementor-section elementor-inner-section elementor-element elementor-element-0ffcb2c elementor-section-boxed elementor-section-height-default elementor-section-height-default\" data-id=\"0ffcb2c\" data-element_type=\"section\" data-e-type=\"section\">\n\t\t\t\t\t\t<div class=\"elementor-container elementor-column-gap-default\">\n\t\t\t\t\t<div class=\"elementor-column elementor-col-50 elementor-inner-column elementor-element elementor-element-17f0d83\" data-id=\"17f0d83\" data-element_type=\"column\" data-e-type=\"column\">\n\t\t\t<div class=\"elementor-widget-wrap elementor-element-populated\">\n\t\t\t\t\t\t<div class=\"elementor-element elementor-element-23b9a5b elementor--h-position-center elementor--v-position-middle elementor-arrows-position-inside elementor-pagination-position-inside elementor-widget elementor-widget-slides\" data-id=\"23b9a5b\" data-element_type=\"widget\" data-e-type=\"widget\" data-settings=\"{&quot;autoplay_speed&quot;:3000,&quot;navigation&quot;:&quot;both&quot;,&quot;autoplay&quot;:&quot;yes&quot;,&quot;pause_on_hover&quot;:&quot;yes&quot;,&quot;pause_on_interaction&quot;:&quot;yes&quot;,&quot;infinite&quot;:&quot;yes&quot;,&quot;transition&quot;:&quot;slide&quot;,&quot;transition_speed&quot;:500}\" data-widget_type=\"slides.default\">\n\t\t\t\t<div class=\"elementor-widget-container\">\n\t\t\t\t\t\t\t\t\t<div class=\"elementor-swiper\">\n\t\t\t\t\t<div class=\"elementor-slides-wrapper elementor-main-swiper swiper\" role=\"region\" aria-roledescription=\"carousel\" aria-label=\"Slides\" dir=\"ltr\" data-animation=\"fadeInUp\">\n\t\t\t\t<div class=\"swiper-wrapper elementor-slides\">\n\t\t\t\t\t\t\t\t\t\t<div class=\"elementor-repeater-item-f5c67e9 swiper-slide\" role=\"group\" aria-roledescription=\"slide\"><div class=\"swiper-slide-bg\" role=\"img\" aria-label=\"AG_01-58\"><\/div><div class=\"swiper-slide-inner\" ><div class=\"swiper-slide-contents\"><\/div><\/div><\/div><div class=\"elementor-repeater-item-6f9e188 swiper-slide\" role=\"group\" aria-roledescription=\"slide\"><div class=\"swiper-slide-bg\" role=\"img\" aria-label=\"AG_01-50\"><\/div><div class=\"swiper-slide-inner\" ><div class=\"swiper-slide-contents\"><\/div><\/div><\/div><div class=\"elementor-repeater-item-8ef0665 swiper-slide\" role=\"group\" aria-roledescription=\"slide\"><div class=\"swiper-slide-bg\" role=\"img\" aria-label=\"ST_06340\"><\/div><div class=\"swiper-slide-inner\" ><div class=\"swiper-slide-contents\"><\/div><\/div><\/div><div class=\"elementor-repeater-item-5c861cb swiper-slide\" role=\"group\" aria-roledescription=\"slide\"><div class=\"swiper-slide-bg\" role=\"img\" aria-label=\"AG_01-23\"><\/div><div class=\"swiper-slide-inner\" ><div class=\"swiper-slide-contents\"><\/div><\/div><\/div><div class=\"elementor-repeater-item-5cf86ee swiper-slide\" role=\"group\" aria-roledescription=\"slide\"><div class=\"swiper-slide-bg\" role=\"img\" aria-label=\"AG_01-2\"><\/div><div class=\"swiper-slide-inner\" ><div class=\"swiper-slide-contents\"><\/div><\/div><\/div><div class=\"elementor-repeater-item-b4b7138 swiper-slide\" role=\"group\" aria-roledescription=\"slide\"><div class=\"swiper-slide-bg\" role=\"img\" aria-label=\"KHALILUS\"><\/div><div class=\"swiper-slide-inner\" ><div class=\"swiper-slide-contents\"><\/div><\/div><\/div><div class=\"elementor-repeater-item-ef6d74a swiper-slide\" role=\"group\" aria-roledescription=\"slide\"><div class=\"swiper-slide-bg\" role=\"img\" aria-label=\"AG_0-22\"><\/div><div class=\"swiper-slide-inner\" ><div class=\"swiper-slide-contents\"><\/div><\/div><\/div><div class=\"elementor-repeater-item-7fe3e22 swiper-slide\" role=\"group\" aria-roledescription=\"slide\"><div class=\"swiper-slide-bg\" role=\"img\" aria-label=\"AG_0-43\"><\/div><div class=\"swiper-slide-inner\" ><div class=\"swiper-slide-contents\"><\/div><\/div><\/div>\t\t\t\t<\/div>\n\t\t\t\t\t\t\t\t\t\t\t\t\t\t\t<div class=\"elementor-swiper-button elementor-swiper-button-prev\" role=\"button\" tabindex=\"0\" aria-label=\"Diapositive pr\u00e9c\u00e9dente\">\n\t\t\t\t\t\t\t<i aria-hidden=\"true\" class=\"eicon-chevron-left\"><\/i>\t\t\t\t\t\t<\/div>\n\t\t\t\t\t\t<div class=\"elementor-swiper-button elementor-swiper-button-next\" role=\"button\" tabindex=\"0\" aria-label=\"Diapositive suivante\">\n\t\t\t\t\t\t\t<i aria-hidden=\"true\" class=\"eicon-chevron-right\"><\/i>\t\t\t\t\t\t<\/div>\n\t\t\t\t\t\t\t\t\t\t\t\t\t\t\t\t<div class=\"swiper-pagination\"><\/div>\n\t\t\t\t\t\t\t\t\t\t\t\t<\/div>\n\t\t\t\t<\/div>\n\t\t\t\t\t\t\t\t<\/div>\n\t\t\t\t<\/div>\n\t\t\t\t\t<\/div>\n\t\t<\/div>\n\t\t\t\t<div class=\"elementor-column elementor-col-50 elementor-inner-column elementor-element elementor-element-78a65e4\" data-id=\"78a65e4\" data-element_type=\"column\" data-e-type=\"column\">\n\t\t\t<div class=\"elementor-widget-wrap elementor-element-populated\">\n\t\t\t\t\t\t<div class=\"elementor-element elementor-element-1f068f4 elementor-widget elementor-widget-text-editor\" data-id=\"1f068f4\" data-element_type=\"widget\" data-e-type=\"widget\" data-widget_type=\"text-editor.default\">\n\t\t\t\t<div class=\"elementor-widget-container\">\n\t\t\t\t\t\t\t\t\t<p><span style=\"font-weight: 400;\">Le S\u00e9n\u00e9gal, premier pays africain \u00e0 accueillir les Jeux Olympiques de la Jeunesse en 2026, est, \u00e0 ce titre, une vitrine du monde entier et un reflet de tout le continent.\u00a0\u200b<\/span><\/p><p><span style=\"font-weight: 400;\">Cet \u00e9v\u00e8nement sportif de dimension mondiale, est une premi\u00e8re en Afrique. Il permettra de r\u00e9unir, sur une p\u00e9riode de 14 jours de comp\u00e9tition et d\u2019activit\u00e9s, pr\u00e8s de 2700 athl\u00e8tes \u00e2g\u00e9s entre 14 et 18ans, filles et gar\u00e7ons, et plusieurs milliers d\u2019officiels et d\u2019accompagnants. \u200b<\/span><\/p><p><span style=\"font-weight: 400;\">\u00c0 cette occasion, il est pr\u00e9vu Le\u00a0concours sur\u00a0la cr\u00e9ation\u00a0de la\u00a0musique officielle\u00a0des Jeux\u00a0Olympiques\u00a0de la Jeunesse\u00a0Dakar 2026\u00a0(\u00ab<\/span><span style=\"font-weight: 400;\">\u00a0<\/span><span style=\"font-weight: 400;\">JOJ\u00a0Dakar 2026<\/span><span style=\"font-weight: 400;\">\u00a0<\/span><span style=\"font-weight: 400;\">\u00bb)\u00a0visant \u00e0 valoriser la cr\u00e9ativit\u00e9 de la jeunesse \u00e0 travers une\u00a0musique\u00a0qui marquera\u00a0les esprits\u00a0de tout un chacun.\u00a0\u00a0<\/span><\/p><p><span style=\"font-weight: 400;\">L\u2019organisation de ce concours\u00a0vise \u00e9galement\u00a0\u00e0\u00a0mobiliser\u00a0et impliquer activement la jeunesse\u00a0afin qu\u2019elle\u00a0contribue\u00a0pleinement\u00a0au succ\u00e8s de cette premier\u00a0\u00e9v\u00e9nement olympique\u00a0organis\u00e9\u00a0sur le continent africain.\u00a0<\/span><\/p><p><span style=\"font-weight: 400;\">De mani\u00e8re g\u00e9n\u00e9rale, ce concours se veut inclusif et\u00a0repr\u00e9sente\u00a0une\u00a0formidable opportunit\u00e9 pour\u00a0les jeunes\u00a0de\u00a0r\u00e9v\u00e9ler et\u00a0de concr\u00e9tiser\u00a0pleinement leur potentiel, tout\u00a0en portant\u00a0un\u00a0message\u00a0fort.<\/span><\/p>\t\t\t\t\t\t\t\t<\/div>\n\t\t\t\t<\/div>\n\t\t\t\t<div class=\"elementor-element elementor-element-538d5ef elementor-widget elementor-widget-text-editor\" data-id=\"538d5ef\" data-element_type=\"widget\" data-e-type=\"widget\" data-widget_type=\"text-editor.default\">\n\t\t\t\t<div class=\"elementor-widget-container\">\n\t\t\t\t\t\t\t\t\t<h4><a href=\"\/fr\/dakar-2026\/wp-content\/uploads\/2025\/09\/Conditions-de-Participation-Concours-Musique.pdf\" target=\"_blank\" rel=\"noopener\">T\u00e9l\u00e9charger les Termes de R\u00e9f\u00e9rence<\/a><\/h4>\t\t\t\t\t\t\t\t<\/div>\n\t\t\t\t<\/div>\n\t\t\t\t\t<\/div>\n\t\t<\/div>\n\t\t\t\t\t<\/div>\n\t\t<\/section>\n\t\t\t\t<section class=\"elementor-section elementor-inner-section elementor-element elementor-element-12f17e3 elementor-section-boxed elementor-section-height-default elementor-section-height-default\" data-id=\"12f17e3\" data-element_type=\"section\" data-e-type=\"section\">\n\t\t\t\t\t\t<div class=\"elementor-container elementor-column-gap-default\">\n\t\t\t\t\t<div class=\"elementor-column elementor-col-100 elementor-inner-column elementor-element elementor-element-1fee330\" data-id=\"1fee330\" data-element_type=\"column\" data-e-type=\"column\">\n\t\t\t<div class=\"elementor-widget-wrap elementor-element-populated\">\n\t\t\t\t\t\t<div class=\"elementor-element elementor-element-d5186dc elementor-widget elementor-widget-text-editor\" data-id=\"d5186dc\" data-element_type=\"widget\" data-e-type=\"widget\" data-widget_type=\"text-editor.default\">\n\t\t\t\t<div class=\"elementor-widget-container\">\n\t\t\t\t\t\t\t\t\t<h2><b>La musique officielle\u00a0<\/b><\/h2><p><span style=\"font-weight: 400;\">La musique officielle des JOJ, compos\u00e9e de l\u2019instrumental et des paroles qui l\u2019accompagnent, constituera l\u2019identit\u00e9 sonore des JOJ Dakar 2026. <\/span><span style=\"font-weight: 400;\">Elle sera utilis\u00e9e lors des diff\u00e9rents \u00e9v\u00e9nements organis\u00e9s\u00a0en lien avec\u00a0les\u00a0JOJ Dakar 2026\u00a0(activit\u00e9s d\u2019engagement et de mobilisation, c\u00e9r\u00e9monies, tourn\u00e9e de la flamme \u2026)<\/span><span style=\"font-weight: 400;\">\u200b<\/span><span style=\"font-weight: 400;\">.\u00a0<\/span><span style=\"font-weight: 400;\">Elle sera \u00e9galement jou\u00e9e lors de temps forts des JOJ Dakar 2026 tels que les c\u00e9r\u00e9monies d\u2019ouverture et de cl\u00f4ture et dans les sites de comp\u00e9tition.\u00a0<\/span><span style=\"font-weight: 400;\">Son r\u00f4le est de\u00a0donner une\u00a0ambiance\u00a0festive\u00a0contribuant \u00e0 rendre\u00a0les JOJ Dakar 2026\u00a0inoubliables.<\/span><\/p>\t\t\t\t\t\t\t\t<\/div>\n\t\t\t\t<\/div>\n\t\t\t\t\t<\/div>\n\t\t<\/div>\n\t\t\t\t\t<\/div>\n\t\t<\/section>\n\t\t\t\t<section class=\"elementor-section elementor-inner-section elementor-element elementor-element-ae9935d elementor-section-boxed elementor-section-height-default elementor-section-height-default\" data-id=\"ae9935d\" data-element_type=\"section\" data-e-type=\"section\">\n\t\t\t\t\t\t<div class=\"elementor-container elementor-column-gap-default\">\n\t\t\t\t\t<div class=\"elementor-column elementor-col-100 elementor-inner-column elementor-element elementor-element-08fe7d6\" data-id=\"08fe7d6\" data-element_type=\"column\" data-e-type=\"column\">\n\t\t\t<div class=\"elementor-widget-wrap elementor-element-populated\">\n\t\t\t\t\t\t<div class=\"elementor-element elementor-element-c41ea8c elementor-widget elementor-widget-text-editor\" data-id=\"c41ea8c\" data-element_type=\"widget\" data-e-type=\"widget\" data-widget_type=\"text-editor.default\">\n\t\t\t\t<div class=\"elementor-widget-container\">\n\t\t\t\t\t\t\t\t\t<h2><b>D\u00e9roul\u00e9 du concours<\/b><\/h2>\t\t\t\t\t\t\t\t<\/div>\n\t\t\t\t<\/div>\n\t\t\t\t<div class=\"elementor-element elementor-element-66b7877 elementor-icon-list--layout-traditional elementor-list-item-link-full_width elementor-widget elementor-widget-icon-list\" data-id=\"66b7877\" data-element_type=\"widget\" data-e-type=\"widget\" data-widget_type=\"icon-list.default\">\n\t\t\t\t<div class=\"elementor-widget-container\">\n\t\t\t\t\t\t\t<ul class=\"elementor-icon-list-items\">\n\t\t\t\t\t\t\t<li class=\"elementor-icon-list-item\">\n\t\t\t\t\t\t\t\t\t\t\t<span class=\"elementor-icon-list-icon\">\n\t\t\t\t\t\t\t<i aria-hidden=\"true\" class=\"fas fa-check\"><\/i>\t\t\t\t\t\t<\/span>\n\t\t\t\t\t\t\t\t\t\t<span class=\"elementor-icon-list-text\">Un appel \u00e0\u00a0propositions\u00a0national\u00a0est diffus\u00e9 \u00e0 l'attention\u00a0des\u00a0auteurs,\u00a0compositeurs et\u00a0artiste-interpr\u00e8tes\u00a0de nationalit\u00e9\u00a0s\u00e9n\u00e9galaise.<\/span>\n\t\t\t\t\t\t\t\t\t<\/li>\n\t\t\t\t\t\t\t\t<li class=\"elementor-icon-list-item\">\n\t\t\t\t\t\t\t\t\t\t\t<span class=\"elementor-icon-list-icon\">\n\t\t\t\t\t\t\t<i aria-hidden=\"true\" class=\"fas fa-check\"><\/i>\t\t\t\t\t\t<\/span>\n\t\t\t\t\t\t\t\t\t\t<span class=\"elementor-icon-list-text\">Une c\u00e9r\u00e9monie de lancement suivie d\u2019une session d\u2019information, accessible\u00a0\u00e0 tous\u00a0sur inscription,\u00a0est\u00a0organis\u00e9e.<\/span>\n\t\t\t\t\t\t\t\t\t<\/li>\n\t\t\t\t\t\t\t\t<li class=\"elementor-icon-list-item\">\n\t\t\t\t\t\t\t\t\t\t\t<span class=\"elementor-icon-list-icon\">\n\t\t\t\t\t\t\t<i aria-hidden=\"true\" class=\"fas fa-check\"><\/i>\t\t\t\t\t\t<\/span>\n\t\t\t\t\t\t\t\t\t\t<span class=\"elementor-icon-list-text\">Une plateforme\u00a0d\u00e9di\u00e9e\u00a0est mise en\u00a0ligne \u00e0 la\u00a0suite de la session d\u2019information et les\u00a0participants y d\u00e9poseront\u00a0leurs propositions.<\/span>\n\t\t\t\t\t\t\t\t\t<\/li>\n\t\t\t\t\t\t<\/ul>\n\t\t\t\t\t\t<\/div>\n\t\t\t\t<\/div>\n\t\t\t\t<div class=\"elementor-element elementor-element-a9ba452 elementor-widget elementor-widget-text-editor\" data-id=\"a9ba452\" data-element_type=\"widget\" data-e-type=\"widget\" data-widget_type=\"text-editor.default\">\n\t\t\t\t<div class=\"elementor-widget-container\">\n\t\t\t\t\t\t\t\t\t<h2><b>Quelle musique pour les JOJ 2026\u00a0?<\/b><\/h2><p><b>Th\u00e8me\u00a0:\u00a0\u00ab\u00a0De l\u2019Histoire\u00a0\u00e0\u00a0l\u2019Avenir\u00a0\u00bb<\/b><\/p><p><b>Un r\u00e9cit \u00e0 \u00e9crire autour d&rsquo;un imaginaire collectif.<\/b><\/p><p><span style=\"font-weight: 400;\">Description du th\u00e8me\u200b<\/span><\/p><p><span style=\"font-weight: 400;\">\u00ab De l\u2019Histoire \u00e0 l\u2019Avenir \u00bb est plus qu&rsquo;un\u00a0th\u00e8me,\u00a0c&rsquo;est une r\u00e9alit\u00e9 v\u00e9cue au quotidien par le peuple s\u00e9n\u00e9galais. En honorant son pass\u00e9 et en construisant activement son avenir, le S\u00e9n\u00e9gal continue de montrer au monde la puissance de son h\u00e9ritage et le potentiel illimit\u00e9 de sa jeunesse.\u00a0\u200bL&rsquo;avenir du pays repose sur une vision o\u00f9 le pass\u00e9 et le pr\u00e9sent se rencontrent pour cr\u00e9er un futur prometteur.\u00a0<\/span><\/p><p><span style=\"font-weight: 400;\">Le S\u00e9n\u00e9gal brille sur la sc\u00e8ne internationale gr\u00e2ce \u00e0 sa culture, ses arts et ses sports. Et pour la jeunesse l&rsquo;histoire riche et le pr\u00e9sent dynamique du pays sont des sources d&rsquo;inspiration in\u00e9puisables.\u200b<\/span><\/p><p><span style=\"font-weight: 400;\">La musique officielle devra promouvoir\u00a0les JOJ\u00a0Dakar 2026 et honorer l\u2019histoire du S\u00e9n\u00e9gal, tout en inspirant la jeunesse \u00e0 \u00e9crire le prochain chapitre. \u200b<\/span><\/p><p><span style=\"font-weight: 400;\">Elle devra v\u00e9hiculer des valeurs et f\u00e9d\u00e9rer tout un pays, voire tout un continent. \u200b<\/span><\/p><p><span style=\"font-weight: 400;\">Elle devra traduire l&rsquo;unit\u00e9 et la coh\u00e9sion de tous les S\u00e9n\u00e9galais.\u200b<\/span><\/p><p><span style=\"font-weight: 400;\">Elle devra non seulement montrer l\u2019enracinement dans les valeurs du S\u00e9n\u00e9gal, mais aussi un pays ouvert \u00e0 la fraternit\u00e9, \u00e0 la solidarit\u00e9 et \u00e0 la modernit\u00e9.\u200b<\/span><\/p>\t\t\t\t\t\t\t\t<\/div>\n\t\t\t\t<\/div>\n\t\t\t\t<div class=\"elementor-element elementor-element-3340370 elementor-icon-list--layout-traditional elementor-list-item-link-full_width elementor-widget elementor-widget-icon-list\" data-id=\"3340370\" data-element_type=\"widget\" data-e-type=\"widget\" data-widget_type=\"icon-list.default\">\n\t\t\t\t<div class=\"elementor-widget-container\">\n\t\t\t\t\t\t\t<ul class=\"elementor-icon-list-items\">\n\t\t\t\t\t\t\t<li class=\"elementor-icon-list-item\">\n\t\t\t\t\t\t\t\t\t\t\t<span class=\"elementor-icon-list-icon\">\n\t\t\t\t\t\t\t<i aria-hidden=\"true\" class=\"fas fa-check\"><\/i>\t\t\t\t\t\t<\/span>\n\t\t\t\t\t\t\t\t\t\t<span class=\"elementor-icon-list-text\">Valeurs :\u00a0amiti\u00e9,\u00a0excellence,\u00a0respect,\u00a0inspiration, passion, performance\u200b<\/span>\n\t\t\t\t\t\t\t\t\t<\/li>\n\t\t\t\t\t\t\t\t<li class=\"elementor-icon-list-item\">\n\t\t\t\t\t\t\t\t\t\t\t<span class=\"elementor-icon-list-icon\">\n\t\t\t\t\t\t\t<i aria-hidden=\"true\" class=\"fas fa-check\"><\/i>\t\t\t\t\t\t<\/span>\n\t\t\t\t\t\t\t\t\t\t<span class=\"elementor-icon-list-text\">Mots cl\u00e9s : sport, culture, fun, jeunesse, avenir\u200b<\/span>\n\t\t\t\t\t\t\t\t\t<\/li>\n\t\t\t\t\t\t<\/ul>\n\t\t\t\t\t\t<\/div>\n\t\t\t\t<\/div>\n\t\t\t\t<div class=\"elementor-element elementor-element-498fa83 elementor-widget elementor-widget-text-editor\" data-id=\"498fa83\" data-element_type=\"widget\" data-e-type=\"widget\" data-widget_type=\"text-editor.default\">\n\t\t\t\t<div class=\"elementor-widget-container\">\n\t\t\t\t\t\t\t\t\t<p>La musique officielle doit \u00eatre enti\u00e8rement originale, cr\u00e9\u00e9e sp\u00e9cifiquement pour les Jeux Olympiques de la Jeunesse Dakar 2026. Elle ne doit faire aucun lien avec des marques ou signes commerciaux, ni avec des id\u00e9ologies politiques, religieuses, ethniques, sexistes, discriminatoires de toute autre mani\u00e8re, promouvant la violence et\/ou la haine et ne doit en porter aucun signe repr\u00e9sentatif. Toute proposition ne respectant pas cette exigence sera automatiquement \u00e9cart\u00e9e.<\/p><p><span style=\"font-weight: 400;\">La musique\u00a0officielle\u00a0peut \u00eatre compos\u00e9e\u00a0avec\u00a0plusieurs styles musicaux dans une totale harmonie.<\/span><\/p><p><span style=\"font-weight: 400;\">L\u2019utilisation de sonorit\u00e9s et instruments locaux est encourag\u00e9e.<\/span><\/p><p><span style=\"font-weight: 400;\">La musique officielle devra \u00eatre mainstream, adapt\u00e9e\u00a0dans la mesure du possible \u00e0 tous types de publics.<\/span><\/p><p><span style=\"font-weight: 400;\">La musique devra obligatoirement comporter des paroles\u00a0qui\u00a0devront refl\u00e9ter les valeurs des JOJ Dakar 2026\u00a0et ne pas contenir de mots ou phrases d\u00e9gradants ou obsc\u00e8nes.<\/span><\/p>\t\t\t\t\t\t\t\t<\/div>\n\t\t\t\t<\/div>\n\t\t\t\t\t<\/div>\n\t\t<\/div>\n\t\t\t\t\t<\/div>\n\t\t<\/section>\n\t\t\t\t\t<\/div>\n\t\t<\/div>\n\t\t\t\t\t<\/div>\n\t\t<\/section>\n\t\t\t\t<section class=\"elementor-section elementor-top-section elementor-element elementor-element-9cfb280 elementor-section-content-middle elementor-section-boxed elementor-section-height-default elementor-section-height-default\" data-id=\"9cfb280\" data-element_type=\"section\" data-e-type=\"section\" id=\"id-de-ta-section\" data-settings=\"{&quot;background_background&quot;:&quot;classic&quot;}\">\n\t\t\t\t\t\t<div class=\"elementor-container elementor-column-gap-default\">\n\t\t\t\t\t<div class=\"elementor-column elementor-col-100 elementor-top-column elementor-element elementor-element-3e85b03\" data-id=\"3e85b03\" data-element_type=\"column\" data-e-type=\"column\">\n\t\t\t<div class=\"elementor-widget-wrap elementor-element-populated\">\n\t\t\t\t\t\t<section class=\"elementor-section elementor-inner-section elementor-element elementor-element-ead5ab9 elementor-section-content-middle elementor-section-boxed elementor-section-height-default elementor-section-height-default\" data-id=\"ead5ab9\" data-element_type=\"section\" data-e-type=\"section\">\n\t\t\t\t\t\t<div class=\"elementor-container elementor-column-gap-default\">\n\t\t\t\t\t<div class=\"elementor-column elementor-col-100 elementor-inner-column elementor-element elementor-element-c2f4255\" data-id=\"c2f4255\" data-element_type=\"column\" data-e-type=\"column\">\n\t\t\t<div class=\"elementor-widget-wrap elementor-element-populated\">\n\t\t\t\t\t\t<div class=\"elementor-element elementor-element-5c88e2e elementor-widget elementor-widget-heading\" data-id=\"5c88e2e\" data-element_type=\"widget\" data-e-type=\"widget\" data-widget_type=\"heading.default\">\n\t\t\t\t<div class=\"elementor-widget-container\">\n\t\t\t\t\t<h2 class=\"elementor-heading-title elementor-size-default\">Participe au concours de la musique officielle des JOJ\n<\/h2>\t\t\t\t<\/div>\n\t\t\t\t<\/div>\n\t\t\t\t<div class=\"elementor-element elementor-element-39f0266 elementor-align-center elementor-widget elementor-widget-button\" data-id=\"39f0266\" data-element_type=\"widget\" data-e-type=\"widget\" data-widget_type=\"button.default\">\n\t\t\t\t<div class=\"elementor-widget-container\">\n\t\t\t\t\t\t\t\t\t<div class=\"elementor-button-wrapper\">\n\t\t\t\t\t<a class=\"elementor-button elementor-button-link elementor-size-sm\" href=\"https:\/\/forms.gle\/ZQ3KhevhLm5kewNX6\">\n\t\t\t\t\t\t<span class=\"elementor-button-content-wrapper\">\n\t\t\t\t\t\t<span class=\"elementor-button-icon\">\n\t\t\t\t<i aria-hidden=\"true\" class=\"icon icon-right-arrow\"><\/i>\t\t\t<\/span>\n\t\t\t\t\t\t\t\t\t<span class=\"elementor-button-text\">Je participe au concours<\/span>\n\t\t\t\t\t<\/span>\n\t\t\t\t\t<\/a>\n\t\t\t\t<\/div>\n\t\t\t\t\t\t\t\t<\/div>\n\t\t\t\t<\/div>\n\t\t\t\t\t<\/div>\n\t\t<\/div>\n\t\t\t\t\t<\/div>\n\t\t<\/section>\n\t\t\t\t\t<\/div>\n\t\t<\/div>\n\t\t\t\t\t<\/div>\n\t\t<\/section>\n\t\t\t\t<\/div>\n\t\t","protected":false},"excerpt":{"rendered":"<p>Concours sur la cr\u00e9ation de la Musique Officielle des Jeux Olympiques de la Jeunesse Dakar 2026 Le S\u00e9n\u00e9gal, premier pays africain \u00e0 accueillir les Jeux Olympiques de la Jeunesse en 2026, est, \u00e0 ce titre, une vitrine du monde entier et un reflet de tout le continent.\u00a0\u200b Cet \u00e9v\u00e8nement sportif de dimension mondiale, est une [&hellip;]<\/p>\n","protected":false},"author":1,"featured_media":0,"parent":0,"menu_order":0,"comment_status":"closed","ping_status":"closed","template":"elementor_header_footer","meta":{"_acf_changed":false,"footnotes":""},"class_list":["post-51156","page","type-page","status-publish","hentry"],"acf":[],"_links":{"self":[{"href":"\/fr\/dakar-2026\/wp-json\/wp\/v2\/pages\/51156","targetHints":{"allow":["GET"]}}],"collection":[{"href":"\/fr\/dakar-2026\/wp-json\/wp\/v2\/pages"}],"about":[{"href":"\/fr\/dakar-2026\/wp-json\/wp\/v2\/types\/page"}],"author":[{"embeddable":true,"href":"\/fr\/dakar-2026\/wp-json\/wp\/v2\/users\/1"}],"replies":[{"embeddable":true,"href":"\/fr\/dakar-2026\/wp-json\/wp\/v2\/comments?post=51156"}],"version-history":[{"count":82,"href":"\/fr\/dakar-2026\/wp-json\/wp\/v2\/pages\/51156\/revisions"}],"predecessor-version":[{"id":76170,"href":"\/fr\/dakar-2026\/wp-json\/wp\/v2\/pages\/51156\/revisions\/76170"}],"wp:attachment":[{"href":"\/fr\/dakar-2026\/wp-json\/wp\/v2\/media?parent=51156"}],"curies":[{"name":"wp","href":"https:\/\/api.w.org\/{rel}","templated":true}]}}