{"id":3079,"date":"2024-08-20T11:03:35","date_gmt":"2024-08-20T11:03:35","guid":{"rendered":"\/fr\/dakar-2026\/?page_id=3079"},"modified":"2026-02-07T14:03:43","modified_gmt":"2026-02-07T14:03:43","slug":"le-motto","status":"publish","type":"page","link":"\/fr\/dakar-2026\/le-motto\/","title":{"rendered":"Motto officiel"},"content":{"rendered":"\t\t<div data-elementor-type=\"wp-page\" data-elementor-id=\"3079\" class=\"elementor elementor-3079\" data-elementor-post-type=\"page\">\n\t\t\t\t\t\t<section class=\"elementor-section elementor-top-section elementor-element elementor-element-03c6633 elementor-section-boxed elementor-section-height-default elementor-section-height-default\" data-id=\"03c6633\" data-element_type=\"section\" data-e-type=\"section\">\n\t\t\t\t\t\t<div class=\"elementor-container elementor-column-gap-default\">\n\t\t\t\t\t<div class=\"elementor-column elementor-col-100 elementor-top-column elementor-element elementor-element-424c8bf\" data-id=\"424c8bf\" data-element_type=\"column\" data-e-type=\"column\">\n\t\t\t<div class=\"elementor-widget-wrap elementor-element-populated\">\n\t\t\t\t\t\t<div class=\"elementor-element elementor-element-357ea70 elementor-widget elementor-widget-heading\" data-id=\"357ea70\" data-element_type=\"widget\" data-e-type=\"widget\" data-widget_type=\"heading.default\">\n\t\t\t\t<div class=\"elementor-widget-container\">\n\t\t\t\t\t<h2 class=\"elementor-heading-title elementor-size-default\">Dakar 2026 d\u00e9voile sa devise officielle lors de la 142e Session du CIO\n<\/h2>\t\t\t\t<\/div>\n\t\t\t\t<\/div>\n\t\t\t\t<div class=\"elementor-element elementor-element-e690bd9 elementor-widget elementor-widget-text-editor\" data-id=\"e690bd9\" data-element_type=\"widget\" data-e-type=\"widget\" data-widget_type=\"text-editor.default\">\n\t\t\t\t<div class=\"elementor-widget-container\">\n\t\t\t\t\t\t\t\t\tLe comit\u00e9 d&rsquo;organisation des Jeux Olympiques de la Jeunesse de (COJOJ) a d\u00e9voil\u00e9 sa devise officielle pour la prochaine \u00e9dition des JOJ lors d&rsquo;une pr\u00e9sentation \u00e0 la\u00a0142e\u00a0Session du Comit\u00e9 International Olympique (CIO) \u00e0 Paris.\t\t\t\t\t\t\t\t<\/div>\n\t\t\t\t<\/div>\n\t\t\t\t<div class=\"elementor-element elementor-element-5a6db03 elementor-widget elementor-widget-html\" data-id=\"5a6db03\" data-element_type=\"widget\" data-e-type=\"widget\" data-widget_type=\"html.default\">\n\t\t\t\t<div class=\"elementor-widget-container\">\n\t\t\t\t\t<!-- SECTION LIQUIDE GLACE - HTML\/CSS\/JS POUR ELEMENTOR -->\n<section class=\"ice-section\" id=\"ice-section\">\n  <div class=\"ice-bg\" aria-hidden=\"true\">\n    <div class=\"ice-orb ice-orb--a\"><\/div>\n    <div class=\"ice-orb ice-orb--b\"><\/div>\n    <div class=\"ice-gridlines\"><\/div>\n  <\/div>\n\n  <div class=\"ice-wrap\">\n    <div class=\"ice-single\">\n      <figure class=\"ice-frame\" style=\"--ice-radius: 18px;\">\n        <img decoding=\"async\" src=\"\/fr\/dakar-2026-new\/wp-content\/uploads\/2024\/08\/qk0olntcrlxt4fncuhkb.png\" alt=\"\" loading=\"lazy\">\n      <\/figure>\n    <\/div>\n  <\/div>\n<\/section>\n\n<style>\n  @import url(\"https:\/\/fonts.googleapis.com\/css2?family=Space+Grotesk:wght@500;600;700&display=swap\");\n\n  :root {\n    --ice-ink: #0a0f1d;\n    --ice-glass: rgba(255, 255, 255, 0.55);\n    --ice-stroke: rgba(255, 255, 255, 0.85);\n    --ice-shadow: 0 24px 50px rgba(15, 15, 15, 0.12);\n  }\n\n  .ice-section {\n    position: relative;\n    background: radial-gradient(circle at top left, #ffffff 0%, #f7f7f7 45%, #ffffff 75%);\n    font-family: \"Space Grotesk\", system-ui, -apple-system, Segoe UI, sans-serif;\n    color: var(--ice-ink);\n    overflow: hidden;\n  }\n\n  .ice-bg {\n    position: absolute;\n    inset: 0;\n    pointer-events: none;\n  }\n\n  .ice-orb {\n    position: absolute;\n    width: 520px;\n    height: 520px;\n    border-radius: 50%;\n    opacity: 0.65;\n    background: radial-gradient(circle, rgba(255, 255, 255, 0.95), rgba(255, 255, 255, 0));\n    animation: ice-float 14s ease-in-out infinite;\n  }\n\n  .ice-orb--a { top: -200px; left: -140px; }\n  .ice-orb--b { top: 20%; right: -220px; animation-delay: -5s; }\n\n  .ice-gridlines {\n    position: absolute;\n    inset: 0;\n    background-image:\n      linear-gradient(transparent 94%, rgba(0, 0, 0, 0.04) 100%),\n      linear-gradient(90deg, transparent 94%, rgba(0, 0, 0, 0.04) 100%);\n    background-size: 64px 64px;\n    opacity: 0.25;\n  }\n\n  .ice-wrap {\n    position: relative;\n    z-index: 1;\n    max-width: none;\n    margin: 0 auto;\n    padding: 24px 0 36px;\n  }\n\n  .ice-single {\n    display: flex;\n    justify-content: stretch;\n  }\n\n  .ice-single .ice-frame {\n    width: 100%;\n  }\n\n  .ice-frame {\n    position: relative;\n    border-radius: var(--ice-radius, 18px);\n    overflow: hidden;\n    background: transparent;\n    border: none;\n    box-shadow: none;\n    backdrop-filter: none;\n    display: block;\n  }\n\n  .ice-frame img {\n    width: 100%;\n    height: 100%;\n    object-fit: cover;\n    display: block;\n  }\n\n  .ice-frame::before {\n    content: none;\n  }\n\n  .ice-frame::after {\n    content: none;\n  }\n\n  .ice-frame:hover {\n    transform: none;\n    box-shadow: none;\n    transition: transform 0.3s ease, box-shadow 0.3s ease;\n  }\n\n  @keyframes ice-float {\n    0%, 100% { transform: translateY(0); }\n    50% { transform: translateY(18px); }\n  }\n\n  @media (max-width: 640px) {\n    .ice-subtitle {\n      font-size: 0.95rem;\n    }\n  }\n<\/style>\n\t\t\t\t<\/div>\n\t\t\t\t<\/div>\n\t\t\t\t<div class=\"elementor-element elementor-element-aaa3651 elementor-widget elementor-widget-heading\" data-id=\"aaa3651\" data-element_type=\"widget\" data-e-type=\"widget\" data-widget_type=\"heading.default\">\n\t\t\t\t<div class=\"elementor-widget-container\">\n\t\t\t\t\t<h2 class=\"elementor-heading-title elementor-size-default\">\u00a9 Dakar 2026<\/h2>\t\t\t\t<\/div>\n\t\t\t\t<\/div>\n\t\t\t\t<div class=\"elementor-element elementor-element-8505c14 elementor-widget elementor-widget-text-editor\" data-id=\"8505c14\" data-element_type=\"widget\" data-e-type=\"widget\" data-widget_type=\"text-editor.default\">\n\t\t\t\t<div class=\"elementor-widget-container\">\n\t\t\t\t\t\t\t\t\t<p>La devise \u2013 \u00ab\u00a0L&rsquo;Afrique accueille, Dakar c\u00e9l\u00e8bre\u00a0\u00bb \u2013 met en avant le caract\u00e8re unique de cette \u00e9dition des JOJ, le S\u00e9n\u00e9gal \u00e9tant le premier pays africain \u00e0 accueillir un \u00e9v\u00e9nement sportif olympique. Le COJOJ a insist\u00e9 sur le fait que les JOJ seront un \u00e9v\u00e9nement pour l&rsquo;ensemble du continent africain.<\/p>\t\t\t\t\t\t\t\t<\/div>\n\t\t\t\t<\/div>\n\t\t\t\t<div class=\"elementor-element elementor-element-29e1a4e elementor-widget elementor-widget-video\" data-id=\"29e1a4e\" data-element_type=\"widget\" data-e-type=\"widget\" data-settings=\"{&quot;youtube_url&quot;:&quot;https:\\\/\\\/www.youtube.com\\\/watch?v=2GD_GXTxh3o&quot;,&quot;video_type&quot;:&quot;youtube&quot;,&quot;controls&quot;:&quot;yes&quot;}\" data-widget_type=\"video.default\">\n\t\t\t\t<div class=\"elementor-widget-container\">\n\t\t\t\t\t\t\t<div class=\"elementor-wrapper elementor-open-inline\">\n\t\t\t<div class=\"elementor-video\"><\/div>\t\t<\/div>\n\t\t\t\t\t\t<\/div>\n\t\t\t\t<\/div>\n\t\t\t\t<div class=\"elementor-element elementor-element-f09db9a elementor-widget elementor-widget-text-editor\" data-id=\"f09db9a\" data-element_type=\"widget\" data-e-type=\"widget\" data-widget_type=\"text-editor.default\">\n\t\t\t\t<div class=\"elementor-widget-container\">\n\t\t\t\t\t\t\t\t\t<p>Avec sa devise, Dakar 2026 souhaite d\u00e9velopper une marque qui souligne sa vision unique des JOJ, laquelle vise \u00e0 cr\u00e9er un \u00e9v\u00e9nement qui associe la T\u00e9ranga s\u00e9n\u00e9galaise \u2013 la g\u00e9n\u00e9rosit\u00e9 d&rsquo;esprit et l&rsquo;hospitalit\u00e9 de la nation h\u00f4te \u2013 avec le sport, la jeunesse, l&rsquo;espoir et la c\u00e9l\u00e9bration.<\/p>\t\t\t\t\t\t\t\t<\/div>\n\t\t\t\t<\/div>\n\t\t\t\t<div class=\"elementor-element elementor-element-d5778bb elementor-widget elementor-widget-text-editor\" data-id=\"d5778bb\" data-element_type=\"widget\" data-e-type=\"widget\" data-widget_type=\"text-editor.default\">\n\t\t\t\t<div class=\"elementor-widget-container\">\n\t\t\t\t\t\t\t\t\t<p>Les JOJ de Dakar 2026 se tiendront sur deux semaines, \u00e0 partir du 31 octobre 2026, et r\u00e9uniront les meilleurs jeunes athl\u00e8tes du monde. Ces Jeux qui se d\u00e9rouleront sur trois sites (Dakar, Diamniadio et Saly) ont l\u2019ambition de servir de catalyseur \u00e0 la transformation du S\u00e9n\u00e9gal par le sport, tout en devenant un mod\u00e8le pour les futurs h\u00f4tes des JOJ.<\/p><p>Avec sa devise \u00ab\u00a0L&rsquo;Afrique accueille, Dakar c\u00e9l\u00e8bre\u00a0\u00bb, le COJOJ veut aussi montrer que les jeunes Africains sont pr\u00eats \u00e0 accueillir la jeunesse du monde entier pour fa\u00e7onner ensemble leur avenir commun pendant les Jeux.<\/p><p>Kirsty Coventry a \u00e9galement d\u00e9voil\u00e9 les plans de Dakar 2026 pour mobiliser les fans lors des\u00a0<a href=\"https:\/\/olympics.com\/cio\/paris-2024\">Jeux Olympiques de Paris 2024<\/a>.<\/p><p>L&rsquo;\u00cele-Saint-Denis \u00e9tant transform\u00e9e en \u00ab\u00a0Station Afrique\u00a0\u00bb, une fan zone d\u00e9di\u00e9e \u00e0 la culture et au sport africains, le COJOJ se joindra aux c\u00e9l\u00e9brations avec un programme sp\u00e9cial d\u2019activit\u00e9s tout au long des Jeux.<\/p><p>Dakar 2026 accueillera par ailleurs une s\u00e9rie d&rsquo;\u00e9v\u00e9nements sur le site d&rsquo;animation situ\u00e9 au Parc Georges-Valbon, en Seine-Saint-Denis, qui s&rsquo;animera pendant les Jeux avec des retransmissions sur \u00e9crans g\u00e9ants, des ateliers interactifs, des \u00e9v\u00e9nements artistiques et des activit\u00e9s sportives.<\/p>\t\t\t\t\t\t\t\t<\/div>\n\t\t\t\t<\/div>\n\t\t\t\t\t<\/div>\n\t\t<\/div>\n\t\t\t\t\t<\/div>\n\t\t<\/section>\n\t\t\t\t<\/div>\n\t\t","protected":false},"excerpt":{"rendered":"<p>Dakar 2026 d\u00e9voile sa devise officielle lors de la 142e Session du CIO Le comit\u00e9 d&rsquo;organisation des Jeux Olympiques de la Jeunesse de (COJOJ) a d\u00e9voil\u00e9 sa devise officielle pour la prochaine \u00e9dition des JOJ lors d&rsquo;une pr\u00e9sentation \u00e0 la\u00a0142e\u00a0Session du Comit\u00e9 International Olympique (CIO) \u00e0 Paris. \u00a9 Dakar 2026 La devise \u2013 \u00ab\u00a0L&rsquo;Afrique accueille, [&hellip;]<\/p>\n","protected":false},"author":1,"featured_media":0,"parent":0,"menu_order":0,"comment_status":"closed","ping_status":"closed","template":"elementor_header_footer","meta":{"_acf_changed":false,"footnotes":""},"class_list":["post-3079","page","type-page","status-publish","hentry"],"acf":[],"_links":{"self":[{"href":"\/fr\/dakar-2026\/wp-json\/wp\/v2\/pages\/3079","targetHints":{"allow":["GET"]}}],"collection":[{"href":"\/fr\/dakar-2026\/wp-json\/wp\/v2\/pages"}],"about":[{"href":"\/fr\/dakar-2026\/wp-json\/wp\/v2\/types\/page"}],"author":[{"embeddable":true,"href":"\/fr\/dakar-2026\/wp-json\/wp\/v2\/users\/1"}],"replies":[{"embeddable":true,"href":"\/fr\/dakar-2026\/wp-json\/wp\/v2\/comments?post=3079"}],"version-history":[{"count":28,"href":"\/fr\/dakar-2026\/wp-json\/wp\/v2\/pages\/3079\/revisions"}],"predecessor-version":[{"id":76164,"href":"\/fr\/dakar-2026\/wp-json\/wp\/v2\/pages\/3079\/revisions\/76164"}],"wp:attachment":[{"href":"\/fr\/dakar-2026\/wp-json\/wp\/v2\/media?parent=3079"}],"curies":[{"name":"wp","href":"https:\/\/api.w.org\/{rel}","templated":true}]}}