{"id":8787,"date":"2025-01-14T10:57:52","date_gmt":"2025-01-14T10:57:52","guid":{"rendered":"https:\/\/digitalsmartlab.tech\/fr\/dakar-2026\/?page_id=8787"},"modified":"2026-02-07T14:05:42","modified_gmt":"2026-02-07T14:05:42","slug":"mascotte-officielle","status":"publish","type":"page","link":"\/fr\/dakar-2026\/en\/mascotte-officielle\/","title":{"rendered":"Official Mascot"},"content":{"rendered":"<div data-elementor-type=\"wp-page\" data-elementor-id=\"8787\" class=\"elementor elementor-8787\" data-elementor-post-type=\"page\">\n\t\t\t\t\t\t<section class=\"elementor-section elementor-top-section elementor-element elementor-element-ebfea13 elementor-section-boxed elementor-section-height-default elementor-section-height-default\" data-id=\"ebfea13\" data-element_type=\"section\" data-e-type=\"section\">\n\t\t\t\t\t\t<div class=\"elementor-container elementor-column-gap-default\">\n\t\t\t\t\t<div class=\"elementor-column elementor-col-100 elementor-top-column elementor-element elementor-element-18d2a6f\" data-id=\"18d2a6f\" data-element_type=\"column\" data-e-type=\"column\">\n\t\t\t<div class=\"elementor-widget-wrap elementor-element-populated\">\n\t\t\t\t\t\t<div class=\"elementor-element elementor-element-bab2469 elementor-widget elementor-widget-heading\" data-id=\"bab2469\" data-element_type=\"widget\" data-e-type=\"widget\" data-widget_type=\"heading.default\">\n\t\t\t\t<div class=\"elementor-widget-container\">\n\t\t\t\t\t<h2 class=\"elementor-heading-title elementor-size-default\">DAKAR 2026 OFFICIAL MASCOT<\/h2>\t\t\t\t<\/div>\n\t\t\t\t<\/div>\n\t\t\t\t\t<\/div>\n\t\t<\/div>\n\t\t\t\t\t<\/div>\n\t\t<\/section>\n\t\t\t\t<section class=\"elementor-section elementor-top-section elementor-element elementor-element-9f5479f elementor-section-boxed elementor-section-height-default elementor-section-height-default\" data-id=\"9f5479f\" data-element_type=\"section\" data-e-type=\"section\">\n\t\t\t\t\t\t<div class=\"elementor-container elementor-column-gap-default\">\n\t\t\t\t\t<div class=\"elementor-column elementor-col-100 elementor-top-column elementor-element elementor-element-8d3cedb\" data-id=\"8d3cedb\" data-element_type=\"column\" data-e-type=\"column\">\n\t\t\t<div class=\"elementor-widget-wrap elementor-element-populated\">\n\t\t\t\t\t\t<div class=\"elementor-element elementor-element-5691068 elementor-widget elementor-widget-heading\" data-id=\"5691068\" data-element_type=\"widget\" data-e-type=\"widget\" data-widget_type=\"heading.default\">\n\t\t\t\t<div class=\"elementor-widget-container\">\n\t\t\t\t\t<h2 class=\"elementor-heading-title elementor-size-default\">AYO, the lion who roared with joy\n<\/h2>\t\t\t\t<\/div>\n\t\t\t\t<\/div>\n\t\t\t\t<div class=\"elementor-element elementor-element-552e9d1 elementor-widget elementor-widget-text-editor\" data-id=\"552e9d1\" data-element_type=\"widget\" data-e-type=\"widget\" data-widget_type=\"text-editor.default\">\n\t\t\t\t<div class=\"elementor-widget-container\">\n\t\t\t\t\t\t\t\t\t<p><span style=\"font-weight: 400;\">Once upon a time, there was a vast golden plain in the heart of West Africa, in\nSenegal, there was a young lion unlike any other. He did not roar to impress or to\nhunt. He roared with joy. His name was Ayo, a word that resonates in many African\nlanguages as an invitation to happiness, an explosion of positive energy and a\ncelebration of life. Ayo is not just a lion. He is the embodiment of the joyful and courageous spirit of\nAfrican youth. He embodies enthusiasm, pride, hospitality, and above all, unity in\ndiversity.<\/span><\/p>\t\t\t\t\t\t\t\t<\/div>\n\t\t\t\t<\/div>\n\t\t\t\t<div class=\"elementor-element elementor-element-3cfb596 elementor-widget elementor-widget-image\" data-id=\"3cfb596\" data-element_type=\"widget\" data-e-type=\"widget\" data-widget_type=\"image.default\">\n\t\t\t\t<div class=\"elementor-widget-container\">\n\t\t\t\t\t\t\t\t\t\t\t\t\t\t\t<img fetchpriority=\"high\" decoding=\"async\" width=\"2560\" height=\"1440\" src=\"\/fr\/dakar-2026\/wp-content\/uploads\/2025\/11\/WELCOME-1-scaled.jpg\" class=\"attachment-full size-full wp-image-61623\" alt=\"\" srcset=\"https:\/\/digitalsmartlab.tech\/fr\/dakar-2026\/wp-content\/uploads\/2025\/11\/WELCOME-1-scaled.jpg 2560w, https:\/\/digitalsmartlab.tech\/fr\/dakar-2026\/wp-content\/uploads\/2025\/11\/WELCOME-1-300x169.jpg 300w, https:\/\/digitalsmartlab.tech\/fr\/dakar-2026\/wp-content\/uploads\/2025\/11\/WELCOME-1-1024x576.jpg 1024w, https:\/\/digitalsmartlab.tech\/fr\/dakar-2026\/wp-content\/uploads\/2025\/11\/WELCOME-1-768x432.jpg 768w, https:\/\/digitalsmartlab.tech\/fr\/dakar-2026\/wp-content\/uploads\/2025\/11\/WELCOME-1-1536x864.jpg 1536w, https:\/\/digitalsmartlab.tech\/fr\/dakar-2026\/wp-content\/uploads\/2025\/11\/WELCOME-1-2048x1152.jpg 2048w, https:\/\/digitalsmartlab.tech\/fr\/dakar-2026\/wp-content\/uploads\/2025\/11\/WELCOME-1-18x10.jpg 18w\" sizes=\"(max-width: 2560px) 100vw, 2560px\" \/>\t\t\t\t\t\t\t\t\t\t\t\t\t\t\t<\/div>\n\t\t\t\t<\/div>\n\t\t\t\t<div class=\"elementor-element elementor-element-80eaf81 elementor-widget elementor-widget-heading\" data-id=\"80eaf81\" data-element_type=\"widget\" data-e-type=\"widget\" data-widget_type=\"heading.default\">\n\t\t\t\t<div class=\"elementor-widget-container\">\n\t\t\t\t\t<h2 class=\"elementor-heading-title elementor-size-default\">AYO was born in the land of \u201cTeranga\u201d.<\/h2>\t\t\t\t<\/div>\n\t\t\t\t<\/div>\n\t\t\t\t<div class=\"elementor-element elementor-element-350038e elementor-widget elementor-widget-text-editor\" data-id=\"350038e\" data-element_type=\"widget\" data-e-type=\"widget\" data-widget_type=\"text-editor.default\">\n\t\t\t\t<div class=\"elementor-widget-container\">\n\t\t\t\t\t\t\t\t\t<p><span style=\"font-weight: 400;\">Ayo was born in the land of Teranga, Senegal, a country that welcomes foreigners as\nbrothers and sisters and shares joy even in times of hardship. He grew up to the beat\nof the djembe, lulled by the tales of his elders and inspired by young people playing\nfootball on the sand and dreaming of becoming champions. One day when he heard\nabout the Dakar 2026 Youth Olympic Games, AYO realised that it was time to roar for\na greater cause: youth, sport, peace, and a rising Africa.<\/span><\/p>\t\t\t\t\t\t\t\t<\/div>\n\t\t\t\t<\/div>\n\t\t\t\t<div class=\"elementor-element elementor-element-c536d32 elementor-widget elementor-widget-heading\" data-id=\"c536d32\" data-element_type=\"widget\" data-e-type=\"widget\" data-widget_type=\"heading.default\">\n\t\t\t\t<div class=\"elementor-widget-container\">\n\t\t\t\t\t<h2 class=\"elementor-heading-title elementor-size-default\">An African lion for the whole world!<\/h2>\t\t\t\t<\/div>\n\t\t\t\t<\/div>\n\t\t\t\t<div class=\"elementor-element elementor-element-d527702 elementor-widget elementor-widget-text-editor\" data-id=\"d527702\" data-element_type=\"widget\" data-e-type=\"widget\" data-widget_type=\"text-editor.default\">\n\t\t\t\t<div class=\"elementor-widget-container\">\n\t\t\t\t\t\t\t\t\t<p><span style=\"font-weight: 400;\">AYO wears the vibrant, multicoloured mane of Africa, full of cultures, traditions and\npromise. His smile reflects the youthful dynamism of a continent ready to embrace\nthe world. He looks to the future, but his roots are firmly in the heritage of his\nancestors. He is not alone. He runs with children, dances with champions and\nreaches out to those who doubt. He is there to encourage, bring people together, and\ntransmit a unique energy: the joy of coming together and achieving great things.<\/span><\/p>\t\t\t\t\t\t\t\t<\/div>\n\t\t\t\t<\/div>\n\t\t\t\t<div class=\"elementor-element elementor-element-1957609 elementor-widget elementor-widget-heading\" data-id=\"1957609\" data-element_type=\"widget\" data-e-type=\"widget\" data-widget_type=\"heading.default\">\n\t\t\t\t<div class=\"elementor-widget-container\">\n\t\t\t\t\t<h2 class=\"elementor-heading-title elementor-size-default\">AYO is a living symbol.<\/h2>\t\t\t\t<\/div>\n\t\t\t\t<\/div>\n\t\t\t\t<div class=\"elementor-element elementor-element-e50ec1c elementor-widget elementor-widget-text-editor\" data-id=\"e50ec1c\" data-element_type=\"widget\" data-e-type=\"widget\" data-widget_type=\"text-editor.default\">\n\t\t\t\t<div class=\"elementor-widget-container\">\n\t\t\t\t\t\t\t\t\t<p><span style=\"font-weight: 400;\">Through AYO, all of Africa is celebrating its first Olympic event, and Senegal is\nopening its arms in proud welcome. He embodies the values of the Games \u2014\nExcellence, Friendship and Respect \u2014 with an added touch of African warmth. AYO\nis more than just a mascot. He is a cry from the heart. A light. A promise. When you\nsee AYO, remember that true strength comes not from claws, but from smiles,\nsharing and the contagious joy that can change the world.<\/span><\/p>\t\t\t\t\t\t\t\t<\/div>\n\t\t\t\t<\/div>\n\t\t\t\t<div class=\"elementor-element elementor-element-5b5fe88 elementor-widget elementor-widget-heading\" data-id=\"5b5fe88\" data-element_type=\"widget\" data-e-type=\"widget\" data-widget_type=\"heading.default\">\n\t\t\t\t<div class=\"elementor-widget-container\">\n\t\t\t\t\t<h2 class=\"elementor-heading-title elementor-size-default\">Tribute to Africa...<\/h2>\t\t\t\t<\/div>\n\t\t\t\t<\/div>\n\t\t\t\t<div class=\"elementor-element elementor-element-d6aaf7d elementor-widget elementor-widget-text-editor\" data-id=\"d6aaf7d\" data-element_type=\"widget\" data-e-type=\"widget\" data-widget_type=\"text-editor.default\">\n\t\t\t\t<div class=\"elementor-widget-container\">\n\t\t\t\t\t\t\t\t\t<p><span style=\"font-weight: 400;\">The name AYO is of Yoruba origin. It means \u2018Joy\u2019 in this language native to Nigeria.\nHowever, it is commonly used in West Africa in particular and is considered a unisex name. In Yoruba, the language in which it has its roots, \u2018AYO\u2019 is a term that evokes\ncheerfulness, happiness and bliss.<\/span><\/p><p><span style=\"font-weight: 400;\">It is very common in West Africa and is a beautiful tribute to Africa as a whole<\/span><\/p>\t\t\t\t\t\t\t\t<\/div>\n\t\t\t\t<\/div>\n\t\t\t\t<div class=\"elementor-element elementor-element-8c914a6 elementor-widget elementor-widget-video\" data-id=\"8c914a6\" data-element_type=\"widget\" data-e-type=\"widget\" data-settings=\"{&quot;youtube_url&quot;:&quot;https:\\\/\\\/www.youtube.com\\\/watch?v=PQQgUNGge_w&quot;,&quot;autoplay&quot;:&quot;yes&quot;,&quot;loop&quot;:&quot;yes&quot;,&quot;video_type&quot;:&quot;youtube&quot;,&quot;controls&quot;:&quot;yes&quot;}\" data-widget_type=\"video.default\">\n\t\t\t\t<div class=\"elementor-widget-container\">\n\t\t\t\t\t\t\t<div class=\"elementor-wrapper elementor-open-inline\">\n\t\t\t<div class=\"elementor-video\"><\/div>\t\t<\/div>\n\t\t\t\t\t\t<\/div>\n\t\t\t\t<\/div>\n\t\t\t\t<div class=\"elementor-element elementor-element-23201e0 elementor-widget elementor-widget-heading\" data-id=\"23201e0\" data-element_type=\"widget\" data-e-type=\"widget\" data-widget_type=\"heading.default\">\n\t\t\t\t<div class=\"elementor-widget-container\">\n\t\t\t\t\t<h2 class=\"elementor-heading-title elementor-size-default\">TWO CREATIVE MINDS\n<\/h2>\t\t\t\t<\/div>\n\t\t\t\t<\/div>\n\t\t\t\t<div class=\"elementor-element elementor-element-5a5d412 elementor-widget elementor-widget-text-editor\" data-id=\"5a5d412\" data-element_type=\"widget\" data-e-type=\"widget\" data-widget_type=\"text-editor.default\">\n\t\t\t\t<div class=\"elementor-widget-container\">\n\t\t\t\t\t\t\t\t\t<p><i><span style=\"font-weight: 400;\">The mascot was selected through a national competition organized by the Dakar 2026 Organizing Committee, in collaboration with the Ministry of National Education. Open to middle and high school students across Senegal, the contest received over 500 submissions from the country\u2019s 16 academic inspectorates. The initiative aimed to encourage young people\u2019s creativity and to strengthen their connection to the Games in the lead-up to the first Olympic event ever held on the African continent.<\/span><\/i><\/p><p><i><span style=\"font-weight: 400;\">\u201cAyo\u201d means joy in Yoruba. The name was chosen by 18-year-old high school senior Ndeye Khady Kristall Coumbassa, who gave the mascot its joyful identity. The lion\u2019s design was created by Ndeye Mariama Diop, a 16-year-old sophomore, who drew inspiration from traditional African attire \u2014 including the Tingand\u00e9, a traditional Fulani hat \u2014 to bring this now-iconic lion to life.<\/span><\/i><\/p>\t\t\t\t\t\t\t\t<\/div>\n\t\t\t\t<\/div>\n\t\t\t\t<div class=\"elementor-element elementor-element-84817ba elementor-widget elementor-widget-html\" data-id=\"84817ba\" data-element_type=\"widget\" data-e-type=\"widget\" data-widget_type=\"html.default\">\n\t\t\t\t<div class=\"elementor-widget-container\">\n\t\t\t\t\t<!-- SECTION LIQUIDE GLACE - HTML\/CSS\/JS POUR ELEMENTOR -->\n<section class=\"ice-section\" id=\"ice-section\">\n  <div class=\"ice-bg\" aria-hidden=\"true\">\n    <div class=\"ice-orb ice-orb--a\"><\/div>\n    <div class=\"ice-orb ice-orb--b\"><\/div>\n    <div class=\"ice-gridlines\"><\/div>\n  <\/div>\n\n  <div class=\"ice-wrap\">\n    <div class=\"ice-single\">\n      <figure class=\"ice-frame\" style=\"--ice-radius: 18px;\">\n        <img decoding=\"async\" src=\"\/fr\/dakar-2026-new\/wp-content\/uploads\/2025\/11\/DSC03380-2-scaled.jpg\" alt=\"\" loading=\"lazy\">\n      <\/figure>\n    <\/div>\n  <\/div>\n<\/section>\n\n<style>\n  @import url(\"https:\/\/fonts.googleapis.com\/css2?family=Space+Grotesk:wght@500;600;700&display=swap\");\n\n  :root {\n    --ice-ink: #0a0f1d;\n    --ice-glass: rgba(255, 255, 255, 0.55);\n    --ice-stroke: rgba(255, 255, 255, 0.85);\n    --ice-shadow: 0 24px 50px rgba(15, 15, 15, 0.12);\n  }\n\n  .ice-section {\n    position: relative;\n    background: radial-gradient(circle at top left, #ffffff 0%, #f7f7f7 45%, #ffffff 75%);\n    font-family: \"Space Grotesk\", system-ui, -apple-system, Segoe UI, sans-serif;\n    color: var(--ice-ink);\n    overflow: hidden;\n  }\n\n  .ice-bg {\n    position: absolute;\n    inset: 0;\n    pointer-events: none;\n  }\n\n  .ice-orb {\n    position: absolute;\n    width: 520px;\n    height: 520px;\n    border-radius: 50%;\n    opacity: 0.65;\n    background: radial-gradient(circle, rgba(255, 255, 255, 0.95), rgba(255, 255, 255, 0));\n    animation: ice-float 14s ease-in-out infinite;\n  }\n\n  .ice-orb--a { top: -200px; left: -140px; }\n  .ice-orb--b { top: 20%; right: -220px; animation-delay: -5s; }\n\n  .ice-gridlines {\n    position: absolute;\n    inset: 0;\n    background-image:\n      linear-gradient(transparent 94%, rgba(0, 0, 0, 0.04) 100%),\n      linear-gradient(90deg, transparent 94%, rgba(0, 0, 0, 0.04) 100%);\n    background-size: 64px 64px;\n    opacity: 0.25;\n  }\n\n  .ice-wrap {\n    position: relative;\n    z-index: 1;\n    max-width: none;\n    margin: 0 auto;\n    padding: 24px 0 36px;\n  }\n\n  .ice-single {\n    display: flex;\n    justify-content: stretch;\n  }\n\n  .ice-single .ice-frame {\n    width: 100%;\n  }\n\n  .ice-frame {\n    position: relative;\n    border-radius: var(--ice-radius, 18px);\n    overflow: hidden;\n    background: var(--ice-glass);\n    border: 1px solid var(--ice-stroke);\n    box-shadow: var(--ice-shadow);\n    backdrop-filter: blur(16px);\n    display: block;\n  }\n\n  .ice-frame img {\n    width: 100%;\n    height: 100%;\n    object-fit: cover;\n    display: block;\n  }\n\n  .ice-frame::before {\n    content: \"\";\n    position: absolute;\n    inset: 0;\n    background: linear-gradient(135deg, rgba(255, 255, 255, 0.45), transparent 55%);\n    opacity: 0.75;\n    pointer-events: none;\n  }\n\n\n  .ice-frame:hover {\n    transform: translateY(-6px);\n    box-shadow: 0 30px 60px rgba(12, 20, 36, 0.2);\n    transition: transform 0.3s ease, box-shadow 0.3s ease;\n  }\n\n  @keyframes ice-float {\n    0%, 100% { transform: translateY(0); }\n    50% { transform: translateY(18px); }\n  }\n\n  @keyframes ice-shimmer {\n    0%, 100% { transform: translateX(-6%); opacity: 0.55; }\n    50% { transform: translateX(6%); opacity: 0.85; }\n  }\n\n  @media (max-width: 640px) {\n    .ice-subtitle {\n      font-size: 0.95rem;\n    }\n  }\n<\/style>\n\t\t\t\t<\/div>\n\t\t\t\t<\/div>\n\t\t\t\t\t<\/div>\n\t\t<\/div>\n\t\t\t\t\t<\/div>\n\t\t<\/section>\n\t\t\t\t<\/div>","protected":false},"excerpt":{"rendered":"<p>MASCOTTE OFFICIELLE DAKAR 2026 Ayo, le lion qui rugit de joie Il \u00e9tait une fois, au coeur de l\u2019Afrique de l\u2019Ouest, dans les vastes plaines dor\u00e9es du S\u00e9n\u00e9gal, un jeune lion pas comme les autres. Il ne rugissait pas pour impressionner, ni pour chasser. Il rugissait de joie. On l\u2019appelait AYO un nom qui r\u00e9sonne [&hellip;]<\/p>\n","protected":false},"author":1,"featured_media":0,"parent":0,"menu_order":0,"comment_status":"closed","ping_status":"closed","template":"elementor_header_footer","meta":{"_acf_changed":false,"footnotes":""},"class_list":["post-8787","page","type-page","status-publish","hentry"],"acf":[],"_links":{"self":[{"href":"\/fr\/dakar-2026\/en\/wp-json\/wp\/v2\/pages\/8787","targetHints":{"allow":["GET"]}}],"collection":[{"href":"\/fr\/dakar-2026\/en\/wp-json\/wp\/v2\/pages"}],"about":[{"href":"\/fr\/dakar-2026\/en\/wp-json\/wp\/v2\/types\/page"}],"author":[{"embeddable":true,"href":"\/fr\/dakar-2026\/en\/wp-json\/wp\/v2\/users\/1"}],"replies":[{"embeddable":true,"href":"\/fr\/dakar-2026\/en\/wp-json\/wp\/v2\/comments?post=8787"}],"version-history":[{"count":52,"href":"\/fr\/dakar-2026\/en\/wp-json\/wp\/v2\/pages\/8787\/revisions"}],"predecessor-version":[{"id":76167,"href":"\/fr\/dakar-2026\/en\/wp-json\/wp\/v2\/pages\/8787\/revisions\/76167"}],"wp:attachment":[{"href":"\/fr\/dakar-2026\/en\/wp-json\/wp\/v2\/media?parent=8787"}],"curies":[{"name":"wp","href":"https:\/\/api.w.org\/{rel}","templated":true}]}}