{"id":767,"date":"2023-02-14T16:06:08","date_gmt":"2023-02-14T16:06:08","guid":{"rendered":"https:\/\/digitalsmartlab.tech\/fr\/dakar-2026\/?page_id=767"},"modified":"2026-02-24T22:54:45","modified_gmt":"2026-02-24T22:54:45","slug":"brevet-olympique","status":"publish","type":"page","link":"\/fr\/dakar-2026\/en\/olympic-certificate\/","title":{"rendered":"OLYMPIC CERTIFICATE"},"content":{"rendered":"<div data-elementor-type=\"wp-page\" data-elementor-id=\"767\" class=\"elementor elementor-767\" data-elementor-post-type=\"page\">\n\t\t\t\t\t\t<section class=\"elementor-section elementor-top-section elementor-element elementor-element-392171a7 elementor-section-boxed elementor-section-height-default elementor-section-height-default\" data-id=\"392171a7\" data-element_type=\"section\" data-e-type=\"section\">\n\t\t\t\t\t\t<div class=\"elementor-container elementor-column-gap-default\">\n\t\t\t\t\t<div class=\"elementor-column elementor-col-100 elementor-top-column elementor-element elementor-element-6700e415\" data-id=\"6700e415\" data-element_type=\"column\" data-e-type=\"column\">\n\t\t\t<div class=\"elementor-widget-wrap elementor-element-populated\">\n\t\t\t\t\t\t<div class=\"elementor-element elementor-element-b67f551 elementor-widget elementor-widget-spacer\" data-id=\"b67f551\" data-element_type=\"widget\" data-e-type=\"widget\" data-widget_type=\"spacer.default\">\n\t\t\t\t<div class=\"elementor-widget-container\">\n\t\t\t\t\t\t\t<div class=\"elementor-spacer\">\n\t\t\t<div class=\"elementor-spacer-inner\"><\/div>\n\t\t<\/div>\n\t\t\t\t\t\t<\/div>\n\t\t\t\t<\/div>\n\t\t\t\t<div class=\"elementor-element elementor-element-41eb711c elementor-widget elementor-widget-heading\" data-id=\"41eb711c\" data-element_type=\"widget\" data-e-type=\"widget\" data-widget_type=\"heading.default\">\n\t\t\t\t<div class=\"elementor-widget-container\">\n\t\t\t\t\t<h2 class=\"elementor-heading-title elementor-size-default\">OLYMPIC CERTIFICATE\n<\/h2>\t\t\t\t<\/div>\n\t\t\t\t<\/div>\n\t\t\t\t\t<\/div>\n\t\t<\/div>\n\t\t\t\t\t<\/div>\n\t\t<\/section>\n\t\t\t\t<section class=\"elementor-section elementor-inner-section elementor-element elementor-element-070d858 elementor-section-boxed elementor-section-height-default elementor-section-height-default\" data-id=\"070d858\" data-element_type=\"section\" data-e-type=\"section\">\n\t\t\t\t\t\t<div class=\"elementor-container elementor-column-gap-default\">\n\t\t\t\t\t<div class=\"elementor-column elementor-col-50 elementor-inner-column elementor-element elementor-element-9b1c336\" data-id=\"9b1c336\" data-element_type=\"column\" data-e-type=\"column\">\n\t\t\t<div class=\"elementor-widget-wrap elementor-element-populated\">\n\t\t\t\t\t\t<div class=\"elementor-element elementor-element-7395c9d elementor-widget elementor-widget-heading\" data-id=\"7395c9d\" data-element_type=\"widget\" data-e-type=\"widget\" data-widget_type=\"heading.default\">\n\t\t\t\t<div class=\"elementor-widget-container\">\n\t\t\t\t\t<h2 class=\"elementor-heading-title elementor-size-default\">DESCRIPTION<\/h2>\t\t\t\t<\/div>\n\t\t\t\t<\/div>\n\t\t\t\t<div class=\"elementor-element elementor-element-cea2c44 elementor-widget elementor-widget-text-editor\" data-id=\"cea2c44\" data-element_type=\"widget\" data-e-type=\"widget\" data-widget_type=\"text-editor.default\">\n\t\t\t\t<div class=\"elementor-widget-container\">\n\t\t\t\t\t\t\t\t\t<p>An introduction and training programme in the Olympic values for Senegalese students\nbetween the 4th and 3rd grades, through the introduction of an \u201cOlympic, Civic and\nSports Certificate\u201d and a school certification process.<\/p>\t\t\t\t\t\t\t\t<\/div>\n\t\t\t\t<\/div>\n\t\t\t\t<div class=\"elementor-element elementor-element-55f12e4 elementor-widget elementor-widget-heading\" data-id=\"55f12e4\" data-element_type=\"widget\" data-e-type=\"widget\" data-widget_type=\"heading.default\">\n\t\t\t\t<div class=\"elementor-widget-container\">\n\t\t\t\t\t<h2 class=\"elementor-heading-title elementor-size-default\">OBJECTIVE<\/h2>\t\t\t\t<\/div>\n\t\t\t\t<\/div>\n\t\t\t\t<div class=\"elementor-element elementor-element-4988b00 elementor-widget elementor-widget-text-editor\" data-id=\"4988b00\" data-element_type=\"widget\" data-e-type=\"widget\" data-widget_type=\"text-editor.default\">\n\t\t\t\t<div class=\"elementor-widget-container\">\n\t\t\t\t\t\t\t\t\t<p>The goal is to impact around 11,000 schools and establishments throughout the\ncountry. To achieve this, the programme will use the Ministry of Education&#039;s platform\nto reach all schools in real time.<\/p>\t\t\t\t\t\t\t\t<\/div>\n\t\t\t\t<\/div>\n\t\t\t\t<div class=\"elementor-element elementor-element-0a62b02 elementor-widget elementor-widget-heading\" data-id=\"0a62b02\" data-element_type=\"widget\" data-e-type=\"widget\" data-widget_type=\"heading.default\">\n\t\t\t\t<div class=\"elementor-widget-container\">\n\t\t\t\t\t<h2 class=\"elementor-heading-title elementor-size-default\">TARGETS<\/h2>\t\t\t\t<\/div>\n\t\t\t\t<\/div>\n\t\t\t\t<div class=\"elementor-element elementor-element-c9bb7f1 elementor-widget elementor-widget-text-editor\" data-id=\"c9bb7f1\" data-element_type=\"widget\" data-e-type=\"widget\" data-widget_type=\"text-editor.default\">\n\t\t\t\t<div class=\"elementor-widget-container\">\n\t\t\t\t\t\t\t\t\t<p class=\"translation-block\">The activity will be carried out in all schools in Senegal. It will reach private and public\nelementary schools (CM1, CM2), and public and private middle schools (6th, 5th, 4th\nand 3rd grades).<\/p>\t\t\t\t\t\t\t\t<\/div>\n\t\t\t\t<\/div>\n\t\t\t\t<div class=\"elementor-element elementor-element-c38a460 elementor-widget elementor-widget-heading\" data-id=\"c38a460\" data-element_type=\"widget\" data-e-type=\"widget\" data-widget_type=\"heading.default\">\n\t\t\t\t<div class=\"elementor-widget-container\">\n\t\t\t\t\t<h2 class=\"elementor-heading-title elementor-size-default\">PARTNERS<\/h2>\t\t\t\t<\/div>\n\t\t\t\t<\/div>\n\t\t\t\t<div class=\"elementor-element elementor-element-ec52cdc elementor-widget elementor-widget-text-editor\" data-id=\"ec52cdc\" data-element_type=\"widget\" data-e-type=\"widget\" data-widget_type=\"text-editor.default\">\n\t\t\t\t<div class=\"elementor-widget-container\">\n\t\t\t\t\t\t\t\t\t<p>IMPLEMENTATION PARTNERS:<br \/>\u2022 Ministry of National Education (MEN)<br \/>\u2022 Public and private schools proposed by the MEN &gt; Teachers selected by the MEN\nwho have followed the Olympic Values Education Programme OVEP<br \/>\u2022 Educational inspectors<\/p>\t\t\t\t\t\t\t\t<\/div>\n\t\t\t\t<\/div>\n\t\t\t\t<div class=\"elementor-element elementor-element-12c25a7 elementor-widget elementor-widget-heading\" data-id=\"12c25a7\" data-element_type=\"widget\" data-e-type=\"widget\" data-widget_type=\"heading.default\">\n\t\t\t\t<div class=\"elementor-widget-container\">\n\t\t\t\t\t<h2 class=\"elementor-heading-title elementor-size-default\">IMPACT<\/h2>\t\t\t\t<\/div>\n\t\t\t\t<\/div>\n\t\t\t\t<div class=\"elementor-element elementor-element-aa20eaa elementor-widget elementor-widget-text-editor\" data-id=\"aa20eaa\" data-element_type=\"widget\" data-e-type=\"widget\" data-widget_type=\"text-editor.default\">\n\t\t\t\t<div class=\"elementor-widget-container\">\n\t\t\t\t\t\t\t\t\t<p>The values initiation and training programme for Senegal's schoolchildren, with the\nintroduction of an Olympic, Civic and Sports Certificate and a school labelling\nprocess, aims to have a significant impact on elementary schools (CM1, CM2) and\nmiddle schools (6 th , 5 th , 4 th and 3 rd grades): school labelling, values training,\ninvolvement of private and public schools, positive changes in student behaviour, etc.<\/p>\t\t\t\t\t\t\t\t<\/div>\n\t\t\t\t<\/div>\n\t\t\t\t\t<\/div>\n\t\t<\/div>\n\t\t\t\t<div class=\"elementor-column elementor-col-50 elementor-inner-column elementor-element elementor-element-5a7317c\" data-id=\"5a7317c\" data-element_type=\"column\" data-e-type=\"column\">\n\t\t\t<div class=\"elementor-widget-wrap elementor-element-populated\">\n\t\t\t\t\t\t<div class=\"elementor-element elementor-element-b424f49 elementor-widget elementor-widget-html\" data-id=\"b424f49\" data-element_type=\"widget\" data-e-type=\"widget\" data-widget_type=\"html.default\">\n\t\t\t\t<div class=\"elementor-widget-container\">\n\t\t\t\t\t<!-- SECTION LIQUIDE GLACE - HTML\/CSS\/JS POUR ELEMENTOR -->\n<section class=\"ice-section\" id=\"ice-section\">\n  <div class=\"ice-bg\" aria-hidden=\"true\">\n    <div class=\"ice-orb ice-orb--a\"><\/div>\n    <div class=\"ice-orb ice-orb--b\"><\/div>\n    <div class=\"ice-gridlines\"><\/div>\n  <\/div>\n\n  <div class=\"ice-wrap\">\n    <div class=\"ice-single\">\n      <figure class=\"ice-frame\" style=\"--ice-radius: 18px;\">\n        <img decoding=\"async\" src=\"\/fr\/dakar-2026\/wp-content\/uploads\/2026\/02\/JUL08461-copie-scaled.jpg\" alt=\"\" loading=\"lazy\">\n      <\/figure>\n    <\/div>\n  <\/div>\n<\/section>\n\n<style>\n  @import url(\"https:\/\/fonts.googleapis.com\/css2?family=Space+Grotesk:wght@500;600;700&display=swap\");\n\n  :root {\n    --ice-ink: #0a0f1d;\n    --ice-glass: rgba(255, 255, 255, 0.55);\n    --ice-stroke: rgba(255, 255, 255, 0.85);\n    --ice-shadow: 0 24px 50px rgba(15, 15, 15, 0.12);\n  }\n\n  .ice-section {\n    position: relative;\n    background: radial-gradient(circle at top left, #ffffff 0%, #f7f7f7 45%, #ffffff 75%);\n    font-family: \"Space Grotesk\", system-ui, -apple-system, Segoe UI, sans-serif;\n    color: var(--ice-ink);\n    overflow: hidden;\n  }\n\n  .ice-bg {\n    position: absolute;\n    inset: 0;\n    pointer-events: none;\n  }\n\n  .ice-orb {\n    position: absolute;\n    width: 520px;\n    height: 520px;\n    border-radius: 50%;\n    opacity: 0.65;\n    background: radial-gradient(circle, rgba(255, 255, 255, 0.95), rgba(255, 255, 255, 0));\n    animation: ice-float 14s ease-in-out infinite;\n  }\n\n  .ice-orb--a { top: -200px; left: -140px; }\n  .ice-orb--b { top: 20%; right: -220px; animation-delay: -5s; }\n\n  .ice-gridlines {\n    position: absolute;\n    inset: 0;\n    background-image:\n      linear-gradient(transparent 94%, rgba(0, 0, 0, 0.04) 100%),\n      linear-gradient(90deg, transparent 94%, rgba(0, 0, 0, 0.04) 100%);\n    background-size: 64px 64px;\n    opacity: 0.25;\n  }\n\n  .ice-wrap {\n    position: relative;\n    z-index: 1;\n    max-width: none;\n    margin: 0 auto;\n    padding: 24px 0 36px;\n  }\n\n  .ice-single {\n    display: flex;\n    justify-content: stretch;\n  }\n\n  .ice-single .ice-frame {\n    width: 100%;\n  }\n\n  .ice-frame {\n    position: relative;\n    border-radius: var(--ice-radius, 18px);\n    overflow: hidden;\n    background: var(--ice-glass);\n    border: 1px solid var(--ice-stroke);\n    box-shadow: var(--ice-shadow);\n    backdrop-filter: blur(16px);\n    display: block;\n  }\n\n  .ice-frame img {\n    width: 100%;\n    height: 100%;\n    object-fit: cover;\n    display: block;\n  }\n\n  .ice-frame::before {\n    content: \"\";\n    position: absolute;\n    inset: 0;\n    background: linear-gradient(135deg, rgba(255, 255, 255, 0.45), transparent 55%);\n    opacity: 0.75;\n    pointer-events: none;\n  }\n\n\n  .ice-frame:hover {\n    transform: translateY(-6px);\n    box-shadow: 0 30px 60px rgba(12, 20, 36, 0.2);\n    transition: transform 0.3s ease, box-shadow 0.3s ease;\n  }\n\n  @keyframes ice-float {\n    0%, 100% { transform: translateY(0); }\n    50% { transform: translateY(18px); }\n  }\n\n  @keyframes ice-shimmer {\n    0%, 100% { transform: translateX(-6%); opacity: 0.55; }\n    50% { transform: translateX(6%); opacity: 0.85; }\n  }\n\n  @media (max-width: 640px) {\n    .ice-subtitle {\n      font-size: 0.95rem;\n    }\n  }\n<\/style>\n\t\t\t\t<\/div>\n\t\t\t\t<\/div>\n\t\t\t\t\t<\/div>\n\t\t<\/div>\n\t\t\t\t\t<\/div>\n\t\t<\/section>\n\t\t\t\t<section class=\"elementor-section elementor-top-section elementor-element elementor-element-ed2d7f2 elementor-section-boxed elementor-section-height-default elementor-section-height-default\" data-id=\"ed2d7f2\" data-element_type=\"section\" data-e-type=\"section\">\n\t\t\t\t\t\t<div class=\"elementor-container elementor-column-gap-default\">\n\t\t\t\t\t<div class=\"elementor-column elementor-col-100 elementor-top-column elementor-element elementor-element-9613a8d\" data-id=\"9613a8d\" data-element_type=\"column\" data-e-type=\"column\">\n\t\t\t<div class=\"elementor-widget-wrap elementor-element-populated\">\n\t\t\t\t\t\t<div class=\"elementor-element elementor-element-2ee582a elementor-widget elementor-widget-shortcode\" data-id=\"2ee582a\" data-element_type=\"widget\" data-e-type=\"widget\" data-widget_type=\"shortcode.default\">\n\t\t\t\t<div class=\"elementor-widget-container\">\n\t\t\t\t\t\t\t<div class=\"elementor-shortcode\">\t\t<div data-elementor-type=\"section\" data-elementor-id=\"2946\" class=\"elementor elementor-2946\" data-elementor-post-type=\"elementor_library\">\n\t\t\t\t\t<section class=\"elementor-section elementor-top-section elementor-element elementor-element-0bdf660 elementor-section-boxed elementor-section-height-default elementor-section-height-default\" data-id=\"0bdf660\" data-element_type=\"section\" data-e-type=\"section\">\n\t\t\t\t\t\t<div class=\"elementor-container elementor-column-gap-default\">\n\t\t\t\t\t<div class=\"elementor-column elementor-col-100 elementor-top-column elementor-element elementor-element-0d2d4b4\" data-id=\"0d2d4b4\" data-element_type=\"column\" data-e-type=\"column\">\n\t\t\t<div class=\"elementor-widget-wrap elementor-element-populated\">\n\t\t\t\t\t\t<div class=\"elementor-element elementor-element-bb7ea1b elementor-widget elementor-widget-html\" data-id=\"bb7ea1b\" data-element_type=\"widget\" data-e-type=\"widget\" data-widget_type=\"html.default\">\n\t\t\t\t<div class=\"elementor-widget-container\">\n\t\t\t\t\t<!-- SECTION PARTENAIRES - LISTE DES PARTENAIRES UNIQUEMENT -->\n<section class=\"partners-section\">\n  <div class=\"partners-container\">\n\n    <div class=\"partners-groups\">\n      <!-- PARTENAIRES OLYMPIQUES MONDIAUX -->\n      <div class=\"partners-group\">\n        <div class=\"partners-group-header\">\n          <h3 class=\"partners-title\">\n            Worldwide Olympic Partners\n          <\/h3>\n          <div class=\"partners-group-line\"><\/div>\n        <\/div>\n\n        <div class=\"partners-grid partners-grid--olympic\">\n          <div class=\"partner-card partner-card--olympic\">\n            <img decoding=\"async\" src=\"\/fr\/dakar-2026\/wp-content\/uploads\/2023\/02\/Rang1-PartMond-1-Airbnb-RVB.png\" alt=\"Airbnb\" \/>\n          <\/div>\n          <div class=\"partner-card partner-card--olympic\">\n            <img decoding=\"async\" src=\"\/fr\/dakar-2026\/wp-content\/uploads\/2023\/02\/Rang1-PartMond-2-Alibaba-RVB.png\" alt=\"Alibaba\" \/>\n          <\/div>\n          <div class=\"partner-card partner-card--olympic\">\n            <img decoding=\"async\" src=\"\/fr\/dakar-2026\/wp-content\/uploads\/2023\/02\/Rang1-PartMond-3-Allianz-RVB-1.png\" alt=\"Allianz\" \/>\n          <\/div>\n          <div class=\"partner-card partner-card--olympic\">\n            <img decoding=\"async\" src=\"\/fr\/dakar-2026\/wp-content\/uploads\/2023\/02\/Rang1-PartMond-6-CocaCola_Mengniu-RVB.png\" alt=\"Coca-Cola\" \/>\n          <\/div>\n          <div class=\"partner-card partner-card--olympic\">\n            <img decoding=\"async\" src=\"\/fr\/dakar-2026\/wp-content\/uploads\/2023\/02\/Rang1-PartMond-7-Deloitte-RVB.png\" alt=\"Deloitte\" \/>\n          <\/div>\n          <div class=\"partner-card partner-card--olympic\">\n            <img decoding=\"async\" src=\"\/fr\/dakar-2026\/wp-content\/uploads\/2023\/02\/Rang1-PartMond-8-Omega-RVB.png\" alt=\"OMEGA\" \/>\n          <\/div>\n          <div class=\"partner-card partner-card--olympic\">\n            <img decoding=\"async\" style=\"width:75px\" src=\"\/fr\/dakar-2026\/wp-content\/uploads\/2024\/07\/PG_Logo_Blue_Legal-RGB-for-digital-scaled.png\" alt=\"P&amp;G\" \/>\n          <\/div>\n          <div class=\"partner-card partner-card--olympic\">\n            <img decoding=\"async\" src=\"\/fr\/dakar-2026\/wp-content\/uploads\/2023\/02\/Rang1-PartMond-11-Samsung-RVB.png\" alt=\"Samsung\" \/>\n          <\/div>\n          <div class=\"partner-card partner-card--olympic\">\n            <img decoding=\"async\" src=\"\/fr\/dakar-2026\/wp-content\/uploads\/2024\/07\/tcl-logo.svg\" alt=\"TCL\" \/>\n          <\/div>\n          <div class=\"partner-card partner-card--olympic\">\n            <img decoding=\"async\" src=\"\/fr\/dakar-2026\/wp-content\/uploads\/2023\/02\/Rang1-PartMond-13-Visa-RVB-1.png\" alt=\"Visa\" \/>\n          <\/div>\n        <\/div>\n      <\/div>\n\n      <!-- PARTENAIRES PREMIUM -->\n      <div class=\"partners-group\">\n        <div class=\"partners-group-header\">\n          <h3 class=\"partners-title\">Premium Partners<\/h3>\n          <div class=\"partners-group-line\"><\/div>\n        <\/div>\n\n        <div class=\"partners-row-center\">\n          <div class=\"partner-card partner-card--premium\">\n            <img decoding=\"async\" src=\"\/fr\/dakar-2026\/wp-content\/uploads\/2024\/07\/image002.png\" alt=\"Sonatel\" \/>\n          <\/div>\n        <\/div>\n      <\/div>\n\n      <!-- PARTENAIRES OFFICIELS -->\n      <div class=\"partners-group\">\n        <div class=\"partners-group-header\">\n          <h3 class=\"partners-title\">Official Partners<\/h3>\n          <div class=\"partners-group-line\"><\/div>\n        <\/div>\n\n        <div class=\"partners-row-center\">\n          <div class=\"partner-card partner-card--official\">\n            <img decoding=\"async\" src=\"\/fr\/dakar-2026\/wp-content\/uploads\/2024\/07\/Capture-de%CC%81cran-2025-10-24-a%CC%80-17.18.42.png\" alt=\"Air S\u00e9n\u00e9gal\" \/>\n          <\/div>\n          <div class=\"partner-card partner-card--official\">\n            <img decoding=\"async\" src=\"\/fr\/dakar-2026\/wp-content\/uploads\/2024\/07\/Logo-SOCOCIM-HD_Vecteur.png\" alt=\"SOCOCIM\" \/>\n          <\/div>\n          <div class=\"partner-card partner-card--official\">\n            <img decoding=\"async\" src=\"\/fr\/dakar-2026\/wp-content\/uploads\/2026\/03\/Logo-PAD-delinaison_Plan-de-travail-1-1-scaled.png\" alt=\"PAD\" \/>\n          <\/div>\n             <div class=\"partner-card partner-card--official\">\n            <img decoding=\"async\" src=\"\/fr\/dakar-2026\/wp-content\/uploads\/2026\/04\/logo-fbn-scaled.jpg\" alt=\"PAD\" \/>\n          <\/div>\n        <\/div>\n      <\/div>\n\n      <!-- SUPPORTERS -->\n      <div class=\"partners-group\">\n        <div class=\"partners-group-header\">\n          <h3 class=\"partners-title\">SUPPORTERS<\/h3>\n          <div class=\"partners-group-line\"><\/div>\n        <\/div>\n\n        <div class=\"partners-row-center\">\n          <div class=\"partner-card partner-card--supporter\">\n            <img decoding=\"async\" src=\"\/fr\/dakar-2026\/wp-content\/uploads\/2026\/03\/GMD.png\" alt=\"Supporter\" \/>\n          <\/div>\n        <\/div>\n      <\/div>\n    <\/div>\n  <\/div>\n<\/section>\n\n<style>\n  .partners-section {\n    padding: 5rem 1.5rem;\n    background: linear-gradient(to bottom, #ffffff, #f9fafb);\n    font-family: newfont;\n  }\n\n  @media (min-width: 1024px) {\n    .partners-section {\n      padding: 8rem 3rem;\n    }\n  }\n\n  .partners-container {\n    max-width: 1400px;\n    margin: 0 auto;\n  }\n\n  .partners-header {\n    text-align: center;\n    margin-bottom: 4rem;\n  }\n\n  .partners-title {\n    margin: 0 0 0.75rem;\n    font-size: clamp(3.4rem, 3vw, 2.6rem);\n    font-family: olympic police;\n    color: #000;\n  }\n\n  .partners-subtitle {\n    margin: 0 auto;\n    max-width: 32rem;\n    font-size: 1.1rem;\n    color: #4b5563;\n  }\n\n  .partners-groups {\n    display: flex;\n    flex-direction: column;\n    gap: 4rem;\n  }\n\n  .partners-group-header {\n    text-align: center;\n    margin-bottom: 2.5rem;\n  }\n\n  .partners-group-label {\n    margin: 0 0 0.75rem;\n    font-size: 0.75rem;\n    text-transform: uppercase;\n    letter-spacing: 0.2em;\n    color: #111827;\n  }\n\n  .partners-group-line {\n    width: 6rem;\n    height: 1px;\n    margin: 0 auto;\n    background: #d1d5db;\n  }\n\n  .partner-card {\n    display: flex;\n    align-items: center;\n    justify-content: center;\n    padding: 1.75rem;\n    background: #ffffff;\n    border-radius: 0.9rem;\n    border: 1px solid #e5e7eb;\n    box-shadow: 0 4px 18px rgba(15, 23, 42, 0.04);\n    transition:\n      transform 0.2s ease,\n      box-shadow 0.2s ease,\n      border-color 0.2s ease;\n  }\n\n  .partner-card:hover {\n    transform: translateY(-4px);\n    box-shadow: 0 18px 40px rgba(15, 23, 42, 0.16);\n    border-color: #e5e7eb;\n  }\n\n  .partner-card img {\n    display: block;\n    width: auto;\n  }\n\n  .partner-card--olympic img {\n    max-height: 100px;\n  }\n\n  .partner-card--premium img {\n    max-height: 20px;\n  }\n\n  .partner-card--official img {\n    max-height: 24px;\n  }\n\n  .partner-card--supporter img {\n    max-height: 28px;\n  }\n\n  .partners-grid {\n    display: grid;\n    gap: 1.5rem;\n  }\n\n  .partners-grid--olympic {\n    grid-template-columns: repeat(2, minmax(0, 1fr));\n  }\n\n  @media (min-width: 768px) {\n    .partners-grid--olympic {\n      grid-template-columns: repeat(3, minmax(0, 1fr));\n    }\n  }\n\n  @media (min-width: 1024px) {\n    .partners-grid--olympic {\n      grid-template-columns: repeat(5, minmax(0, 1fr));\n    }\n  }\n\n  .partners-row-center {\n    display: flex;\n    flex-wrap: wrap;\n    justify-content: center;\n    gap: 1.5rem;\n  }\n\n  .partners-row-center .partner-card {\n    width: 100%;\n    max-width: 220px;\n  }\n\n  @media (max-width: 767px) {\n    .partners-section {\n      padding-inline: 1rem;\n    }\n\n    .partner-card {\n      padding: 1.4rem;\n    }\n  }\n<\/style>\t\t\t\t<\/div>\n\t\t\t\t<\/div>\n\t\t\t\t\t<\/div>\n\t\t<\/div>\n\t\t\t\t\t<\/div>\n\t\t<\/section>\n\t\t\t\t<\/div>\n\t\t<\/div>\n\t\t\t\t\t\t<\/div>\n\t\t\t\t<\/div>\n\t\t\t\t\t<\/div>\n\t\t<\/div>\n\t\t\t\t\t<\/div>\n\t\t<\/section>\n\t\t\t\t<\/div>","protected":false},"excerpt":{"rendered":"<p>BREVET OLYMPIQUE DESCRIPTIF Programme d\u2019initiation et de formation aux valeurs olympiques, des \u00e9l\u00e8ves du S\u00e9n\u00e9gal entre le CM1 et la 3e, \u00e0 travers l\u2019instauration d\u2019un \u00abBrevet Olympique, Civique et Sportif \u00bb et d\u2019un processus de lab\u00e9lisation des \u00e9coles. OBJECTIF L\u2019objectif \u00e0 terme est d\u2019impacter environ 11 000 \u00e9coles et \u00e9tablissements sur l\u2019\u00e9tendue du territoire. Dans [&hellip;]<\/p>\n","protected":false},"author":1,"featured_media":0,"parent":0,"menu_order":0,"comment_status":"closed","ping_status":"closed","template":"elementor_header_footer","meta":{"_acf_changed":false,"footnotes":""},"class_list":["post-767","page","type-page","status-publish","hentry"],"acf":[],"_links":{"self":[{"href":"\/fr\/dakar-2026\/en\/wp-json\/wp\/v2\/pages\/767","targetHints":{"allow":["GET"]}}],"collection":[{"href":"\/fr\/dakar-2026\/en\/wp-json\/wp\/v2\/pages"}],"about":[{"href":"\/fr\/dakar-2026\/en\/wp-json\/wp\/v2\/types\/page"}],"author":[{"embeddable":true,"href":"\/fr\/dakar-2026\/en\/wp-json\/wp\/v2\/users\/1"}],"replies":[{"embeddable":true,"href":"\/fr\/dakar-2026\/en\/wp-json\/wp\/v2\/comments?post=767"}],"version-history":[{"count":24,"href":"\/fr\/dakar-2026\/en\/wp-json\/wp\/v2\/pages\/767\/revisions"}],"predecessor-version":[{"id":76583,"href":"\/fr\/dakar-2026\/en\/wp-json\/wp\/v2\/pages\/767\/revisions\/76583"}],"wp:attachment":[{"href":"\/fr\/dakar-2026\/en\/wp-json\/wp\/v2\/media?parent=767"}],"curies":[{"name":"wp","href":"https:\/\/api.w.org\/{rel}","templated":true}]}}