{"id":49014,"date":"2025-08-28T09:41:42","date_gmt":"2025-08-28T09:41:42","guid":{"rendered":"https:\/\/digitalsmartlab.tech\/fr\/dakar-2026\/?page_id=49014"},"modified":"2026-03-16T17:03:56","modified_gmt":"2026-03-16T17:03:56","slug":"gestion-des-frequences","status":"publish","type":"page","link":"\/fr\/dakar-2026\/en\/gestion-des-frequences\/","title":{"rendered":"FREQUENCY MANAGEMENT"},"content":{"rendered":"<div data-elementor-type=\"wp-page\" data-elementor-id=\"49014\" class=\"elementor elementor-49014\" data-elementor-post-type=\"page\">\n\t\t\t\t\t\t<section class=\"elementor-section elementor-top-section elementor-element elementor-element-8af035e elementor-section-boxed elementor-section-height-default elementor-section-height-default\" data-id=\"8af035e\" data-element_type=\"section\" data-e-type=\"section\">\n\t\t\t\t\t\t<div class=\"elementor-container elementor-column-gap-default\">\n\t\t\t\t\t<div class=\"elementor-column elementor-col-100 elementor-top-column elementor-element elementor-element-e88fcee\" data-id=\"e88fcee\" data-element_type=\"column\" data-e-type=\"column\">\n\t\t\t<div class=\"elementor-widget-wrap elementor-element-populated\">\n\t\t\t\t\t\t<div class=\"elementor-element elementor-element-cddbc55 elementor-widget elementor-widget-spacer\" data-id=\"cddbc55\" data-element_type=\"widget\" data-e-type=\"widget\" data-widget_type=\"spacer.default\">\n\t\t\t\t<div class=\"elementor-widget-container\">\n\t\t\t\t\t\t\t<div class=\"elementor-spacer\">\n\t\t\t<div class=\"elementor-spacer-inner\"><\/div>\n\t\t<\/div>\n\t\t\t\t\t\t<\/div>\n\t\t\t\t<\/div>\n\t\t\t\t<div class=\"elementor-element elementor-element-c7fb31c elementor-widget elementor-widget-heading\" data-id=\"c7fb31c\" data-element_type=\"widget\" data-e-type=\"widget\" data-widget_type=\"heading.default\">\n\t\t\t\t<div class=\"elementor-widget-container\">\n\t\t\t\t\t<h2 class=\"elementor-heading-title elementor-size-default\">FREQUENCY MANAGEMENT \u2013 YOUTH OLYMPIC GAMES DAKAR 2026<\/h2>\t\t\t\t<\/div>\n\t\t\t\t<\/div>\n\t\t\t\t<div class=\"elementor-element elementor-element-3edb207 elementor-widget elementor-widget-text-editor\" data-id=\"3edb207\" data-element_type=\"widget\" data-e-type=\"widget\" data-widget_type=\"text-editor.default\">\n\t\t\t\t<div class=\"elementor-widget-container\">\n\t\t\t\t\t\t\t\t\t<p>Are you a broadcaster using a PMR solution, PMSE (audio or video), or any other device requiring a frequency on one or more competition sites of the Dakar 2026 Youth Olympic Games?<\/p><p class=\"translation-block\"><strong>Authentication<\/strong>  on this page \u2013 using the form below \u2013 and strong&gt;frequency requests<\/strong>  are <strong> mandatory.<\/strong><\/p><p class=\"translation-block\"><strong>Important:<\/strong> No request can be processed without prior authentication of your profile by <strong>YOGOC's<\/strong> system.<\/p><p><b>Procedure:<\/b><\/p><ol><li>Before filling it out, we invite you to consult the <a href=\"\/fr\/dakar-2026\/wp-content\/uploads\/2025\/12\/JOJ-DAKAR2026-SPECTRUM-MANAGEMENT-PLAN.pdf\"><strong>Spectrum Management Plan<\/strong><\/a>.<\/li><li>\u00a0Complete the form below starting November 27, 2025.<\/li><li>After authentication and before submitting a frequency request, please consult <a href=\"\/fr\/dakar-2026\/wp-content\/uploads\/2025\/12\/JOJ-DAKAR2026-GUIDE-MYSPECTRA.pdf\"><strong>the MySpectra<\/strong><\/a> website's frequency request guide.<\/li><li>You will also find the <strong>Test &amp; Tagging guide.<\/strong><\/li><\/ol>\t\t\t\t\t\t\t\t<\/div>\n\t\t\t\t<\/div>\n\t\t\t\t<div class=\"elementor-element elementor-element-ed6b5bb elementor-widget elementor-widget-html\" data-id=\"ed6b5bb\" data-element_type=\"widget\" data-e-type=\"widget\" data-widget_type=\"html.default\">\n\t\t\t\t<div class=\"elementor-widget-container\">\n\t\t\t\t\t<iframe width=\"640px\" height=\"1080px\" src=\"https:\/\/forms.office.com\/Pages\/ResponsePage.aspx?id=DaZmE4-spkeHE3yHFoOd1A6r_Ajx8xxIhrv614ytuFVUMVU1ME5XMFVITENVQkczWVFWR05DQVpLRC4u&embed=true\" frameborder=\"0\" marginwidth=\"0\" marginheight=\"0\" style=\"border: none; max-width:100%; max-height:100vh\" allowfullscreen webkitallowfullscreen mozallowfullscreen msallowfullscreen> <\/iframe>\t\t\t\t<\/div>\n\t\t\t\t<\/div>\n\t\t\t\t\t<\/div>\n\t\t<\/div>\n\t\t\t\t\t<\/div>\n\t\t<\/section>\n\t\t\t\t<section class=\"elementor-section elementor-top-section elementor-element elementor-element-fcfcbc3 elementor-section-content-middle elementor-section-boxed elementor-section-height-default elementor-section-height-default\" data-id=\"fcfcbc3\" data-element_type=\"section\" data-e-type=\"section\" id=\"id-de-ta-section\" data-settings=\"{&quot;background_background&quot;:&quot;classic&quot;}\">\n\t\t\t\t\t\t<div class=\"elementor-container elementor-column-gap-default\">\n\t\t\t\t\t<div class=\"elementor-column elementor-col-100 elementor-top-column elementor-element elementor-element-fd60db0\" data-id=\"fd60db0\" data-element_type=\"column\" data-e-type=\"column\">\n\t\t\t<div class=\"elementor-widget-wrap elementor-element-populated\">\n\t\t\t\t\t\t<section class=\"elementor-section elementor-inner-section elementor-element elementor-element-c2faa08 elementor-section-content-middle elementor-section-boxed elementor-section-height-default elementor-section-height-default\" data-id=\"c2faa08\" data-element_type=\"section\" data-e-type=\"section\">\n\t\t\t\t\t\t<div class=\"elementor-container elementor-column-gap-default\">\n\t\t\t\t\t<div class=\"elementor-column elementor-col-100 elementor-inner-column elementor-element elementor-element-80dfb57\" data-id=\"80dfb57\" data-element_type=\"column\" data-e-type=\"column\">\n\t\t\t<div class=\"elementor-widget-wrap elementor-element-populated\">\n\t\t\t\t\t\t<div class=\"elementor-element elementor-element-89f9b86 elementor-widget elementor-widget-heading\" data-id=\"89f9b86\" data-element_type=\"widget\" data-e-type=\"widget\" data-widget_type=\"heading.default\">\n\t\t\t\t<div class=\"elementor-widget-container\">\n\t\t\t\t\t<h2 class=\"elementor-heading-title elementor-size-default\">The frequency submissions are extended until May 31, 2026<\/h2>\t\t\t\t<\/div>\n\t\t\t\t<\/div>\n\t\t\t\t\t<\/div>\n\t\t<\/div>\n\t\t\t\t\t<\/div>\n\t\t<\/section>\n\t\t\t\t\t<\/div>\n\t\t<\/div>\n\t\t\t\t\t<\/div>\n\t\t<\/section>\n\t\t\t\t<\/div>","protected":false},"excerpt":{"rendered":"<p>GESTION DES FREQUENCES \u2013 JOJ DAKAR 2026 Vous \u00eates radiodiffuseur et utilisez une solution de type PMR, PMSE (audio ou vid\u00e9o), ou tout autre dispositif n\u00e9cessitant une fr\u00e9quence sur un ou plusieurs sites de comp\u00e9tition des Jeux Olympiques de la Jeunesse Dakar 2026 ? L&rsquo;authentification sur cette page &#8211; formulaire ci-dessous &#8211; et la demande [&hellip;]<\/p>\n","protected":false},"author":1,"featured_media":0,"parent":0,"menu_order":0,"comment_status":"closed","ping_status":"closed","template":"elementor_header_footer","meta":{"_acf_changed":false,"footnotes":""},"class_list":["post-49014","page","type-page","status-publish","hentry"],"acf":[],"_links":{"self":[{"href":"\/fr\/dakar-2026\/en\/wp-json\/wp\/v2\/pages\/49014","targetHints":{"allow":["GET"]}}],"collection":[{"href":"\/fr\/dakar-2026\/en\/wp-json\/wp\/v2\/pages"}],"about":[{"href":"\/fr\/dakar-2026\/en\/wp-json\/wp\/v2\/types\/page"}],"author":[{"embeddable":true,"href":"\/fr\/dakar-2026\/en\/wp-json\/wp\/v2\/users\/1"}],"replies":[{"embeddable":true,"href":"\/fr\/dakar-2026\/en\/wp-json\/wp\/v2\/comments?post=49014"}],"version-history":[{"count":25,"href":"\/fr\/dakar-2026\/en\/wp-json\/wp\/v2\/pages\/49014\/revisions"}],"predecessor-version":[{"id":81281,"href":"\/fr\/dakar-2026\/en\/wp-json\/wp\/v2\/pages\/49014\/revisions\/81281"}],"wp:attachment":[{"href":"\/fr\/dakar-2026\/en\/wp-json\/wp\/v2\/media?parent=49014"}],"curies":[{"name":"wp","href":"https:\/\/api.w.org\/{rel}","templated":true}]}}