{"id":3112,"date":"2024-08-20T12:10:02","date_gmt":"2024-08-20T12:10:02","guid":{"rendered":"https:\/\/digitalsmartlab.tech\/fr\/dakar-2026\/?page_id=3112"},"modified":"2026-02-09T18:22:30","modified_gmt":"2026-02-09T18:22:30","slug":"kids-olympics-skills","status":"publish","type":"page","link":"\/fr\/dakar-2026\/en\/kids-olympics-skills\/","title":{"rendered":"KIDS OLYMPIC SKILLS"},"content":{"rendered":"<div data-elementor-type=\"wp-page\" data-elementor-id=\"3112\" class=\"elementor elementor-3112\" data-elementor-post-type=\"page\">\n\t\t\t\t\t\t<section class=\"elementor-section elementor-top-section elementor-element elementor-element-5aee187 elementor-section-boxed elementor-section-height-default elementor-section-height-default\" data-id=\"5aee187\" data-element_type=\"section\" data-e-type=\"section\">\n\t\t\t\t\t\t<div class=\"elementor-container elementor-column-gap-default\">\n\t\t\t\t\t<div class=\"elementor-column elementor-col-100 elementor-top-column elementor-element elementor-element-81c5cd0\" data-id=\"81c5cd0\" data-element_type=\"column\" data-e-type=\"column\">\n\t\t\t<div class=\"elementor-widget-wrap elementor-element-populated\">\n\t\t\t\t\t\t<div class=\"elementor-element elementor-element-4241073 elementor-widget elementor-widget-spacer\" data-id=\"4241073\" data-element_type=\"widget\" data-e-type=\"widget\" data-widget_type=\"spacer.default\">\n\t\t\t\t<div class=\"elementor-widget-container\">\n\t\t\t\t\t\t\t<div class=\"elementor-spacer\">\n\t\t\t<div class=\"elementor-spacer-inner\"><\/div>\n\t\t<\/div>\n\t\t\t\t\t\t<\/div>\n\t\t\t\t<\/div>\n\t\t\t\t<div class=\"elementor-element elementor-element-26c0bdc elementor-widget elementor-widget-heading\" data-id=\"26c0bdc\" data-element_type=\"widget\" data-e-type=\"widget\" data-widget_type=\"heading.default\">\n\t\t\t\t<div class=\"elementor-widget-container\">\n\t\t\t\t\t<h2 class=\"elementor-heading-title elementor-size-default\">KIDS OLYMPIC SKILLS<\/h2>\t\t\t\t<\/div>\n\t\t\t\t<\/div>\n\t\t\t\t\t<\/div>\n\t\t<\/div>\n\t\t\t\t\t<\/div>\n\t\t<\/section>\n\t\t\t\t<section class=\"elementor-section elementor-top-section elementor-element elementor-element-57c0d0b elementor-section-boxed elementor-section-height-default elementor-section-height-default\" data-id=\"57c0d0b\" data-element_type=\"section\" data-e-type=\"section\">\n\t\t\t\t\t\t<div class=\"elementor-container elementor-column-gap-default\">\n\t\t\t\t\t<div class=\"elementor-column elementor-col-100 elementor-top-column elementor-element elementor-element-eb59a32\" data-id=\"eb59a32\" data-element_type=\"column\" data-e-type=\"column\">\n\t\t\t<div class=\"elementor-widget-wrap elementor-element-populated\">\n\t\t\t\t\t\t<section class=\"elementor-section elementor-inner-section elementor-element elementor-element-ec1604a elementor-section-boxed elementor-section-height-default elementor-section-height-default\" data-id=\"ec1604a\" data-element_type=\"section\" data-e-type=\"section\">\n\t\t\t\t\t\t<div class=\"elementor-container elementor-column-gap-default\">\n\t\t\t\t\t<div class=\"elementor-column elementor-col-50 elementor-inner-column elementor-element elementor-element-05a65e0\" data-id=\"05a65e0\" data-element_type=\"column\" data-e-type=\"column\">\n\t\t\t<div class=\"elementor-widget-wrap elementor-element-populated\">\n\t\t\t\t\t\t<div class=\"elementor-element elementor-element-2b38698 elementor-widget elementor-widget-heading\" data-id=\"2b38698\" data-element_type=\"widget\" data-e-type=\"widget\" data-widget_type=\"heading.default\">\n\t\t\t\t<div class=\"elementor-widget-container\">\n\t\t\t\t\t<h2 class=\"elementor-heading-title elementor-size-default\">DESCRIPTION<\/h2>\t\t\t\t<\/div>\n\t\t\t\t<\/div>\n\t\t\t\t<div class=\"elementor-element elementor-element-87eb615 elementor-widget elementor-widget-text-editor\" data-id=\"87eb615\" data-element_type=\"widget\" data-e-type=\"widget\" data-widget_type=\"text-editor.default\">\n\t\t\t\t<div class=\"elementor-widget-container\">\n\t\t\t\t\t\t\t\t\t<p>\u00ab <strong>Kids Olympic Skills<\/strong> (KOS) is an activity designed to promote a range of sports for young people from different parts of Senegal. The aim is to introduce them to the sports best tailored to their economic and social environments.<\/p>\t\t\t\t\t\t\t\t<\/div>\n\t\t\t\t<\/div>\n\t\t\t\t<div class=\"elementor-element elementor-element-3473533 elementor-widget elementor-widget-heading\" data-id=\"3473533\" data-element_type=\"widget\" data-e-type=\"widget\" data-widget_type=\"heading.default\">\n\t\t\t\t<div class=\"elementor-widget-container\">\n\t\t\t\t\t<h2 class=\"elementor-heading-title elementor-size-default\">OBJECTIVE<\/h2>\t\t\t\t<\/div>\n\t\t\t\t<\/div>\n\t\t\t\t<div class=\"elementor-element elementor-element-1d32255 elementor-widget elementor-widget-text-editor\" data-id=\"1d32255\" data-element_type=\"widget\" data-e-type=\"widget\" data-widget_type=\"text-editor.default\">\n\t\t\t\t<div class=\"elementor-widget-container\">\n\t\t\t\t\t\t\t\t\t<p>The aim of (KOS) is to raise awareness and introduce young people to sport, using a fun approach that combines the following elements.<\/p>\t\t\t\t\t\t\t\t<\/div>\n\t\t\t\t<\/div>\n\t\t\t\t<div class=\"elementor-element elementor-element-ccd197c elementor-widget elementor-widget-heading\" data-id=\"ccd197c\" data-element_type=\"widget\" data-e-type=\"widget\" data-widget_type=\"heading.default\">\n\t\t\t\t<div class=\"elementor-widget-container\">\n\t\t\t\t\t<h2 class=\"elementor-heading-title elementor-size-default\">TARGETS<\/h2>\t\t\t\t<\/div>\n\t\t\t\t<\/div>\n\t\t\t\t<div class=\"elementor-element elementor-element-ed0f067 elementor-widget elementor-widget-text-editor\" data-id=\"ed0f067\" data-element_type=\"widget\" data-e-type=\"widget\" data-widget_type=\"text-editor.default\">\n\t\t\t\t<div class=\"elementor-widget-container\">\n\t\t\t\t\t\t\t\t\t<p>\u2022 Senegalese children aged 6 to 18<br \/>\u2022 Sports groups and federations<br \/>\u2022 The Senegalese sports movement in general<\/p>\t\t\t\t\t\t\t\t<\/div>\n\t\t\t\t<\/div>\n\t\t\t\t<div class=\"elementor-element elementor-element-bc84113 elementor-widget elementor-widget-heading\" data-id=\"bc84113\" data-element_type=\"widget\" data-e-type=\"widget\" data-widget_type=\"heading.default\">\n\t\t\t\t<div class=\"elementor-widget-container\">\n\t\t\t\t\t<h2 class=\"elementor-heading-title elementor-size-default\">IMPLEMENTATION<\/h2>\t\t\t\t<\/div>\n\t\t\t\t<\/div>\n\t\t\t\t<div class=\"elementor-element elementor-element-941d9b8 elementor-widget elementor-widget-text-editor\" data-id=\"941d9b8\" data-element_type=\"widget\" data-e-type=\"widget\" data-widget_type=\"text-editor.default\">\n\t\t\t\t<div class=\"elementor-widget-container\">\n\t\t\t\t\t\t\t\t\t<p>\u2022 The programme's activities take place indoors and\/or outdoors throughout the country, in conjunction with local authorities, partners in the education system and decentralised administrative authorities.<br \/>\u2022 The main operational managers are teachers, sports instructors and educators, and regional and departmental technical advisors.<\/p>\t\t\t\t\t\t\t\t<\/div>\n\t\t\t\t<\/div>\n\t\t\t\t<div class=\"elementor-element elementor-element-c957afc elementor-widget elementor-widget-heading\" data-id=\"c957afc\" data-element_type=\"widget\" data-e-type=\"widget\" data-widget_type=\"heading.default\">\n\t\t\t\t<div class=\"elementor-widget-container\">\n\t\t\t\t\t<h2 class=\"elementor-heading-title elementor-size-default\">IMPACT<\/h2>\t\t\t\t<\/div>\n\t\t\t\t<\/div>\n\t\t\t\t<div class=\"elementor-element elementor-element-af2b4de elementor-widget elementor-widget-text-editor\" data-id=\"af2b4de\" data-element_type=\"widget\" data-e-type=\"widget\" data-widget_type=\"text-editor.default\">\n\t\t\t\t<div class=\"elementor-widget-container\">\n\t\t\t\t\t\t\t\t\t<p>Significant improvement in awareness and motivation among girls and boys through a strong commitment to physical and sporting activities, with clear results in terms of young people\u2019s rate of daily participation in sport.<\/p>\t\t\t\t\t\t\t\t<\/div>\n\t\t\t\t<\/div>\n\t\t\t\t\t<\/div>\n\t\t<\/div>\n\t\t\t\t<div class=\"elementor-column elementor-col-50 elementor-inner-column elementor-element elementor-element-6eadd21\" data-id=\"6eadd21\" data-element_type=\"column\" data-e-type=\"column\">\n\t\t\t<div class=\"elementor-widget-wrap elementor-element-populated\">\n\t\t\t\t\t\t<div class=\"elementor-element elementor-element-ccf55a1 angled-image e-transform elementor-invisible elementor-widget elementor-widget-image\" data-id=\"ccf55a1\" data-element_type=\"widget\" data-e-type=\"widget\" data-settings=\"{&quot;_animation&quot;:&quot;fadeInRight&quot;,&quot;_transform_scale_effect_hover&quot;:{&quot;unit&quot;:&quot;px&quot;,&quot;size&quot;:1.1,&quot;sizes&quot;:[]},&quot;_transform_scale_effect_hover_tablet&quot;:{&quot;unit&quot;:&quot;px&quot;,&quot;size&quot;:&quot;&quot;,&quot;sizes&quot;:[]},&quot;_transform_scale_effect_hover_mobile&quot;:{&quot;unit&quot;:&quot;px&quot;,&quot;size&quot;:&quot;&quot;,&quot;sizes&quot;:[]}}\" data-widget_type=\"image.default\">\n\t\t\t\t<div class=\"elementor-widget-container\">\n\t\t\t\t\t\t\t\t\t\t\t\t\t\t\t<img fetchpriority=\"high\" decoding=\"async\" width=\"800\" height=\"534\" src=\"\/fr\/dakar-2026\/wp-content\/uploads\/2026\/01\/Cojoj-Sama-box-moy-aye-1-1024x683.png\" class=\"attachment-large size-large wp-image-72446\" alt=\"\" srcset=\"https:\/\/digitalsmartlab.tech\/fr\/dakar-2026\/wp-content\/uploads\/2026\/01\/Cojoj-Sama-box-moy-aye-1-1024x683.png 1024w, https:\/\/digitalsmartlab.tech\/fr\/dakar-2026\/wp-content\/uploads\/2026\/01\/Cojoj-Sama-box-moy-aye-1-300x200.png 300w, https:\/\/digitalsmartlab.tech\/fr\/dakar-2026\/wp-content\/uploads\/2026\/01\/Cojoj-Sama-box-moy-aye-1-768x512.png 768w, https:\/\/digitalsmartlab.tech\/fr\/dakar-2026\/wp-content\/uploads\/2026\/01\/Cojoj-Sama-box-moy-aye-1-18x12.png 18w, https:\/\/digitalsmartlab.tech\/fr\/dakar-2026\/wp-content\/uploads\/2026\/01\/Cojoj-Sama-box-moy-aye-1.png 1080w\" sizes=\"(max-width: 800px) 100vw, 800px\" \/>\t\t\t\t\t\t\t\t\t\t\t\t\t\t\t<\/div>\n\t\t\t\t<\/div>\n\t\t\t\t\t<\/div>\n\t\t<\/div>\n\t\t\t\t\t<\/div>\n\t\t<\/section>\n\t\t\t\t\t<\/div>\n\t\t<\/div>\n\t\t\t\t\t<\/div>\n\t\t<\/section>\n\t\t\t\t<section class=\"elementor-section elementor-top-section elementor-element elementor-element-5dfd8ce elementor-section-boxed elementor-section-height-default elementor-section-height-default\" data-id=\"5dfd8ce\" data-element_type=\"section\" data-e-type=\"section\">\n\t\t\t\t\t\t<div class=\"elementor-container elementor-column-gap-default\">\n\t\t\t\t\t<div class=\"elementor-column elementor-col-100 elementor-top-column elementor-element elementor-element-862b18d\" data-id=\"862b18d\" data-element_type=\"column\" data-e-type=\"column\">\n\t\t\t<div class=\"elementor-widget-wrap elementor-element-populated\">\n\t\t\t\t\t\t<div class=\"elementor-element elementor-element-8f3ffca elementor-widget elementor-widget-shortcode\" data-id=\"8f3ffca\" data-element_type=\"widget\" data-e-type=\"widget\" data-widget_type=\"shortcode.default\">\n\t\t\t\t<div class=\"elementor-widget-container\">\n\t\t\t\t\t\t\t<div class=\"elementor-shortcode\">\t\t<div data-elementor-type=\"section\" data-elementor-id=\"2946\" class=\"elementor elementor-2946\" data-elementor-post-type=\"elementor_library\">\n\t\t\t\t\t<section class=\"elementor-section elementor-top-section elementor-element elementor-element-0bdf660 elementor-section-boxed elementor-section-height-default elementor-section-height-default\" data-id=\"0bdf660\" data-element_type=\"section\" data-e-type=\"section\">\n\t\t\t\t\t\t<div class=\"elementor-container elementor-column-gap-default\">\n\t\t\t\t\t<div class=\"elementor-column elementor-col-100 elementor-top-column elementor-element elementor-element-0d2d4b4\" data-id=\"0d2d4b4\" data-element_type=\"column\" data-e-type=\"column\">\n\t\t\t<div class=\"elementor-widget-wrap elementor-element-populated\">\n\t\t\t\t\t\t<div class=\"elementor-element elementor-element-bb7ea1b elementor-widget elementor-widget-html\" data-id=\"bb7ea1b\" data-element_type=\"widget\" data-e-type=\"widget\" data-widget_type=\"html.default\">\n\t\t\t\t<div class=\"elementor-widget-container\">\n\t\t\t\t\t<!-- SECTION PARTENAIRES - LISTE DES PARTENAIRES UNIQUEMENT -->\n<section class=\"partners-section\">\n  <div class=\"partners-container\">\n\n    <div class=\"partners-groups\">\n      <!-- PARTENAIRES OLYMPIQUES MONDIAUX -->\n      <div class=\"partners-group\">\n        <div class=\"partners-group-header\">\n          <h3 class=\"partners-title\">\n            Worldwide Olympic Partners\n          <\/h3>\n          <div class=\"partners-group-line\"><\/div>\n        <\/div>\n\n        <div class=\"partners-grid partners-grid--olympic\">\n          <div class=\"partner-card partner-card--olympic\">\n            <img decoding=\"async\" src=\"\/fr\/dakar-2026\/wp-content\/uploads\/2023\/02\/Rang1-PartMond-1-Airbnb-RVB.png\" alt=\"Airbnb\" \/>\n          <\/div>\n          <div class=\"partner-card partner-card--olympic\">\n            <img decoding=\"async\" src=\"\/fr\/dakar-2026\/wp-content\/uploads\/2023\/02\/Rang1-PartMond-2-Alibaba-RVB.png\" alt=\"Alibaba\" \/>\n          <\/div>\n          <div class=\"partner-card partner-card--olympic\">\n            <img decoding=\"async\" src=\"\/fr\/dakar-2026\/wp-content\/uploads\/2023\/02\/Rang1-PartMond-3-Allianz-RVB-1.png\" alt=\"Allianz\" \/>\n          <\/div>\n          <div class=\"partner-card partner-card--olympic\">\n            <img decoding=\"async\" src=\"\/fr\/dakar-2026\/wp-content\/uploads\/2023\/02\/Rang1-PartMond-6-CocaCola_Mengniu-RVB.png\" alt=\"Coca-Cola\" \/>\n          <\/div>\n          <div class=\"partner-card partner-card--olympic\">\n            <img decoding=\"async\" src=\"\/fr\/dakar-2026\/wp-content\/uploads\/2023\/02\/Rang1-PartMond-7-Deloitte-RVB.png\" alt=\"Deloitte\" \/>\n          <\/div>\n          <div class=\"partner-card partner-card--olympic\">\n            <img decoding=\"async\" src=\"\/fr\/dakar-2026\/wp-content\/uploads\/2023\/02\/Rang1-PartMond-8-Omega-RVB.png\" alt=\"OMEGA\" \/>\n          <\/div>\n          <div class=\"partner-card partner-card--olympic\">\n            <img decoding=\"async\" style=\"width:75px\" src=\"\/fr\/dakar-2026\/wp-content\/uploads\/2024\/07\/PG_Logo_Blue_Legal-RGB-for-digital-scaled.png\" alt=\"P&amp;G\" \/>\n          <\/div>\n          <div class=\"partner-card partner-card--olympic\">\n            <img decoding=\"async\" src=\"\/fr\/dakar-2026\/wp-content\/uploads\/2023\/02\/Rang1-PartMond-11-Samsung-RVB.png\" alt=\"Samsung\" \/>\n          <\/div>\n          <div class=\"partner-card partner-card--olympic\">\n            <img decoding=\"async\" src=\"\/fr\/dakar-2026\/wp-content\/uploads\/2024\/07\/tcl-logo.svg\" alt=\"TCL\" \/>\n          <\/div>\n          <div class=\"partner-card partner-card--olympic\">\n            <img decoding=\"async\" src=\"\/fr\/dakar-2026\/wp-content\/uploads\/2023\/02\/Rang1-PartMond-13-Visa-RVB-1.png\" alt=\"Visa\" \/>\n          <\/div>\n        <\/div>\n      <\/div>\n\n      <!-- PARTENAIRES PREMIUM -->\n      <div class=\"partners-group\">\n        <div class=\"partners-group-header\">\n          <h3 class=\"partners-title\">Premium Partners<\/h3>\n          <div class=\"partners-group-line\"><\/div>\n        <\/div>\n\n        <div class=\"partners-row-center\">\n          <div class=\"partner-card partner-card--premium\">\n            <img decoding=\"async\" src=\"\/fr\/dakar-2026\/wp-content\/uploads\/2024\/07\/image002.png\" alt=\"Sonatel\" \/>\n          <\/div>\n        <\/div>\n      <\/div>\n\n      <!-- PARTENAIRES OFFICIELS -->\n      <div class=\"partners-group\">\n        <div class=\"partners-group-header\">\n          <h3 class=\"partners-title\">Official Partners<\/h3>\n          <div class=\"partners-group-line\"><\/div>\n        <\/div>\n\n        <div class=\"partners-row-center\">\n          <div class=\"partner-card partner-card--official\">\n            <img decoding=\"async\" src=\"\/fr\/dakar-2026\/wp-content\/uploads\/2024\/07\/Capture-de%CC%81cran-2025-10-24-a%CC%80-17.18.42.png\" alt=\"Air S\u00e9n\u00e9gal\" \/>\n          <\/div>\n          <div class=\"partner-card partner-card--official\">\n            <img decoding=\"async\" src=\"\/fr\/dakar-2026\/wp-content\/uploads\/2024\/07\/Logo-SOCOCIM-HD_Vecteur.png\" alt=\"SOCOCIM\" \/>\n          <\/div>\n          <div class=\"partner-card partner-card--official\">\n            <img decoding=\"async\" src=\"\/fr\/dakar-2026\/wp-content\/uploads\/2026\/03\/Logo-PAD-delinaison_Plan-de-travail-1-1-scaled.png\" alt=\"PAD\" \/>\n          <\/div>\n             <div class=\"partner-card partner-card--official\">\n            <img decoding=\"async\" src=\"\/fr\/dakar-2026\/wp-content\/uploads\/2026\/04\/logo-fbn-scaled.jpg\" alt=\"PAD\" \/>\n          <\/div>\n        <\/div>\n      <\/div>\n\n      <!-- SUPPORTERS -->\n      <div class=\"partners-group\">\n        <div class=\"partners-group-header\">\n          <h3 class=\"partners-title\">SUPPORTERS<\/h3>\n          <div class=\"partners-group-line\"><\/div>\n        <\/div>\n\n        <div class=\"partners-row-center\">\n          <div class=\"partner-card partner-card--supporter\">\n            <img decoding=\"async\" src=\"\/fr\/dakar-2026\/wp-content\/uploads\/2026\/03\/GMD.png\" alt=\"Supporter\" \/>\n          <\/div>\n        <\/div>\n      <\/div>\n    <\/div>\n  <\/div>\n<\/section>\n\n<style>\n  .partners-section {\n    padding: 5rem 1.5rem;\n    background: linear-gradient(to bottom, #ffffff, #f9fafb);\n    font-family: newfont;\n  }\n\n  @media (min-width: 1024px) {\n    .partners-section {\n      padding: 8rem 3rem;\n    }\n  }\n\n  .partners-container {\n    max-width: 1400px;\n    margin: 0 auto;\n  }\n\n  .partners-header {\n    text-align: center;\n    margin-bottom: 4rem;\n  }\n\n  .partners-title {\n    margin: 0 0 0.75rem;\n    font-size: clamp(3.4rem, 3vw, 2.6rem);\n    font-family: olympic police;\n    color: #000;\n  }\n\n  .partners-subtitle {\n    margin: 0 auto;\n    max-width: 32rem;\n    font-size: 1.1rem;\n    color: #4b5563;\n  }\n\n  .partners-groups {\n    display: flex;\n    flex-direction: column;\n    gap: 4rem;\n  }\n\n  .partners-group-header {\n    text-align: center;\n    margin-bottom: 2.5rem;\n  }\n\n  .partners-group-label {\n    margin: 0 0 0.75rem;\n    font-size: 0.75rem;\n    text-transform: uppercase;\n    letter-spacing: 0.2em;\n    color: #111827;\n  }\n\n  .partners-group-line {\n    width: 6rem;\n    height: 1px;\n    margin: 0 auto;\n    background: #d1d5db;\n  }\n\n  .partner-card {\n    display: flex;\n    align-items: center;\n    justify-content: center;\n    padding: 1.75rem;\n    background: #ffffff;\n    border-radius: 0.9rem;\n    border: 1px solid #e5e7eb;\n    box-shadow: 0 4px 18px rgba(15, 23, 42, 0.04);\n    transition:\n      transform 0.2s ease,\n      box-shadow 0.2s ease,\n      border-color 0.2s ease;\n  }\n\n  .partner-card:hover {\n    transform: translateY(-4px);\n    box-shadow: 0 18px 40px rgba(15, 23, 42, 0.16);\n    border-color: #e5e7eb;\n  }\n\n  .partner-card img {\n    display: block;\n    width: auto;\n  }\n\n  .partner-card--olympic img {\n    max-height: 100px;\n  }\n\n  .partner-card--premium img {\n    max-height: 20px;\n  }\n\n  .partner-card--official img {\n    max-height: 24px;\n  }\n\n  .partner-card--supporter img {\n    max-height: 28px;\n  }\n\n  .partners-grid {\n    display: grid;\n    gap: 1.5rem;\n  }\n\n  .partners-grid--olympic {\n    grid-template-columns: repeat(2, minmax(0, 1fr));\n  }\n\n  @media (min-width: 768px) {\n    .partners-grid--olympic {\n      grid-template-columns: repeat(3, minmax(0, 1fr));\n    }\n  }\n\n  @media (min-width: 1024px) {\n    .partners-grid--olympic {\n      grid-template-columns: repeat(5, minmax(0, 1fr));\n    }\n  }\n\n  .partners-row-center {\n    display: flex;\n    flex-wrap: wrap;\n    justify-content: center;\n    gap: 1.5rem;\n  }\n\n  .partners-row-center .partner-card {\n    width: 100%;\n    max-width: 220px;\n  }\n\n  @media (max-width: 767px) {\n    .partners-section {\n      padding-inline: 1rem;\n    }\n\n    .partner-card {\n      padding: 1.4rem;\n    }\n  }\n<\/style>\t\t\t\t<\/div>\n\t\t\t\t<\/div>\n\t\t\t\t\t<\/div>\n\t\t<\/div>\n\t\t\t\t\t<\/div>\n\t\t<\/section>\n\t\t\t\t<\/div>\n\t\t<\/div>\n\t\t\t\t\t\t<\/div>\n\t\t\t\t<\/div>\n\t\t\t\t\t<\/div>\n\t\t<\/div>\n\t\t\t\t\t<\/div>\n\t\t<\/section>\n\t\t\t\t<\/div>","protected":false},"excerpt":{"rendered":"<p>KIDS OLYMPiCS SKiLLS DESCRIPTIF \u00ab Kids Olympic Skills \u00bb est une activit\u00e9 visant \u00e0 promouvoir une s\u00e9rie de sports aupr\u00e8s des jeunes du S\u00e9n\u00e9gal. Les jeunes sont issus de diff\u00e9rentes zones g\u00e9ographiques. Le but \u00e9tant de leur pr\u00e9senter les sports les plus pertinents en fonction de leur environnement \u00e9conomique et social. OBJECTIF L\u2019objectif du \u00ab [&hellip;]<\/p>\n","protected":false},"author":1,"featured_media":0,"parent":0,"menu_order":0,"comment_status":"closed","ping_status":"closed","template":"elementor_header_footer","meta":{"_acf_changed":false,"footnotes":""},"class_list":["post-3112","page","type-page","status-publish","hentry"],"acf":[],"_links":{"self":[{"href":"\/fr\/dakar-2026\/en\/wp-json\/wp\/v2\/pages\/3112","targetHints":{"allow":["GET"]}}],"collection":[{"href":"\/fr\/dakar-2026\/en\/wp-json\/wp\/v2\/pages"}],"about":[{"href":"\/fr\/dakar-2026\/en\/wp-json\/wp\/v2\/types\/page"}],"author":[{"embeddable":true,"href":"\/fr\/dakar-2026\/en\/wp-json\/wp\/v2\/users\/1"}],"replies":[{"embeddable":true,"href":"\/fr\/dakar-2026\/en\/wp-json\/wp\/v2\/comments?post=3112"}],"version-history":[{"count":25,"href":"\/fr\/dakar-2026\/en\/wp-json\/wp\/v2\/pages\/3112\/revisions"}],"predecessor-version":[{"id":76276,"href":"\/fr\/dakar-2026\/en\/wp-json\/wp\/v2\/pages\/3112\/revisions\/76276"}],"wp:attachment":[{"href":"\/fr\/dakar-2026\/en\/wp-json\/wp\/v2\/media?parent=3112"}],"curies":[{"name":"wp","href":"https:\/\/api.w.org\/{rel}","templated":true}]}}