{"id":3100,"date":"2024-08-20T12:00:09","date_gmt":"2024-08-20T12:00:09","guid":{"rendered":"https:\/\/digitalsmartlab.tech\/fr\/dakar-2026\/?page_id=3100"},"modified":"2026-02-09T18:20:18","modified_gmt":"2026-02-09T18:20:18","slug":"24h-du-sport-feminin","status":"publish","type":"page","link":"\/fr\/dakar-2026\/en\/24h-of-womens-sport\/","title":{"rendered":"24 HOURS OF WOMEN&#039;S SPORT"},"content":{"rendered":"<div data-elementor-type=\"wp-page\" data-elementor-id=\"3100\" class=\"elementor elementor-3100\" data-elementor-post-type=\"page\">\n\t\t\t\t\t\t<section class=\"elementor-section elementor-top-section elementor-element elementor-element-7b27be9 elementor-section-boxed elementor-section-height-default elementor-section-height-default\" data-id=\"7b27be9\" data-element_type=\"section\" data-e-type=\"section\">\n\t\t\t\t\t\t<div class=\"elementor-container elementor-column-gap-default\">\n\t\t\t\t\t<div class=\"elementor-column elementor-col-100 elementor-top-column elementor-element elementor-element-d57c002\" data-id=\"d57c002\" data-element_type=\"column\" data-e-type=\"column\">\n\t\t\t<div class=\"elementor-widget-wrap elementor-element-populated\">\n\t\t\t\t\t\t<div class=\"elementor-element elementor-element-0d1ca14 elementor-widget elementor-widget-spacer\" data-id=\"0d1ca14\" data-element_type=\"widget\" data-e-type=\"widget\" data-widget_type=\"spacer.default\">\n\t\t\t\t<div class=\"elementor-widget-container\">\n\t\t\t\t\t\t\t<div class=\"elementor-spacer\">\n\t\t\t<div class=\"elementor-spacer-inner\"><\/div>\n\t\t<\/div>\n\t\t\t\t\t\t<\/div>\n\t\t\t\t<\/div>\n\t\t\t\t<div class=\"elementor-element elementor-element-5e35bd0 elementor-widget elementor-widget-heading\" data-id=\"5e35bd0\" data-element_type=\"widget\" data-e-type=\"widget\" data-widget_type=\"heading.default\">\n\t\t\t\t<div class=\"elementor-widget-container\">\n\t\t\t\t\t<h2 class=\"elementor-heading-title elementor-size-default\">24 HOURS OF WOMEN&#039;S SPORT<\/h2>\t\t\t\t<\/div>\n\t\t\t\t<\/div>\n\t\t\t\t\t<\/div>\n\t\t<\/div>\n\t\t\t\t\t<\/div>\n\t\t<\/section>\n\t\t\t\t<section class=\"elementor-section elementor-inner-section elementor-element elementor-element-ef0b543 elementor-section-boxed elementor-section-height-default elementor-section-height-default\" data-id=\"ef0b543\" data-element_type=\"section\" data-e-type=\"section\">\n\t\t\t\t\t\t<div class=\"elementor-container elementor-column-gap-default\">\n\t\t\t\t\t<div class=\"elementor-column elementor-col-50 elementor-inner-column elementor-element elementor-element-2a2db3d\" data-id=\"2a2db3d\" data-element_type=\"column\" data-e-type=\"column\">\n\t\t\t<div class=\"elementor-widget-wrap elementor-element-populated\">\n\t\t\t\t\t\t<div class=\"elementor-element elementor-element-bfcdb6f elementor-widget elementor-widget-heading\" data-id=\"bfcdb6f\" data-element_type=\"widget\" data-e-type=\"widget\" data-widget_type=\"heading.default\">\n\t\t\t\t<div class=\"elementor-widget-container\">\n\t\t\t\t\t<h2 class=\"elementor-heading-title elementor-size-default\">DESCRIPTION<\/h2>\t\t\t\t<\/div>\n\t\t\t\t<\/div>\n\t\t\t\t<div class=\"elementor-element elementor-element-17c7090 elementor-widget elementor-widget-text-editor\" data-id=\"17c7090\" data-element_type=\"widget\" data-e-type=\"widget\" data-widget_type=\"text-editor.default\">\n\t\t\t\t<div class=\"elementor-widget-container\">\n\t\t\t\t\t\t\t\t\t<p>A day dedicated to the promotion of women&#039;s sport, with events and activities\nfocusing on health and women&#039;s sporting activities, etc.<br \/>etc.<\/p>\t\t\t\t\t\t\t\t<\/div>\n\t\t\t\t<\/div>\n\t\t\t\t<div class=\"elementor-element elementor-element-5df703e elementor-widget elementor-widget-heading\" data-id=\"5df703e\" data-element_type=\"widget\" data-e-type=\"widget\" data-widget_type=\"heading.default\">\n\t\t\t\t<div class=\"elementor-widget-container\">\n\t\t\t\t\t<h2 class=\"elementor-heading-title elementor-size-default\">OBJECTIVE<\/h2>\t\t\t\t<\/div>\n\t\t\t\t<\/div>\n\t\t\t\t<div class=\"elementor-element elementor-element-eca3194 elementor-widget elementor-widget-text-editor\" data-id=\"eca3194\" data-element_type=\"widget\" data-e-type=\"widget\" data-widget_type=\"text-editor.default\">\n\t\t\t\t<div class=\"elementor-widget-container\">\n\t\t\t\t\t\t\t\t\t<p>To promote women&#039;s sport<\/p>\t\t\t\t\t\t\t\t<\/div>\n\t\t\t\t<\/div>\n\t\t\t\t<div class=\"elementor-element elementor-element-9f6f325 elementor-widget elementor-widget-heading\" data-id=\"9f6f325\" data-element_type=\"widget\" data-e-type=\"widget\" data-widget_type=\"heading.default\">\n\t\t\t\t<div class=\"elementor-widget-container\">\n\t\t\t\t\t<h2 class=\"elementor-heading-title elementor-size-default\">TARGETS<\/h2>\t\t\t\t<\/div>\n\t\t\t\t<\/div>\n\t\t\t\t<div class=\"elementor-element elementor-element-4d22867 elementor-widget elementor-widget-text-editor\" data-id=\"4d22867\" data-element_type=\"widget\" data-e-type=\"widget\" data-widget_type=\"text-editor.default\">\n\t\t\t\t<div class=\"elementor-widget-container\">\n\t\t\t\t\t\t\t\t\t<p>\u2022 Federations<br \/>\u2022 Students<br \/>\u2022 ANOS (Senegal National Olympic Academy) members<\/p>\t\t\t\t\t\t\t\t<\/div>\n\t\t\t\t<\/div>\n\t\t\t\t<div class=\"elementor-element elementor-element-dd546c1 elementor-widget elementor-widget-heading\" data-id=\"dd546c1\" data-element_type=\"widget\" data-e-type=\"widget\" data-widget_type=\"heading.default\">\n\t\t\t\t<div class=\"elementor-widget-container\">\n\t\t\t\t\t<h2 class=\"elementor-heading-title elementor-size-default\">IMPLEMENTATION<\/h2>\t\t\t\t<\/div>\n\t\t\t\t<\/div>\n\t\t\t\t<div class=\"elementor-element elementor-element-489c91b elementor-widget elementor-widget-text-editor\" data-id=\"489c91b\" data-element_type=\"widget\" data-e-type=\"widget\" data-widget_type=\"text-editor.default\">\n\t\t\t\t<div class=\"elementor-widget-container\">\n\t\t\t\t\t\t\t\t\t<p>Demonstration of disciplines that are not widely practised by women:<br \/>\u2022 Raise women&#039;s awareness of sport as a vehicle for peace and development<br \/>\u2022 Enable women to discover one or two sports<br \/>\u2022 Communicate about parity at the Dakar 2026 YOG<br \/>\u2022 Strive to support equal opportunities for women in sport.<\/p>\t\t\t\t\t\t\t\t<\/div>\n\t\t\t\t<\/div>\n\t\t\t\t<div class=\"elementor-element elementor-element-7b69f1d elementor-widget elementor-widget-heading\" data-id=\"7b69f1d\" data-element_type=\"widget\" data-e-type=\"widget\" data-widget_type=\"heading.default\">\n\t\t\t\t<div class=\"elementor-widget-container\">\n\t\t\t\t\t<h2 class=\"elementor-heading-title elementor-size-default\">IMPACT<\/h2>\t\t\t\t<\/div>\n\t\t\t\t<\/div>\n\t\t\t\t<div class=\"elementor-element elementor-element-592090d elementor-widget elementor-widget-text-editor\" data-id=\"592090d\" data-element_type=\"widget\" data-e-type=\"widget\" data-widget_type=\"text-editor.default\">\n\t\t\t\t<div class=\"elementor-widget-container\">\n\t\t\t\t\t\t\t\t\t<p>\u2022 400 girls and women will be taught about the  Olympic values and will act as relays in\ntheir schools.<br \/>\u2022 187 female practitioners will share the benefits of their sport<br \/>\u2022 A plea has been made for girls and women to take part in sport to a greater extent.<\/p>\t\t\t\t\t\t\t\t<\/div>\n\t\t\t\t<\/div>\n\t\t\t\t\t<\/div>\n\t\t<\/div>\n\t\t\t\t<div class=\"elementor-column elementor-col-50 elementor-inner-column elementor-element elementor-element-9df2c37\" data-id=\"9df2c37\" data-element_type=\"column\" data-e-type=\"column\">\n\t\t\t<div class=\"elementor-widget-wrap elementor-element-populated\">\n\t\t\t\t\t\t<div class=\"elementor-element elementor-element-9a7d0ab angled-image e-transform elementor-invisible elementor-widget elementor-widget-image\" data-id=\"9a7d0ab\" data-element_type=\"widget\" data-e-type=\"widget\" data-settings=\"{&quot;_animation&quot;:&quot;fadeInRight&quot;,&quot;_transform_scale_effect_hover&quot;:{&quot;unit&quot;:&quot;px&quot;,&quot;size&quot;:1.1,&quot;sizes&quot;:[]},&quot;_transform_scale_effect_hover_tablet&quot;:{&quot;unit&quot;:&quot;px&quot;,&quot;size&quot;:&quot;&quot;,&quot;sizes&quot;:[]},&quot;_transform_scale_effect_hover_mobile&quot;:{&quot;unit&quot;:&quot;px&quot;,&quot;size&quot;:&quot;&quot;,&quot;sizes&quot;:[]}}\" data-widget_type=\"image.default\">\n\t\t\t\t<div class=\"elementor-widget-container\">\n\t\t\t\t\t\t\t\t\t\t\t\t\t\t\t<img fetchpriority=\"high\" decoding=\"async\" width=\"800\" height=\"534\" src=\"https:\/\/digitalsmartlab.tech\/fr\/dakar-2026\/wp-content\/uploads\/2026\/02\/JUL08360-copie-1024x683.jpg\" class=\"attachment-large size-large wp-image-76148\" alt=\"\" srcset=\"https:\/\/digitalsmartlab.tech\/fr\/dakar-2026\/wp-content\/uploads\/2026\/02\/JUL08360-copie-1024x683.jpg 1024w, https:\/\/digitalsmartlab.tech\/fr\/dakar-2026\/wp-content\/uploads\/2026\/02\/JUL08360-copie-300x200.jpg 300w, https:\/\/digitalsmartlab.tech\/fr\/dakar-2026\/wp-content\/uploads\/2026\/02\/JUL08360-copie-768x512.jpg 768w, https:\/\/digitalsmartlab.tech\/fr\/dakar-2026\/wp-content\/uploads\/2026\/02\/JUL08360-copie-1536x1024.jpg 1536w, https:\/\/digitalsmartlab.tech\/fr\/dakar-2026\/wp-content\/uploads\/2026\/02\/JUL08360-copie-2048x1365.jpg 2048w, https:\/\/digitalsmartlab.tech\/fr\/dakar-2026\/wp-content\/uploads\/2026\/02\/JUL08360-copie-18x12.jpg 18w\" sizes=\"(max-width: 800px) 100vw, 800px\" \/>\t\t\t\t\t\t\t\t\t\t\t\t\t\t\t<\/div>\n\t\t\t\t<\/div>\n\t\t\t\t<div class=\"elementor-element elementor-element-7a1ea13 elementor-widget elementor-widget-image\" data-id=\"7a1ea13\" data-element_type=\"widget\" data-e-type=\"widget\" data-widget_type=\"image.default\">\n\t\t\t\t<div class=\"elementor-widget-container\">\n\t\t\t\t\t\t\t\t\t\t\t\t\t\t\t<img decoding=\"async\" width=\"250\" height=\"162\" src=\"https:\/\/digitalsmartlab.tech\/fr\/dakar-2026\/wp-content\/uploads\/2024\/08\/Capture-de\u0301cran-2024-08-20-a\u0300-12.03.07.png\" class=\"attachment-large size-large wp-image-3103\" alt=\"\" \/>\t\t\t\t\t\t\t\t\t\t\t\t\t\t\t<\/div>\n\t\t\t\t<\/div>\n\t\t\t\t\t<\/div>\n\t\t<\/div>\n\t\t\t\t\t<\/div>\n\t\t<\/section>\n\t\t\t\t<\/div>","protected":false},"excerpt":{"rendered":"<p>24H DU SPORT F\u00c9MININ DESCRIPTIF Journ\u00e9e de promotion du sport f\u00e9minin avec des animations et activit\u00e9s autour de la sant\u00e9, de la pratique sportive des femmes,etc. OBJECTIF Promouvoir la pratique du sport f\u00e9minin CIBLES \u2022 Les F\u00e9d\u00e9rations\u2022 Les \u00e9l\u00e8ves\u2022 Les membres de l&rsquo;ANOS (Acad\u00e9mie Nationale Olympique du S\u00e9n\u00e9gal) IMPL\u00c9MENTATION Faire des D\u00e9monstrations en vue des [&hellip;]<\/p>\n","protected":false},"author":1,"featured_media":0,"parent":0,"menu_order":0,"comment_status":"closed","ping_status":"closed","template":"elementor_header_footer","meta":{"_acf_changed":false,"footnotes":""},"class_list":["post-3100","page","type-page","status-publish","hentry"],"acf":[],"_links":{"self":[{"href":"\/fr\/dakar-2026\/en\/wp-json\/wp\/v2\/pages\/3100","targetHints":{"allow":["GET"]}}],"collection":[{"href":"\/fr\/dakar-2026\/en\/wp-json\/wp\/v2\/pages"}],"about":[{"href":"\/fr\/dakar-2026\/en\/wp-json\/wp\/v2\/types\/page"}],"author":[{"embeddable":true,"href":"\/fr\/dakar-2026\/en\/wp-json\/wp\/v2\/users\/1"}],"replies":[{"embeddable":true,"href":"\/fr\/dakar-2026\/en\/wp-json\/wp\/v2\/comments?post=3100"}],"version-history":[{"count":16,"href":"\/fr\/dakar-2026\/en\/wp-json\/wp\/v2\/pages\/3100\/revisions"}],"predecessor-version":[{"id":76264,"href":"\/fr\/dakar-2026\/en\/wp-json\/wp\/v2\/pages\/3100\/revisions\/76264"}],"wp:attachment":[{"href":"\/fr\/dakar-2026\/en\/wp-json\/wp\/v2\/media?parent=3100"}],"curies":[{"name":"wp","href":"https:\/\/api.w.org\/{rel}","templated":true}]}}