{"id":25254,"date":"2025-03-11T21:11:06","date_gmt":"2025-03-11T21:11:06","guid":{"rendered":"https:\/\/digitalsmartlab.tech\/fr\/dakar-2026\/?page_id=25254"},"modified":"2025-03-14T12:44:32","modified_gmt":"2025-03-14T12:44:32","slug":"licensing","status":"publish","type":"page","link":"\/fr\/dakar-2026\/en\/licensing\/","title":{"rendered":"Licensing"},"content":{"rendered":"<div data-elementor-type=\"wp-page\" data-elementor-id=\"25254\" class=\"elementor elementor-25254\" data-elementor-post-type=\"page\">\n\t\t\t\t\t\t<section class=\"elementor-section elementor-top-section elementor-element elementor-element-8e4af3c elementor-section-boxed elementor-section-height-default elementor-section-height-default\" data-id=\"8e4af3c\" data-element_type=\"section\" data-e-type=\"section\">\n\t\t\t\t\t\t<div class=\"elementor-container elementor-column-gap-default\">\n\t\t\t\t\t<div class=\"elementor-column elementor-col-100 elementor-top-column elementor-element elementor-element-b9c78aa\" data-id=\"b9c78aa\" data-element_type=\"column\" data-e-type=\"column\">\n\t\t\t<div class=\"elementor-widget-wrap elementor-element-populated\">\n\t\t\t\t\t\t<div class=\"elementor-element elementor-element-0db1747 elementor-widget elementor-widget-spacer\" data-id=\"0db1747\" data-element_type=\"widget\" data-e-type=\"widget\" data-widget_type=\"spacer.default\">\n\t\t\t\t<div class=\"elementor-widget-container\">\n\t\t\t\t\t\t\t<div class=\"elementor-spacer\">\n\t\t\t<div class=\"elementor-spacer-inner\"><\/div>\n\t\t<\/div>\n\t\t\t\t\t\t<\/div>\n\t\t\t\t<\/div>\n\t\t\t\t<div class=\"elementor-element elementor-element-5faac1d elementor-widget elementor-widget-heading\" data-id=\"5faac1d\" data-element_type=\"widget\" data-e-type=\"widget\" data-widget_type=\"heading.default\">\n\t\t\t\t<div class=\"elementor-widget-container\">\n\t\t\t\t\t<h2 class=\"elementor-heading-title elementor-size-default\">Licensing<\/h2>\t\t\t\t<\/div>\n\t\t\t\t<\/div>\n\t\t\t\t\t<\/div>\n\t\t<\/div>\n\t\t\t\t\t<\/div>\n\t\t<\/section>\n\t\t\t\t<section class=\"elementor-section elementor-top-section elementor-element elementor-element-ce31d93 elementor-section-boxed elementor-section-height-default elementor-section-height-default\" data-id=\"ce31d93\" data-element_type=\"section\" data-e-type=\"section\">\n\t\t\t\t\t\t<div class=\"elementor-container elementor-column-gap-default\">\n\t\t\t\t\t<div class=\"elementor-column elementor-col-100 elementor-top-column elementor-element elementor-element-6cc7cff\" data-id=\"6cc7cff\" data-element_type=\"column\" data-e-type=\"column\">\n\t\t\t<div class=\"elementor-widget-wrap elementor-element-populated\">\n\t\t\t\t\t\t<div class=\"elementor-element elementor-element-544f8b4 elementor-widget elementor-widget-text-editor\" data-id=\"544f8b4\" data-element_type=\"widget\" data-e-type=\"widget\" data-widget_type=\"text-editor.default\">\n\t\t\t\t<div class=\"elementor-widget-container\">\n\t\t\t\t\t\t\t\t\t<p>Le Comit\u00e9 d&rsquo;Organisation des Jeux Olympiques de la Jeunesse Dakar 2026 est ravi de vous inviter \u00e0 manifester votre int\u00e9r\u00eat pour rejoindre cet \u00e9v\u00e9nement historique, qui marquera la premi\u00e8re organisation des Jeux Olympiques sur le continent africain.\u00a0<\/p><p>Nous sommes \u00e0 la recherche d&rsquo;entreprises ambitieuses, innovantes et engag\u00e9es pour participer \u00e0 ce projet exceptionnel en tant que licenci\u00e9s officiels.\u00a0<br \/>L&rsquo;objectif est de constituer un r\u00e9seau de partenaires qui auront l&rsquo;opportunit\u00e9 de produire, promouvoir et vendre des produits et services sous licence officielle, portant les marques embl\u00e9matiques des Jeux Olympiques de la Jeunesse Dakar 2026.<\/p><p>En devenant licenci\u00e9, vous contribuerez \u00e0 offrir aux fans du monde entier une exp\u00e9rience unique, \u00e0 travers des produits innovants, durables et m\u00e9morables, qui c\u00e9l\u00e9breront l&rsquo;esprit sportif et la jeunesse. Ces produits et services laisseront un h\u00e9ritage durable, bien au-del\u00e0 de la cl\u00f4ture des Jeux.\u00a0<\/p><p><a href=\"https:\/\/forms.office.com\/r\/i8qHyyxhjg?origin=lprLink\">Acc\u00e9der au formulaire de manifestation d\u2019int\u00e9r\u00eat pour \u00eatre licenci\u00e9<\/a><\/p><p><a href=\"\/fr\/dakar-2026\/wp-content\/uploads\/2025\/03\/Autorisation-donne\u0301es-Licensing.pdf\">Acc\u00e9der \u00e0 la politique de confidentialit\u00e9<\/a><\/p>\t\t\t\t\t\t\t\t<\/div>\n\t\t\t\t<\/div>\n\t\t\t\t\t<\/div>\n\t\t<\/div>\n\t\t\t\t\t<\/div>\n\t\t<\/section>\n\t\t\t\t<\/div>","protected":false},"excerpt":{"rendered":"<p>Licensing Le Comit\u00e9 d&rsquo;Organisation des Jeux Olympiques de la Jeunesse Dakar 2026 est ravi de vous inviter \u00e0 manifester votre int\u00e9r\u00eat pour rejoindre cet \u00e9v\u00e9nement historique, qui marquera la premi\u00e8re organisation des Jeux Olympiques sur le continent africain.\u00a0 Nous sommes \u00e0 la recherche d&rsquo;entreprises ambitieuses, innovantes et engag\u00e9es pour participer \u00e0 ce projet exceptionnel en [&hellip;]<\/p>\n","protected":false},"author":1,"featured_media":0,"parent":0,"menu_order":0,"comment_status":"closed","ping_status":"closed","template":"elementor_header_footer","meta":{"_acf_changed":false,"footnotes":""},"class_list":["post-25254","page","type-page","status-publish","hentry"],"acf":[],"_links":{"self":[{"href":"\/fr\/dakar-2026\/en\/wp-json\/wp\/v2\/pages\/25254","targetHints":{"allow":["GET"]}}],"collection":[{"href":"\/fr\/dakar-2026\/en\/wp-json\/wp\/v2\/pages"}],"about":[{"href":"\/fr\/dakar-2026\/en\/wp-json\/wp\/v2\/types\/page"}],"author":[{"embeddable":true,"href":"\/fr\/dakar-2026\/en\/wp-json\/wp\/v2\/users\/1"}],"replies":[{"embeddable":true,"href":"\/fr\/dakar-2026\/en\/wp-json\/wp\/v2\/comments?post=25254"}],"version-history":[{"count":11,"href":"\/fr\/dakar-2026\/en\/wp-json\/wp\/v2\/pages\/25254\/revisions"}],"predecessor-version":[{"id":25535,"href":"\/fr\/dakar-2026\/en\/wp-json\/wp\/v2\/pages\/25254\/revisions\/25535"}],"wp:attachment":[{"href":"\/fr\/dakar-2026\/en\/wp-json\/wp\/v2\/media?parent=25254"}],"curies":[{"name":"wp","href":"https:\/\/api.w.org\/{rel}","templated":true}]}}